{"id":17559,"date":"2025-06-19T09:58:09","date_gmt":"2025-06-19T07:58:09","guid":{"rendered":"https:\/\/lipno.amenity.cz\/?page_id=17559"},"modified":"2025-06-19T09:58:11","modified_gmt":"2025-06-19T07:58:11","slug":"ferienhauser-lipno","status":"publish","type":"page","link":"https:\/\/lipno.amenity.cz\/de\/ferienhauser-lipno\/","title":{"rendered":"Ferienh\u00e4user Lipno"},"content":{"rendered":"<div class=\"wpb-content-wrapper\"><p>[vc_row][vc_column][\/vc_column][\/vc_row][vc_row][vc_column]<div  class=\"empty-space  marg-lg-b35\"><\/div>[vc_separator color=&#8221;custom&#8221; border_width=&#8221;2&#8243; el_width=&#8221;50&#8243; accent_color=&#8221;#c7b39a&#8221;]<div  class=\"main-heading\"><span class=\"subtitle\">Ferienh\u00e4user Lipno<\/span><h2 class=\"title\">G\u00fcnstige Unterkunft in Ferienh\u00e4usern am Lipno<\/h2><\/div><div  class=\"empty-space  marg-lg-b25\"><\/div>[vc_separator color=&#8221;custom&#8221; border_width=&#8221;2&#8243; el_width=&#8221;50&#8243; accent_color=&#8221;#c7b39a&#8221;]<div  class=\"empty-space  marg-lg-b10\"><\/div>[\/vc_column][\/vc_row][vc_row][vc_column width=&#8221;1\/2&#8243;]<div class=\"text-block \" ><div class=\"simple-text \"><p><strong>M\u00f6chten Sie sich in der Natur und an der frischen Luft erholen, Pilze sammeln oder einfach nur ohne Fernseher und WLAN entspannen?<\/strong><\/p>\n<p>Dann besuchen Sie die H\u00fctte in Kobylnice, wo Sie tags\u00fcber die Ruhe und Freiheit mit Ihren Haustieren genie\u00dfen und abends W\u00fcrstchen braten oder grillen k\u00f6nnen. Der Lipno-Stausee ist in Sichtweite und in weniger als zehn Minuten zu Fu\u00df erreichbar. Alle Aktivit\u00e4ten sind in Reichweite, obwohl Sie in einer ruhigen Lage abseits der belebten Promenade und zu g\u00fcnstigeren Preisen untergebracht sind.<\/p>\n<p>Wenn Sie Lust haben, k\u00f6nnen Sie jeden Morgen den H\u00fcgel hinunterlaufen und sich im Grill &amp; Lounge Bar im Amenity Resort Lipno ein Fr\u00fchst\u00fcck kaufen oder in unserer Sporthalle trainieren.<\/p>\n<\/div><\/div><div  class=\"empty-space  marg-lg-b25\"><\/div>[\/vc_column][vc_column width=&#8221;1\/2&#8243;]<div class=\"text-block \" ><div class=\"simple-text \"><p><strong>Die Vierbett-Ferienh\u00e4user sind inmitten der Natur, 700 m vom Ufer des Lipno-Sees entfernt.<\/strong><\/p>\n<p>In dieser Unterkunft k\u00f6nnen Haustiere gegen Aufpreis und nach vorheriger Absprache untergebracht werden.<\/p>\n<p><strong>Ausstattung<\/strong><\/p>\n<ul>\n<li>2 Schlafzimmer (4 feste Betten)<\/li>\n<li>voll ausgestattete K\u00fcchenzeile<\/li>\n<li>Essecke<\/li>\n<li>Badezimmer mit Dusche<\/li>\n<li>separates WC<\/li>\n<li>Sitzgelegenheit im Freien<\/li>\n<\/ul>\n<p><strong>Im Preis<\/strong><\/p>\n<ul>\n<li>1 Vierbett-Ferienhaus<\/li>\n<li>1 Parkplatz (zus\u00e4tzliche Parkpl\u00e4tze gegen Aufpreis)<\/li>\n<\/ul>\n<\/div><\/div>[\/vc_column][\/vc_row][vc_row][vc_column]<div  class=\"empty-space  marg-lg-b25\"><\/div><div class=\"text-block \" ><div class=\"simple-text \"><h3 style=\"text-align: center;\"><\/h3>\n<h3 style=\"text-align: center;\">Ferienh\u00e4user Reservierung<\/h3>\n<p style=\"text-align: center;\">Die Unterbringung in H\u00fctten kann nur telefonisch oder per E-Mail reserviert werden.<\/p>\n<\/div><\/div><div  class=\"empty-space  marg-lg-b25\"><\/div>[\/vc_column][\/vc_row][vc_row][vc_column width=&#8221;1\/4&#8243;][\/vc_column][vc_column width=&#8221;1\/4&#8243;]<div class=\"text-center\"><a  class=\"btn btn--md btn--normal\" href=\"mailto:lipno@amenity.cz\" title=\"+420380731777\" target=\"_blank\">Schreiben Sie uns<\/a><\/div>[\/vc_column][vc_column width=&#8221;1\/4&#8243;]<div class=\"text-center\"><a  class=\"btn btn--md btn--normal\" href=\"tel:+420380731777\" title=\"+420380731777\" target=\"_blank\">Rufen Sie uns an<\/a><\/div>[\/vc_column][vc_column width=&#8221;1\/4&#8243;][\/vc_column][\/vc_row][vc_row][vc_column]<div  class=\"empty-space  marg-lg-b25\"><\/div><div  class=\"empty-space  marg-lg-b25\"><\/div>[\/vc_column][\/vc_row][vc_row][vc_column width=&#8221;1\/3&#8243;][vc_single_image image=&#8221;6202&#8243; img_size=&#8221;full&#8221;][\/vc_column][vc_column width=&#8221;1\/3&#8243;][vc_single_image image=&#8221;6208&#8243; img_size=&#8221;full&#8221;][\/vc_column][vc_column width=&#8221;1\/3&#8243;][vc_single_image image=&#8221;6205&#8243; img_size=&#8221;full&#8221;][\/vc_column][\/vc_row][vc_row][vc_column width=&#8221;1\/3&#8243;][vc_single_image image=&#8221;6189&#8243; img_size=&#8221;full&#8221;][\/vc_column][vc_column width=&#8221;1\/3&#8243;][vc_single_image image=&#8221;6186&#8243; img_size=&#8221;full&#8221;][\/vc_column][vc_column width=&#8221;1\/3&#8243;][vc_single_image image=&#8221;6192&#8243; img_size=&#8221;full&#8221;][\/vc_column][\/vc_row][vc_row][vc_column]<div  class=\"empty-space  marg-lg-b25\"><\/div>[\/vc_column][\/vc_row]<\/p>\n<\/div>","protected":false},"excerpt":{"rendered":"<p>[vc_row][vc_column][\/vc_column][\/vc_row][vc_row][vc_column][vc_separator color=&#8221;custom&#8221; border_width=&#8221;2&#8243; el_width=&#8221;50&#8243; accent_color=&#8221;#c7b39a&#8221;][vc_separator color=&#8221;custom&#8221; border_width=&#8221;2&#8243; el_width=&#8221;50&#8243; accent_color=&#8221;#c7b39a&#8221;][\/vc_column][\/vc_row][vc_row][vc_column width=&#8221;1\/2&#8243;][\/vc_column][vc_column width=&#8221;1\/2&#8243;][\/vc_column][\/vc_row][vc_row][vc_column][\/vc_column][\/vc_row][vc_row][vc_column width=&#8221;1\/4&#8243;][\/vc_column][vc_column width=&#8221;1\/4&#8243;][\/vc_column][vc_column width=&#8221;1\/4&#8243;][\/vc_column][vc_column width=&#8221;1\/4&#8243;][\/vc_column][\/vc_row][vc_row][vc_column][\/vc_column][\/vc_row][vc_row][vc_column width=&#8221;1\/3&#8243;][vc_single_image image=&#8221;6202&#8243; img_size=&#8221;full&#8221;][\/vc_column][vc_column width=&#8221;1\/3&#8243;][vc_single_image image=&#8221;6208&#8243; img_size=&#8221;full&#8221;][\/vc_column][vc_column width=&#8221;1\/3&#8243;][vc_single_image image=&#8221;6205&#8243; img_size=&#8221;full&#8221;][\/vc_column][\/vc_row][vc_row][vc_column width=&#8221;1\/3&#8243;][vc_single_image image=&#8221;6189&#8243; img_size=&#8221;full&#8221;][\/vc_column][vc_column width=&#8221;1\/3&#8243;][vc_single_image image=&#8221;6186&#8243; img_size=&#8221;full&#8221;][\/vc_column][vc_column<\/p>\n","protected":false},"author":3,"featured_media":0,"parent":0,"menu_order":0,"comment_status":"closed","ping_status":"closed","template":"","meta":{"footnotes":""},"class_list":["post-17559","page","type-page","status-publish","hentry"],"yoast_head":"<!-- This site is optimized with the Yoast SEO Premium plugin v27.3 (Yoast SEO v27.3) - https:\/\/yoast.com\/product\/yoast-seo-premium-wordpress\/ -->\n<title>Ferienh\u00e4user Lipno - Amenity Hotel &amp; Resort Lipno<\/title>\n<meta name=\"description\" content=\"Die Vierbett-Ferienh\u00e4user sind inmitten der Natur, 700 m vom Ufer des Lipno-Sees entfernt.\" \/>\n<meta name=\"robots\" content=\"index, follow, max-snippet:-1, max-image-preview:large, max-video-preview:-1\" \/>\n<link rel=\"canonical\" href=\"https:\/\/lipno.amenity.cz\/de\/ferienhauser-lipno\/\" \/>\n<meta property=\"og:locale\" content=\"de_DE\" \/>\n<meta property=\"og:type\" content=\"article\" \/>\n<meta property=\"og:title\" content=\"Ferienh\u00e4user Lipno\" \/>\n<meta property=\"og:description\" content=\"Die Vierbett-Ferienh\u00e4user sind inmitten der Natur, 700 m vom Ufer des Lipno-Sees entfernt.\" \/>\n<meta property=\"og:url\" content=\"https:\/\/lipno.amenity.cz\/de\/ferienhauser-lipno\/\" \/>\n<meta property=\"og:site_name\" content=\"Amenity Hotel &amp; Resort Lipno\" \/>\n<meta property=\"article:publisher\" content=\"https:\/\/www.facebook.com\/amenityresorts\/\" \/>\n<meta property=\"article:modified_time\" content=\"2025-06-19T07:58:11+00:00\" \/>\n<meta name=\"twitter:card\" content=\"summary_large_image\" \/>\n<meta name=\"twitter:label1\" content=\"Gesch\u00e4tzte Lesezeit\" \/>\n\t<meta name=\"twitter:data1\" content=\"3\u00a0Minuten\" \/>\n<script type=\"application\/ld+json\" class=\"yoast-schema-graph\">{\"@context\":\"https:\\\/\\\/schema.org\",\"@graph\":[{\"@type\":\"WebPage\",\"@id\":\"https:\\\/\\\/lipno.amenity.cz\\\/de\\\/ferienhauser-lipno\\\/\",\"url\":\"https:\\\/\\\/lipno.amenity.cz\\\/de\\\/ferienhauser-lipno\\\/\",\"name\":\"Ferienh\u00e4user Lipno - Amenity Hotel &amp; Resort Lipno\",\"isPartOf\":{\"@id\":\"https:\\\/\\\/lipno.amenity.cz\\\/de\\\/#website\"},\"datePublished\":\"2025-06-19T07:58:09+00:00\",\"dateModified\":\"2025-06-19T07:58:11+00:00\",\"description\":\"Die Vierbett-Ferienh\u00e4user sind inmitten der Natur, 700 m vom Ufer des Lipno-Sees entfernt.\",\"breadcrumb\":{\"@id\":\"https:\\\/\\\/lipno.amenity.cz\\\/de\\\/ferienhauser-lipno\\\/#breadcrumb\"},\"inLanguage\":\"de\",\"potentialAction\":[{\"@type\":\"ReadAction\",\"target\":[\"https:\\\/\\\/lipno.amenity.cz\\\/de\\\/ferienhauser-lipno\\\/\"]}]},{\"@type\":\"BreadcrumbList\",\"@id\":\"https:\\\/\\\/lipno.amenity.cz\\\/de\\\/ferienhauser-lipno\\\/#breadcrumb\",\"itemListElement\":[{\"@type\":\"ListItem\",\"position\":1,\"name\":\"Dom\u016f\",\"item\":\"https:\\\/\\\/lipno.amenity.cz\\\/de\\\/\"},{\"@type\":\"ListItem\",\"position\":2,\"name\":\"Ferienh\u00e4user Lipno\"}]},{\"@type\":\"WebSite\",\"@id\":\"https:\\\/\\\/lipno.amenity.cz\\\/de\\\/#website\",\"url\":\"https:\\\/\\\/lipno.amenity.cz\\\/de\\\/\",\"name\":\"Amenity Lipno\",\"description\":\"\",\"publisher\":{\"@id\":\"https:\\\/\\\/lipno.amenity.cz\\\/de\\\/#organization\"},\"potentialAction\":[{\"@type\":\"SearchAction\",\"target\":{\"@type\":\"EntryPoint\",\"urlTemplate\":\"https:\\\/\\\/lipno.amenity.cz\\\/de\\\/?s={search_term_string}\"},\"query-input\":{\"@type\":\"PropertyValueSpecification\",\"valueRequired\":true,\"valueName\":\"search_term_string\"}}],\"inLanguage\":\"de\"},{\"@type\":\"Organization\",\"@id\":\"https:\\\/\\\/lipno.amenity.cz\\\/de\\\/#organization\",\"name\":\"Amenity Resort Lipno\",\"url\":\"https:\\\/\\\/lipno.amenity.cz\\\/de\\\/\",\"logo\":{\"@type\":\"ImageObject\",\"inLanguage\":\"de\",\"@id\":\"https:\\\/\\\/lipno.amenity.cz\\\/de\\\/#\\\/schema\\\/logo\\\/image\\\/\",\"url\":\"http:\\\/\\\/lipno.amenity.cz\\\/wp-content\\\/uploads\\\/sites\\\/3\\\/2020\\\/10\\\/logo-amenity-resort-lipno.svg\",\"contentUrl\":\"http:\\\/\\\/lipno.amenity.cz\\\/wp-content\\\/uploads\\\/sites\\\/3\\\/2020\\\/10\\\/logo-amenity-resort-lipno.svg\",\"width\":689,\"height\":50,\"caption\":\"Amenity Resort Lipno\"},\"image\":{\"@id\":\"https:\\\/\\\/lipno.amenity.cz\\\/de\\\/#\\\/schema\\\/logo\\\/image\\\/\"},\"sameAs\":[\"https:\\\/\\\/www.facebook.com\\\/amenityresorts\\\/\",\"https:\\\/\\\/www.youtube.com\\\/channel\\\/UCVY-yFoyFBR8H0hC1euh7Sw\"]}]}<\/script>\n<!-- \/ Yoast SEO Premium plugin. -->","yoast_head_json":{"title":"Ferienh\u00e4user Lipno - Amenity Hotel &amp; Resort Lipno","description":"Die Vierbett-Ferienh\u00e4user sind inmitten der Natur, 700 m vom Ufer des Lipno-Sees entfernt.","robots":{"index":"index","follow":"follow","max-snippet":"max-snippet:-1","max-image-preview":"max-image-preview:large","max-video-preview":"max-video-preview:-1"},"canonical":"https:\/\/lipno.amenity.cz\/de\/ferienhauser-lipno\/","og_locale":"de_DE","og_type":"article","og_title":"Ferienh\u00e4user Lipno","og_description":"Die Vierbett-Ferienh\u00e4user sind inmitten der Natur, 700 m vom Ufer des Lipno-Sees entfernt.","og_url":"https:\/\/lipno.amenity.cz\/de\/ferienhauser-lipno\/","og_site_name":"Amenity Hotel &amp; Resort Lipno","article_publisher":"https:\/\/www.facebook.com\/amenityresorts\/","article_modified_time":"2025-06-19T07:58:11+00:00","twitter_card":"summary_large_image","twitter_misc":{"Gesch\u00e4tzte Lesezeit":"3\u00a0Minuten"},"schema":{"@context":"https:\/\/schema.org","@graph":[{"@type":"WebPage","@id":"https:\/\/lipno.amenity.cz\/de\/ferienhauser-lipno\/","url":"https:\/\/lipno.amenity.cz\/de\/ferienhauser-lipno\/","name":"Ferienh\u00e4user Lipno - Amenity Hotel &amp; Resort Lipno","isPartOf":{"@id":"https:\/\/lipno.amenity.cz\/de\/#website"},"datePublished":"2025-06-19T07:58:09+00:00","dateModified":"2025-06-19T07:58:11+00:00","description":"Die Vierbett-Ferienh\u00e4user sind inmitten der Natur, 700 m vom Ufer des Lipno-Sees entfernt.","breadcrumb":{"@id":"https:\/\/lipno.amenity.cz\/de\/ferienhauser-lipno\/#breadcrumb"},"inLanguage":"de","potentialAction":[{"@type":"ReadAction","target":["https:\/\/lipno.amenity.cz\/de\/ferienhauser-lipno\/"]}]},{"@type":"BreadcrumbList","@id":"https:\/\/lipno.amenity.cz\/de\/ferienhauser-lipno\/#breadcrumb","itemListElement":[{"@type":"ListItem","position":1,"name":"Dom\u016f","item":"https:\/\/lipno.amenity.cz\/de\/"},{"@type":"ListItem","position":2,"name":"Ferienh\u00e4user Lipno"}]},{"@type":"WebSite","@id":"https:\/\/lipno.amenity.cz\/de\/#website","url":"https:\/\/lipno.amenity.cz\/de\/","name":"Amenity Lipno","description":"","publisher":{"@id":"https:\/\/lipno.amenity.cz\/de\/#organization"},"potentialAction":[{"@type":"SearchAction","target":{"@type":"EntryPoint","urlTemplate":"https:\/\/lipno.amenity.cz\/de\/?s={search_term_string}"},"query-input":{"@type":"PropertyValueSpecification","valueRequired":true,"valueName":"search_term_string"}}],"inLanguage":"de"},{"@type":"Organization","@id":"https:\/\/lipno.amenity.cz\/de\/#organization","name":"Amenity Resort Lipno","url":"https:\/\/lipno.amenity.cz\/de\/","logo":{"@type":"ImageObject","inLanguage":"de","@id":"https:\/\/lipno.amenity.cz\/de\/#\/schema\/logo\/image\/","url":"http:\/\/lipno.amenity.cz\/wp-content\/uploads\/sites\/3\/2020\/10\/logo-amenity-resort-lipno.svg","contentUrl":"http:\/\/lipno.amenity.cz\/wp-content\/uploads\/sites\/3\/2020\/10\/logo-amenity-resort-lipno.svg","width":689,"height":50,"caption":"Amenity Resort Lipno"},"image":{"@id":"https:\/\/lipno.amenity.cz\/de\/#\/schema\/logo\/image\/"},"sameAs":["https:\/\/www.facebook.com\/amenityresorts\/","https:\/\/www.youtube.com\/channel\/UCVY-yFoyFBR8H0hC1euh7Sw"]}]}},"_links":{"self":[{"href":"https:\/\/lipno.amenity.cz\/de\/wp-json\/wp\/v2\/pages\/17559","targetHints":{"allow":["GET"]}}],"collection":[{"href":"https:\/\/lipno.amenity.cz\/de\/wp-json\/wp\/v2\/pages"}],"about":[{"href":"https:\/\/lipno.amenity.cz\/de\/wp-json\/wp\/v2\/types\/page"}],"author":[{"embeddable":true,"href":"https:\/\/lipno.amenity.cz\/de\/wp-json\/wp\/v2\/users\/3"}],"replies":[{"embeddable":true,"href":"https:\/\/lipno.amenity.cz\/de\/wp-json\/wp\/v2\/comments?post=17559"}],"version-history":[{"count":2,"href":"https:\/\/lipno.amenity.cz\/de\/wp-json\/wp\/v2\/pages\/17559\/revisions"}],"predecessor-version":[{"id":17564,"href":"https:\/\/lipno.amenity.cz\/de\/wp-json\/wp\/v2\/pages\/17559\/revisions\/17564"}],"wp:attachment":[{"href":"https:\/\/lipno.amenity.cz\/de\/wp-json\/wp\/v2\/media?parent=17559"}],"curies":[{"name":"wp","href":"https:\/\/api.w.org\/{rel}","templated":true}]}}