{"id":4280,"date":"2019-10-28T14:27:10","date_gmt":"2019-10-28T13:27:10","guid":{"rendered":"http:\/\/lipno.amenityhotels.com\/cennik-wellness-2\/"},"modified":"2020-02-02T23:20:43","modified_gmt":"2020-02-02T22:20:43","slug":"wellness-preisliste","status":"publish","type":"page","link":"https:\/\/lipno.amenity.cz\/de\/wellness-preisliste\/","title":{"rendered":"Cen\u00edk wellness"},"content":{"rendered":"<div class=\"wpb-content-wrapper\"><p>[vc_row][vc_column][\/vc_column][\/vc_row][vc_row][vc_column]<div class=\"text-block \" ><div class=\"simple-text \"><h1 style=\"text-align: center;\">Wellness<\/h1>\n<p>Uvoln\u011bte se a zregenerujte sv\u00e9 t\u011blo i du\u0161i. V\u00ed\u0159ivky, finsk\u00e1 sauna, bylinn\u00e1 p\u00e1ra, Kneipp\u016fv chodn\u00edk a dal\u0161\u00ed skv\u011bl\u00e9 procedury p\u0159\u00edmo na b\u0159ehu Lipna. Vyberte si n\u011bkterou z mnoha nab\u00edzen\u00fdch mas\u00e1\u017e\u00ed a na\u010derpejte novou energii. Na\u0161e wellness pat\u0159\u00ed k nejv\u011bt\u0161\u00edm wellness centr\u016fm na Lipn\u011b.<\/p>\n<\/div><\/div>[\/vc_column][\/vc_row][vc_row][vc_column]<div  class=\"empty-space  marg-lg-b120 marg-xs-b50\"><\/div>[\/vc_column][\/vc_row][vc_row][vc_column]<div  class=\"empty-space  marg-lg-b20\"><\/div>[\/vc_column][\/vc_row]<\/p>\n<\/div>","protected":false},"excerpt":{"rendered":"<p>[vc_row][vc_column][\/vc_column][\/vc_row][vc_row][vc_column][\/vc_column][\/vc_row][vc_row][vc_column][\/vc_column][\/vc_row][vc_row][vc_column][\/vc_column][\/vc_row]<\/p>\n","protected":false},"author":2,"featured_media":0,"parent":0,"menu_order":0,"comment_status":"closed","ping_status":"closed","template":"","meta":{"footnotes":""},"class_list":["post-4280","page","type-page","status-publish","hentry"],"yoast_head":"<!-- This site is optimized with the Yoast SEO Premium plugin v27.3 (Yoast SEO v27.3) - https:\/\/yoast.com\/product\/yoast-seo-premium-wordpress\/ -->\n<title>Cen\u00edk wellness - Amenity Hotel &amp; Resort Lipno<\/title>\n<meta name=\"robots\" content=\"index, follow, max-snippet:-1, max-image-preview:large, max-video-preview:-1\" \/>\n<link rel=\"canonical\" href=\"https:\/\/lipno.amenity.cz\/de\/wellness-preisliste\/\" \/>\n<meta property=\"og:locale\" content=\"de_DE\" \/>\n<meta property=\"og:type\" content=\"article\" \/>\n<meta property=\"og:title\" content=\"Cen\u00edk wellness\" \/>\n<meta property=\"og:description\" content=\"[vc_row][vc_column][\/vc_column][\/vc_row][vc_row][vc_column][\/vc_column][\/vc_row][vc_row][vc_column][\/vc_column][\/vc_row][vc_row][vc_column][\/vc_column][\/vc_row]\" \/>\n<meta property=\"og:url\" content=\"https:\/\/lipno.amenity.cz\/de\/wellness-preisliste\/\" \/>\n<meta property=\"og:site_name\" content=\"Amenity Hotel &amp; Resort Lipno\" \/>\n<meta property=\"article:publisher\" content=\"https:\/\/www.facebook.com\/amenityresorts\/\" \/>\n<meta property=\"article:modified_time\" content=\"2020-02-02T22:20:43+00:00\" \/>\n<meta name=\"twitter:card\" content=\"summary_large_image\" \/>\n<meta name=\"twitter:label1\" content=\"Gesch\u00e4tzte Lesezeit\" \/>\n\t<meta name=\"twitter:data1\" content=\"1\u00a0Minute\" \/>\n<script type=\"application\/ld+json\" class=\"yoast-schema-graph\">{\"@context\":\"https:\\\/\\\/schema.org\",\"@graph\":[{\"@type\":\"WebPage\",\"@id\":\"https:\\\/\\\/lipno.amenity.cz\\\/de\\\/wellness-preisliste\\\/\",\"url\":\"https:\\\/\\\/lipno.amenity.cz\\\/de\\\/wellness-preisliste\\\/\",\"name\":\"Cen\u00edk wellness - Amenity Hotel &amp; Resort Lipno\",\"isPartOf\":{\"@id\":\"https:\\\/\\\/lipno.amenity.cz\\\/de\\\/#website\"},\"datePublished\":\"2019-10-28T13:27:10+00:00\",\"dateModified\":\"2020-02-02T22:20:43+00:00\",\"breadcrumb\":{\"@id\":\"https:\\\/\\\/lipno.amenity.cz\\\/de\\\/wellness-preisliste\\\/#breadcrumb\"},\"inLanguage\":\"de\",\"potentialAction\":[{\"@type\":\"ReadAction\",\"target\":[\"https:\\\/\\\/lipno.amenity.cz\\\/de\\\/wellness-preisliste\\\/\"]}]},{\"@type\":\"BreadcrumbList\",\"@id\":\"https:\\\/\\\/lipno.amenity.cz\\\/de\\\/wellness-preisliste\\\/#breadcrumb\",\"itemListElement\":[{\"@type\":\"ListItem\",\"position\":1,\"name\":\"Dom\u016f\",\"item\":\"https:\\\/\\\/lipno.amenity.cz\\\/de\\\/\"},{\"@type\":\"ListItem\",\"position\":2,\"name\":\"Cen\u00edk wellness\"}]},{\"@type\":\"WebSite\",\"@id\":\"https:\\\/\\\/lipno.amenity.cz\\\/de\\\/#website\",\"url\":\"https:\\\/\\\/lipno.amenity.cz\\\/de\\\/\",\"name\":\"Amenity Lipno\",\"description\":\"\",\"publisher\":{\"@id\":\"https:\\\/\\\/lipno.amenity.cz\\\/de\\\/#organization\"},\"potentialAction\":[{\"@type\":\"SearchAction\",\"target\":{\"@type\":\"EntryPoint\",\"urlTemplate\":\"https:\\\/\\\/lipno.amenity.cz\\\/de\\\/?s={search_term_string}\"},\"query-input\":{\"@type\":\"PropertyValueSpecification\",\"valueRequired\":true,\"valueName\":\"search_term_string\"}}],\"inLanguage\":\"de\"},{\"@type\":\"Organization\",\"@id\":\"https:\\\/\\\/lipno.amenity.cz\\\/de\\\/#organization\",\"name\":\"Amenity Resort Lipno\",\"url\":\"https:\\\/\\\/lipno.amenity.cz\\\/de\\\/\",\"logo\":{\"@type\":\"ImageObject\",\"inLanguage\":\"de\",\"@id\":\"https:\\\/\\\/lipno.amenity.cz\\\/de\\\/#\\\/schema\\\/logo\\\/image\\\/\",\"url\":\"http:\\\/\\\/lipno.amenity.cz\\\/wp-content\\\/uploads\\\/sites\\\/3\\\/2020\\\/10\\\/logo-amenity-resort-lipno.svg\",\"contentUrl\":\"http:\\\/\\\/lipno.amenity.cz\\\/wp-content\\\/uploads\\\/sites\\\/3\\\/2020\\\/10\\\/logo-amenity-resort-lipno.svg\",\"width\":689,\"height\":50,\"caption\":\"Amenity Resort Lipno\"},\"image\":{\"@id\":\"https:\\\/\\\/lipno.amenity.cz\\\/de\\\/#\\\/schema\\\/logo\\\/image\\\/\"},\"sameAs\":[\"https:\\\/\\\/www.facebook.com\\\/amenityresorts\\\/\",\"https:\\\/\\\/www.youtube.com\\\/channel\\\/UCVY-yFoyFBR8H0hC1euh7Sw\"]}]}<\/script>\n<!-- \/ Yoast SEO Premium plugin. -->","yoast_head_json":{"title":"Cen\u00edk wellness - Amenity Hotel &amp; Resort Lipno","robots":{"index":"index","follow":"follow","max-snippet":"max-snippet:-1","max-image-preview":"max-image-preview:large","max-video-preview":"max-video-preview:-1"},"canonical":"https:\/\/lipno.amenity.cz\/de\/wellness-preisliste\/","og_locale":"de_DE","og_type":"article","og_title":"Cen\u00edk wellness","og_description":"[vc_row][vc_column][\/vc_column][\/vc_row][vc_row][vc_column][\/vc_column][\/vc_row][vc_row][vc_column][\/vc_column][\/vc_row][vc_row][vc_column][\/vc_column][\/vc_row]","og_url":"https:\/\/lipno.amenity.cz\/de\/wellness-preisliste\/","og_site_name":"Amenity Hotel &amp; Resort Lipno","article_publisher":"https:\/\/www.facebook.com\/amenityresorts\/","article_modified_time":"2020-02-02T22:20:43+00:00","twitter_card":"summary_large_image","twitter_misc":{"Gesch\u00e4tzte Lesezeit":"1\u00a0Minute"},"schema":{"@context":"https:\/\/schema.org","@graph":[{"@type":"WebPage","@id":"https:\/\/lipno.amenity.cz\/de\/wellness-preisliste\/","url":"https:\/\/lipno.amenity.cz\/de\/wellness-preisliste\/","name":"Cen\u00edk wellness - Amenity Hotel &amp; Resort Lipno","isPartOf":{"@id":"https:\/\/lipno.amenity.cz\/de\/#website"},"datePublished":"2019-10-28T13:27:10+00:00","dateModified":"2020-02-02T22:20:43+00:00","breadcrumb":{"@id":"https:\/\/lipno.amenity.cz\/de\/wellness-preisliste\/#breadcrumb"},"inLanguage":"de","potentialAction":[{"@type":"ReadAction","target":["https:\/\/lipno.amenity.cz\/de\/wellness-preisliste\/"]}]},{"@type":"BreadcrumbList","@id":"https:\/\/lipno.amenity.cz\/de\/wellness-preisliste\/#breadcrumb","itemListElement":[{"@type":"ListItem","position":1,"name":"Dom\u016f","item":"https:\/\/lipno.amenity.cz\/de\/"},{"@type":"ListItem","position":2,"name":"Cen\u00edk wellness"}]},{"@type":"WebSite","@id":"https:\/\/lipno.amenity.cz\/de\/#website","url":"https:\/\/lipno.amenity.cz\/de\/","name":"Amenity Lipno","description":"","publisher":{"@id":"https:\/\/lipno.amenity.cz\/de\/#organization"},"potentialAction":[{"@type":"SearchAction","target":{"@type":"EntryPoint","urlTemplate":"https:\/\/lipno.amenity.cz\/de\/?s={search_term_string}"},"query-input":{"@type":"PropertyValueSpecification","valueRequired":true,"valueName":"search_term_string"}}],"inLanguage":"de"},{"@type":"Organization","@id":"https:\/\/lipno.amenity.cz\/de\/#organization","name":"Amenity Resort Lipno","url":"https:\/\/lipno.amenity.cz\/de\/","logo":{"@type":"ImageObject","inLanguage":"de","@id":"https:\/\/lipno.amenity.cz\/de\/#\/schema\/logo\/image\/","url":"http:\/\/lipno.amenity.cz\/wp-content\/uploads\/sites\/3\/2020\/10\/logo-amenity-resort-lipno.svg","contentUrl":"http:\/\/lipno.amenity.cz\/wp-content\/uploads\/sites\/3\/2020\/10\/logo-amenity-resort-lipno.svg","width":689,"height":50,"caption":"Amenity Resort Lipno"},"image":{"@id":"https:\/\/lipno.amenity.cz\/de\/#\/schema\/logo\/image\/"},"sameAs":["https:\/\/www.facebook.com\/amenityresorts\/","https:\/\/www.youtube.com\/channel\/UCVY-yFoyFBR8H0hC1euh7Sw"]}]}},"_links":{"self":[{"href":"https:\/\/lipno.amenity.cz\/de\/wp-json\/wp\/v2\/pages\/4280","targetHints":{"allow":["GET"]}}],"collection":[{"href":"https:\/\/lipno.amenity.cz\/de\/wp-json\/wp\/v2\/pages"}],"about":[{"href":"https:\/\/lipno.amenity.cz\/de\/wp-json\/wp\/v2\/types\/page"}],"author":[{"embeddable":true,"href":"https:\/\/lipno.amenity.cz\/de\/wp-json\/wp\/v2\/users\/2"}],"replies":[{"embeddable":true,"href":"https:\/\/lipno.amenity.cz\/de\/wp-json\/wp\/v2\/comments?post=4280"}],"version-history":[{"count":0,"href":"https:\/\/lipno.amenity.cz\/de\/wp-json\/wp\/v2\/pages\/4280\/revisions"}],"wp:attachment":[{"href":"https:\/\/lipno.amenity.cz\/de\/wp-json\/wp\/v2\/media?parent=4280"}],"curies":[{"name":"wp","href":"https:\/\/api.w.org\/{rel}","templated":true}]}}