{"id":4379,"date":"2019-10-28T15:16:13","date_gmt":"2019-10-28T14:16:13","guid":{"rendered":"http:\/\/lipno.amenityhotels.com\/fotogalerie\/"},"modified":"2023-04-05T16:06:58","modified_gmt":"2023-04-05T14:06:58","slug":"fotogallerie","status":"publish","type":"page","link":"https:\/\/lipno.amenity.cz\/de\/fotogallerie\/","title":{"rendered":"Fotogalerie"},"content":{"rendered":"<div class=\"wpb-content-wrapper\"><p>[vc_row full_width=&#8221;stretch_row&#8221;][vc_column offset=&#8221;vc_hidden-sm vc_hidden-xs&#8221;]\n\t\t\t<!-- START letofotogalerie REVOLUTION SLIDER 6.7.4 --><p class=\"rs-p-wp-fix\"><\/p>\n\t\t\t<rs-module-wrap id=\"rev_slider_14_1_wrapper\" data-source=\"gallery\" style=\"visibility:hidden;background:#2b2b2b;padding:0;margin:0px auto;margin-top:0;margin-bottom:0;\">\n\t\t\t\t<rs-module id=\"rev_slider_14_1\" style=\"\" data-version=\"6.7.4\">\n\t\t\t\t\t<rs-slides style=\"overflow: hidden; position: absolute;\">\n\t\t\t\t\t\t<rs-slide style=\"position: absolute;\" data-key=\"rs-98\" data-title=\"Slide\" data-thumb=\"\/\/lipno.amenity.cz\/wp-content\/uploads\/sites\/3\/2021\/02\/lipno_web-jaro-leto_1600x630_4-100x50.jpg\" data-anim=\"ms:2000;e:slidingoverlay;\" data-in=\"y:100%;\">\n\t\t\t\t\t\t\t<img decoding=\"async\" src=\"\/\/lipno.amenity.cz\/wp-content\/plugins\/revslider\/sr6\/assets\/assets\/dummy.png\" alt=\"\" title=\"lipno_web jaro leto_1600x630_4\" width=\"1600\" height=\"630\" class=\"rev-slidebg tp-rs-img rs-lazyload\" data-lazyload=\"\/\/lipno.amenity.cz\/wp-content\/uploads\/sites\/3\/2021\/02\/lipno_web-jaro-leto_1600x630_4.jpg\" data-parallax=\"off\" data-panzoom=\"d:10000;e:power0.inOut;ss:100;se:110%;\" data-no-retina>\n<!--\n\t\t\t\t\t\t\t--><rs-layer\n\t\t\t\t\t\t\t\tid=\"slider-14-slide-98-layer-2\" \n\t\t\t\t\t\t\t\tdata-type=\"object\"\n\t\t\t\t\t\t\t\tdata-rsp_ch=\"on\"\n\t\t\t\t\t\t\t\tdata-xy=\"xo:50px,50px,50px,14px;yo:50px,50px,50px,14px;\"\n\t\t\t\t\t\t\t\tdata-text=\"w:normal;s:20,20,20,5;l:0,0,0,7;\"\n\t\t\t\t\t\t\t\tdata-frame_999=\"o:0;st:w;\"\n\t\t\t\t\t\t\t\tstyle=\"z-index:10;font-family:'Roboto';\"\n\t\t\t\t\t\t\t> \n\t\t\t\t\t\t\t<\/rs-layer><!--\n-->\t\t\t\t\t<\/rs-slide>\n\t\t\t\t\t\t<rs-slide style=\"position: absolute;\" data-key=\"rs-93\" data-title=\"Slide\" data-thumb=\"\/\/lipno.amenity.cz\/wp-content\/uploads\/sites\/3\/2021\/02\/lipno_web-jaro-leto_1600x630_51-100x50.jpg\" data-anim=\"ms:2000;e:slidingoverlay;\" data-in=\"y:100%;\">\n\t\t\t\t\t\t\t<img decoding=\"async\" src=\"\/\/lipno.amenity.cz\/wp-content\/plugins\/revslider\/sr6\/assets\/assets\/dummy.png\" alt=\"\" title=\"lipno_web jaro leto_1600x630_51\" width=\"1600\" height=\"630\" class=\"rev-slidebg tp-rs-img rs-lazyload\" data-lazyload=\"\/\/lipno.amenity.cz\/wp-content\/uploads\/sites\/3\/2021\/02\/lipno_web-jaro-leto_1600x630_51.jpg\" data-parallax=\"off\" data-panzoom=\"d:10000;e:power0.inOut;ss:100;se:110%;\" data-no-retina>\n<!--\n\t\t\t\t\t\t\t--><rs-layer\n\t\t\t\t\t\t\t\tid=\"slider-14-slide-93-layer-2\" \n\t\t\t\t\t\t\t\tdata-type=\"object\"\n\t\t\t\t\t\t\t\tdata-rsp_ch=\"on\"\n\t\t\t\t\t\t\t\tdata-xy=\"xo:50px,50px,50px,14px;yo:50px,50px,50px,14px;\"\n\t\t\t\t\t\t\t\tdata-text=\"w:normal;s:20,20,20,5;l:0,0,0,7;\"\n\t\t\t\t\t\t\t\tdata-frame_999=\"o:0;st:w;\"\n\t\t\t\t\t\t\t\tstyle=\"z-index:10;font-family:'Roboto';\"\n\t\t\t\t\t\t\t> \n\t\t\t\t\t\t\t<\/rs-layer><!--\n-->\t\t\t\t\t<\/rs-slide>\n\t\t\t\t\t\t<rs-slide style=\"position: absolute;\" data-key=\"rs-94\" data-title=\"Slide\" data-thumb=\"\/\/lipno.amenity.cz\/wp-content\/uploads\/sites\/3\/2021\/02\/lipno_web-jaro-leto_1600x630_42-100x50.jpg\" data-anim=\"ms:2000;e:slidingoverlay;\" data-in=\"y:100%;\">\n\t\t\t\t\t\t\t<img decoding=\"async\" src=\"\/\/lipno.amenity.cz\/wp-content\/plugins\/revslider\/sr6\/assets\/assets\/dummy.png\" alt=\"\" title=\"lipno_web jaro leto_1600x630_42\" width=\"1600\" height=\"630\" class=\"rev-slidebg tp-rs-img rs-lazyload\" data-lazyload=\"\/\/lipno.amenity.cz\/wp-content\/uploads\/sites\/3\/2021\/02\/lipno_web-jaro-leto_1600x630_42.jpg\" data-parallax=\"off\" data-panzoom=\"d:10000;e:power0.inOut;ss:100;se:110%;\" data-no-retina>\n<!--\n\t\t\t\t\t\t\t--><rs-layer\n\t\t\t\t\t\t\t\tid=\"slider-14-slide-94-layer-2\" \n\t\t\t\t\t\t\t\tdata-type=\"object\"\n\t\t\t\t\t\t\t\tdata-rsp_ch=\"on\"\n\t\t\t\t\t\t\t\tdata-xy=\"xo:50px,50px,50px,14px;yo:50px,50px,50px,14px;\"\n\t\t\t\t\t\t\t\tdata-text=\"w:normal;s:20,20,20,5;l:0,0,0,7;\"\n\t\t\t\t\t\t\t\tdata-frame_999=\"o:0;st:w;\"\n\t\t\t\t\t\t\t\tstyle=\"z-index:10;font-family:'Roboto';\"\n\t\t\t\t\t\t\t> \n\t\t\t\t\t\t\t<\/rs-layer><!--\n-->\t\t\t\t\t<\/rs-slide>\n\t\t\t\t\t\t<rs-slide style=\"position: absolute;\" data-key=\"rs-96\" data-title=\"Slide\" data-thumb=\"\/\/lipno.amenity.cz\/wp-content\/uploads\/sites\/3\/2021\/02\/lipno_web-jaro-leto_1600x630_32-100x50.jpg\" data-anim=\"ms:2000;e:slidingoverlay;\" data-in=\"y:100%;\">\n\t\t\t\t\t\t\t<img decoding=\"async\" src=\"\/\/lipno.amenity.cz\/wp-content\/plugins\/revslider\/sr6\/assets\/assets\/dummy.png\" alt=\"\" title=\"lipno_web jaro leto_1600x630_32\" width=\"1600\" height=\"630\" class=\"rev-slidebg tp-rs-img rs-lazyload\" data-lazyload=\"\/\/lipno.amenity.cz\/wp-content\/uploads\/sites\/3\/2021\/02\/lipno_web-jaro-leto_1600x630_32.jpg\" data-parallax=\"off\" data-panzoom=\"d:10000;e:power0.inOut;ss:100;se:110%;\" data-no-retina>\n<!--\n\t\t\t\t\t\t\t--><rs-layer\n\t\t\t\t\t\t\t\tid=\"slider-14-slide-96-layer-2\" \n\t\t\t\t\t\t\t\tdata-type=\"object\"\n\t\t\t\t\t\t\t\tdata-rsp_ch=\"on\"\n\t\t\t\t\t\t\t\tdata-xy=\"xo:50px,50px,50px,14px;yo:50px,50px,50px,14px;\"\n\t\t\t\t\t\t\t\tdata-text=\"w:normal;s:20,20,20,5;l:0,0,0,7;\"\n\t\t\t\t\t\t\t\tdata-frame_999=\"o:0;st:w;\"\n\t\t\t\t\t\t\t\tstyle=\"z-index:10;font-family:'Roboto';\"\n\t\t\t\t\t\t\t> \n\t\t\t\t\t\t\t<\/rs-layer><!--\n-->\t\t\t\t\t<\/rs-slide>\n\t\t\t\t\t\t<rs-slide style=\"position: absolute;\" data-key=\"rs-95\" data-title=\"Slide\" data-thumb=\"\/\/lipno.amenity.cz\/wp-content\/uploads\/sites\/3\/2021\/02\/lipno_web-jaro-leto_1600x630_58-100x50.jpg\" data-anim=\"ms:2000;e:slidingoverlay;\" data-in=\"y:100%;\">\n\t\t\t\t\t\t\t<img decoding=\"async\" src=\"\/\/lipno.amenity.cz\/wp-content\/plugins\/revslider\/sr6\/assets\/assets\/dummy.png\" alt=\"\" title=\"lipno_web jaro leto_1600x630_58\" width=\"1600\" height=\"630\" class=\"rev-slidebg tp-rs-img rs-lazyload\" data-lazyload=\"\/\/lipno.amenity.cz\/wp-content\/uploads\/sites\/3\/2021\/02\/lipno_web-jaro-leto_1600x630_58.jpg\" data-parallax=\"off\" data-panzoom=\"d:10000;e:power0.inOut;ss:100;se:110%;\" data-no-retina>\n<!--\n\t\t\t\t\t\t\t--><rs-layer\n\t\t\t\t\t\t\t\tid=\"slider-14-slide-95-layer-2\" \n\t\t\t\t\t\t\t\tdata-type=\"object\"\n\t\t\t\t\t\t\t\tdata-rsp_ch=\"on\"\n\t\t\t\t\t\t\t\tdata-xy=\"xo:50px,50px,50px,14px;yo:50px,50px,50px,14px;\"\n\t\t\t\t\t\t\t\tdata-text=\"w:normal;s:20,20,20,5;l:0,0,0,7;\"\n\t\t\t\t\t\t\t\tdata-frame_999=\"o:0;st:w;\"\n\t\t\t\t\t\t\t\tstyle=\"z-index:10;font-family:'Roboto';\"\n\t\t\t\t\t\t\t> \n\t\t\t\t\t\t\t<\/rs-layer><!--\n-->\t\t\t\t\t<\/rs-slide>\n\t\t\t\t\t\t<rs-slide style=\"position: absolute;\" data-key=\"rs-97\" data-title=\"Slide\" data-thumb=\"\/\/lipno.amenity.cz\/wp-content\/uploads\/sites\/3\/2021\/02\/lipno_web-jaro-leto_1600x630_39-100x50.jpg\" data-anim=\"ms:2000;e:slidingoverlay;\" data-in=\"y:100%;\">\n\t\t\t\t\t\t\t<img decoding=\"async\" src=\"\/\/lipno.amenity.cz\/wp-content\/plugins\/revslider\/sr6\/assets\/assets\/dummy.png\" alt=\"\" title=\"lipno_web jaro leto_1600x630_39\" width=\"1600\" height=\"630\" class=\"rev-slidebg tp-rs-img rs-lazyload\" data-lazyload=\"\/\/lipno.amenity.cz\/wp-content\/uploads\/sites\/3\/2021\/02\/lipno_web-jaro-leto_1600x630_39.jpg\" data-parallax=\"off\" data-panzoom=\"d:10000;e:power0.inOut;ss:100;se:110%;\" data-no-retina>\n<!--\n\t\t\t\t\t\t\t--><rs-layer\n\t\t\t\t\t\t\t\tid=\"slider-14-slide-97-layer-2\" \n\t\t\t\t\t\t\t\tdata-type=\"object\"\n\t\t\t\t\t\t\t\tdata-rsp_ch=\"on\"\n\t\t\t\t\t\t\t\tdata-xy=\"xo:50px,50px,50px,14px;yo:50px,50px,50px,14px;\"\n\t\t\t\t\t\t\t\tdata-text=\"w:normal;s:20,20,20,5;l:0,0,0,7;\"\n\t\t\t\t\t\t\t\tdata-frame_999=\"o:0;st:w;\"\n\t\t\t\t\t\t\t\tstyle=\"z-index:10;font-family:'Roboto';\"\n\t\t\t\t\t\t\t> \n\t\t\t\t\t\t\t<\/rs-layer><!--\n-->\t\t\t\t\t<\/rs-slide>\n\t\t\t\t\t\t<rs-slide style=\"position: absolute;\" data-key=\"rs-99\" data-title=\"Slide\" data-thumb=\"\/\/lipno.amenity.cz\/wp-content\/uploads\/sites\/3\/2021\/02\/lipno_web-jaro-leto_1600x630_19-100x50.jpg\" data-anim=\"ms:2000;e:slidingoverlay;\" data-in=\"y:100%;\">\n\t\t\t\t\t\t\t<img decoding=\"async\" src=\"\/\/lipno.amenity.cz\/wp-content\/plugins\/revslider\/sr6\/assets\/assets\/dummy.png\" alt=\"\" title=\"lipno_web jaro leto_1600x630_19\" width=\"1600\" height=\"630\" class=\"rev-slidebg tp-rs-img rs-lazyload\" data-lazyload=\"\/\/lipno.amenity.cz\/wp-content\/uploads\/sites\/3\/2021\/02\/lipno_web-jaro-leto_1600x630_19.jpg\" data-parallax=\"off\" data-panzoom=\"d:10000;e:power0.inOut;ss:100;se:110%;\" data-no-retina>\n<!--\n\t\t\t\t\t\t\t--><rs-layer\n\t\t\t\t\t\t\t\tid=\"slider-14-slide-99-layer-2\" \n\t\t\t\t\t\t\t\tdata-type=\"object\"\n\t\t\t\t\t\t\t\tdata-rsp_ch=\"on\"\n\t\t\t\t\t\t\t\tdata-xy=\"xo:50px,50px,50px,14px;yo:50px,50px,50px,14px;\"\n\t\t\t\t\t\t\t\tdata-text=\"w:normal;s:20,20,20,5;l:0,0,0,7;\"\n\t\t\t\t\t\t\t\tdata-frame_999=\"o:0;st:w;\"\n\t\t\t\t\t\t\t\tstyle=\"z-index:10;font-family:'Roboto';\"\n\t\t\t\t\t\t\t> \n\t\t\t\t\t\t\t<\/rs-layer><!--\n-->\t\t\t\t\t<\/rs-slide>\n\t\t\t\t\t<\/rs-slides>\n\t\t\t\t\t<rs-static-layers><!--\n\t\t\t\t\t--><\/rs-static-layers>\n\t\t\t\t<\/rs-module>\n\t\t\t\t<script>\n\t\t\t\t\tsetREVStartSize({c: 'rev_slider_14_1',rl:[1600,1600,1600,750],el:[630,630,630,720],gw:[1600,1600,1600,480],gh:[630,630,630,720],type:'standard',justify:'',layout:'fullwidth',mh:\"0\"});if (window.RS_MODULES!==undefined && window.RS_MODULES.modules!==undefined && window.RS_MODULES.modules[\"revslider141\"]!==undefined) {window.RS_MODULES.modules[\"revslider141\"].once = false;window.revapi14 = undefined;if (window.RS_MODULES.checkMinimal!==undefined) window.RS_MODULES.checkMinimal()}\n\t\t\t\t<\/script>\n\t\t\t<\/rs-module-wrap>\n\t\t\t<!-- END REVOLUTION SLIDER -->\n[\/vc_column][\/vc_row][vc_row full_width=&#8221;stretch_row&#8221;][vc_column offset=&#8221;vc_hidden-lg vc_hidden-md&#8221;][vc_single_image image=&#8221;10696&#8243; img_size=&#8221;750&#215;625&#8243;][\/vc_column][\/vc_row][vc_row full_width=&#8221;stretch_row_content_no_spaces&#8221; css=&#8221;.vc_custom_1680703671046{background-color: #293635 !important;}&#8221;][vc_column]<div  class=\"empty-space  marg-lg-b10\"><\/div>[\/vc_column][\/vc_row][vc_row full_width=&#8221;stretch_row_content_no_spaces&#8221; css=&#8221;.vc_custom_1680703642356{background-color: #293635 !important;}&#8221;][vc_column width=&#8221;1\/5&#8243; css=&#8221;.vc_custom_1566768630642{padding-left: 100px !important;}&#8221;]<div class=\"text-block \" ><div class=\"simple-text \"><p><img loading=\"lazy\" decoding=\"async\" class=\"alignnone size-full wp-image-3759\" src=\"http:\/\/lipno.amenity.cz\/wp-content\/uploads\/sites\/3\/2019\/08\/logo-Amenity-25x25.png\" alt=\"\" width=\"25\" height=\"25\" \/> \u00a0 <a class=\"lista\" href=\"http:\/\/spindl.amenity.cz\/de\"><strong>\u0160PINDLER\u016eV ML\u00ddN<\/strong><\/a><\/p>\n<\/div><\/div>[\/vc_column][vc_column width=&#8221;1\/5&#8243; css=&#8221;.vc_custom_1566768637811{padding-left: 100px !important;}&#8221;]<div class=\"text-block \" ><div class=\"simple-text \"><p><img loading=\"lazy\" decoding=\"async\" class=\"alignnone size-full wp-image-3759\" src=\"http:\/\/lipno.amenity.cz\/wp-content\/uploads\/sites\/3\/2019\/08\/logo-Amenity-25x25.png\" alt=\"\" width=\"25\" height=\"25\" \/>\u00a0 \u00a0<a class=\"lista\" href=\"http:\/\/kanada.amenity.cz\/de\"><strong>\u010cESK\u00c1 KANADA<\/strong><\/a><\/p>\n<\/div><\/div>[\/vc_column][vc_column width=&#8221;1\/5&#8243; css=&#8221;.vc_custom_1566768647974{padding-left: 100px !important;}&#8221;]<div class=\"text-block \" ><div class=\"simple-text \"><p><img loading=\"lazy\" decoding=\"async\" class=\"alignnone size-full wp-image-3759\" src=\"http:\/\/lipno.amenity.cz\/wp-content\/uploads\/sites\/3\/2019\/08\/logo-Amenity-25x25.png\" alt=\"\" width=\"25\" height=\"25\" \/> \u00a0 <a class=\"lista\" href=\"http:\/\/orlickehory.amenity.cz\/de\"><strong>ORLICK\u00c9 HORY<\/strong><\/a><\/p>\n<\/div><\/div>[\/vc_column][vc_column width=&#8221;1\/5&#8243; css=&#8221;.vc_custom_1566768653962{padding-left: 100px !important;}&#8221;]<div class=\"text-block \" ><div class=\"simple-text \"><p><img loading=\"lazy\" decoding=\"async\" class=\"alignnone size-full wp-image-3759\" src=\"http:\/\/lipno.amenity.cz\/wp-content\/uploads\/sites\/3\/2019\/08\/logo-Amenity-25x25.png\" alt=\"\" width=\"25\" height=\"25\" \/> \u00a0 <a class=\"lista\" href=\"http:\/\/hornivestonice.amenity.cz\/\"><strong>HORN\u00cd V\u011aSTONICE<\/strong><\/a><\/p>\n<\/div><\/div>[\/vc_column][vc_column width=&#8221;1\/5&#8243; css=&#8221;.vc_custom_1649060290689{padding-left: 100px !important;}&#8221;]<div class=\"text-block \" ><div class=\"simple-text \"><p><img loading=\"lazy\" decoding=\"async\" class=\"alignnone size-full wp-image-3759\" src=\"http:\/\/lipno.amenity.cz\/wp-content\/uploads\/sites\/3\/2019\/08\/logo-Amenity-25x25.png\" alt=\"\" width=\"25\" height=\"25\" \/> \u00a0 <a class=\"lista\" href=\"https:\/\/amenity.cz\/de\"><strong>AMENITY RESORTS<\/strong><\/a><\/p>\n<\/div><\/div>[\/vc_column][\/vc_row][vc_row][vc_column]<div  class=\"empty-space  marg-lg-b35\"><\/div><div  class=\"main-heading\"><span class=\"subtitle\">Amenity Hotel &amp; Resort Lipno<\/span><h2 class=\"title\">Fotogalerie<\/h2><\/div><div  class=\"empty-space  marg-lg-b25\"><\/div>[vc_separator color=&#8221;custom&#8221; border_width=&#8221;2&#8243; el_width=&#8221;50&#8243; accent_color=&#8221;#c7b39a&#8221;]<div  class=\"empty-space  marg-lg-b10\"><\/div>[\/vc_column][\/vc_row][vc_row][vc_column width=&#8221;1\/2&#8243;][\/vc_column][vc_column width=&#8221;1\/2&#8243;][\/vc_column][\/vc_row][vc_row][vc_column width=&#8221;1\/2&#8243;]<div  class=\"empty-space  marg-lg-b25\"><\/div>[\/vc_column][vc_column width=&#8221;1\/2&#8243;]<div  class=\"empty-space  marg-lg-b25\"><\/div>[\/vc_column][\/vc_row][vc_row][vc_column width=&#8221;1\/4&#8243;][\/vc_column][vc_column width=&#8221;2\/4&#8243;]<div  class=\"empty-space  marg-lg-b25\"><\/div><div  class=\"empty-space  marg-lg-b25\"><\/div>[\/vc_column][vc_column width=&#8221;1\/4&#8243;][\/vc_column][\/vc_row]<\/p>\n<\/div>","protected":false},"excerpt":{"rendered":"<p>[vc_row full_width=&#8221;stretch_row&#8221;][vc_column offset=&#8221;vc_hidden-sm vc_hidden-xs&#8221;][\/vc_column][\/vc_row][vc_row full_width=&#8221;stretch_row&#8221;][vc_column offset=&#8221;vc_hidden-lg vc_hidden-md&#8221;][vc_single_image image=&#8221;10696&#8243; img_size=&#8221;750&#215;625&#8243;][\/vc_column][\/vc_row][vc_row full_width=&#8221;stretch_row_content_no_spaces&#8221; css=&#8221;.vc_custom_1680703671046{background-color: #293635 !important;}&#8221;][vc_column][\/vc_column][\/vc_row][vc_row full_width=&#8221;stretch_row_content_no_spaces&#8221; css=&#8221;.vc_custom_1680703642356{background-color: #293635 !important;}&#8221;][vc_column width=&#8221;1\/5&#8243; css=&#8221;.vc_custom_1566768630642{padding-left: 100px !important;}&#8221;][\/vc_column][vc_column width=&#8221;1\/5&#8243; css=&#8221;.vc_custom_1566768637811{padding-left: 100px !important;}&#8221;][\/vc_column][vc_column width=&#8221;1\/5&#8243; css=&#8221;.vc_custom_1566768647974{padding-left: 100px !important;}&#8221;][\/vc_column][vc_column width=&#8221;1\/5&#8243;<\/p>\n","protected":false},"author":2,"featured_media":0,"parent":0,"menu_order":0,"comment_status":"closed","ping_status":"closed","template":"","meta":{"footnotes":""},"class_list":["post-4379","page","type-page","status-publish","hentry"],"yoast_head":"<!-- This site is optimized with the Yoast SEO Premium plugin v27.3 (Yoast SEO v27.3) - https:\/\/yoast.com\/product\/yoast-seo-premium-wordpress\/ -->\n<title>Fotogalerie Amenity Lipno - Hotel, apartments, chalet - Lipno nad Vltavou<\/title>\n<meta name=\"description\" content=\"Fotogalerie Amenity Lipno - Hotel, apartments, chalet. Amenity Resort Lipno. Lipno nad Vltavou. Czechia - sud.\" \/>\n<meta name=\"robots\" content=\"index, follow, max-snippet:-1, max-image-preview:large, max-video-preview:-1\" \/>\n<link rel=\"canonical\" href=\"https:\/\/lipno.amenity.cz\/de\/fotogallerie\/\" \/>\n<meta property=\"og:locale\" content=\"de_DE\" \/>\n<meta property=\"og:type\" content=\"article\" \/>\n<meta property=\"og:title\" content=\"Fotogalerie\" \/>\n<meta property=\"og:description\" content=\"Fotogalerie Amenity Lipno - Hotel, apartments, chalet. Amenity Resort Lipno. Lipno nad Vltavou. Czechia - sud.\" \/>\n<meta property=\"og:url\" content=\"https:\/\/lipno.amenity.cz\/de\/fotogallerie\/\" \/>\n<meta property=\"og:site_name\" content=\"Amenity Hotel &amp; Resort Lipno\" \/>\n<meta property=\"article:publisher\" content=\"https:\/\/www.facebook.com\/amenityresorts\/\" \/>\n<meta property=\"article:modified_time\" content=\"2023-04-05T14:06:58+00:00\" \/>\n<meta property=\"og:image\" content=\"http:\/\/lipno.amenity.cz\/wp-content\/uploads\/sites\/3\/2019\/08\/logo-Amenity-25x25.png\" \/>\n<meta name=\"twitter:card\" content=\"summary_large_image\" \/>\n<meta name=\"twitter:label1\" content=\"Gesch\u00e4tzte Lesezeit\" \/>\n\t<meta name=\"twitter:data1\" content=\"2\u00a0Minuten\" \/>\n<script type=\"application\/ld+json\" class=\"yoast-schema-graph\">{\"@context\":\"https:\\\/\\\/schema.org\",\"@graph\":[{\"@type\":\"WebPage\",\"@id\":\"https:\\\/\\\/lipno.amenity.cz\\\/de\\\/fotogallerie\\\/\",\"url\":\"https:\\\/\\\/lipno.amenity.cz\\\/de\\\/fotogallerie\\\/\",\"name\":\"Fotogalerie Amenity Lipno - Hotel, apartments, chalet - Lipno nad Vltavou\",\"isPartOf\":{\"@id\":\"https:\\\/\\\/lipno.amenity.cz\\\/de\\\/#website\"},\"primaryImageOfPage\":{\"@id\":\"https:\\\/\\\/lipno.amenity.cz\\\/de\\\/fotogallerie\\\/#primaryimage\"},\"image\":{\"@id\":\"https:\\\/\\\/lipno.amenity.cz\\\/de\\\/fotogallerie\\\/#primaryimage\"},\"thumbnailUrl\":\"http:\\\/\\\/lipno.amenity.cz\\\/wp-content\\\/uploads\\\/sites\\\/3\\\/2019\\\/08\\\/logo-Amenity-25x25.png\",\"datePublished\":\"2019-10-28T14:16:13+00:00\",\"dateModified\":\"2023-04-05T14:06:58+00:00\",\"description\":\"Fotogalerie Amenity Lipno - Hotel, apartments, chalet. Amenity Resort Lipno. Lipno nad Vltavou. Czechia - sud.\",\"breadcrumb\":{\"@id\":\"https:\\\/\\\/lipno.amenity.cz\\\/de\\\/fotogallerie\\\/#breadcrumb\"},\"inLanguage\":\"de\",\"potentialAction\":[{\"@type\":\"ReadAction\",\"target\":[\"https:\\\/\\\/lipno.amenity.cz\\\/de\\\/fotogallerie\\\/\"]}]},{\"@type\":\"ImageObject\",\"inLanguage\":\"de\",\"@id\":\"https:\\\/\\\/lipno.amenity.cz\\\/de\\\/fotogallerie\\\/#primaryimage\",\"url\":\"http:\\\/\\\/lipno.amenity.cz\\\/wp-content\\\/uploads\\\/sites\\\/3\\\/2019\\\/08\\\/logo-Amenity-25x25.png\",\"contentUrl\":\"http:\\\/\\\/lipno.amenity.cz\\\/wp-content\\\/uploads\\\/sites\\\/3\\\/2019\\\/08\\\/logo-Amenity-25x25.png\"},{\"@type\":\"BreadcrumbList\",\"@id\":\"https:\\\/\\\/lipno.amenity.cz\\\/de\\\/fotogallerie\\\/#breadcrumb\",\"itemListElement\":[{\"@type\":\"ListItem\",\"position\":1,\"name\":\"Dom\u016f\",\"item\":\"https:\\\/\\\/lipno.amenity.cz\\\/de\\\/\"},{\"@type\":\"ListItem\",\"position\":2,\"name\":\"Fotogalerie\"}]},{\"@type\":\"WebSite\",\"@id\":\"https:\\\/\\\/lipno.amenity.cz\\\/de\\\/#website\",\"url\":\"https:\\\/\\\/lipno.amenity.cz\\\/de\\\/\",\"name\":\"Amenity Lipno\",\"description\":\"\",\"publisher\":{\"@id\":\"https:\\\/\\\/lipno.amenity.cz\\\/de\\\/#organization\"},\"potentialAction\":[{\"@type\":\"SearchAction\",\"target\":{\"@type\":\"EntryPoint\",\"urlTemplate\":\"https:\\\/\\\/lipno.amenity.cz\\\/de\\\/?s={search_term_string}\"},\"query-input\":{\"@type\":\"PropertyValueSpecification\",\"valueRequired\":true,\"valueName\":\"search_term_string\"}}],\"inLanguage\":\"de\"},{\"@type\":\"Organization\",\"@id\":\"https:\\\/\\\/lipno.amenity.cz\\\/de\\\/#organization\",\"name\":\"Amenity Resort Lipno\",\"url\":\"https:\\\/\\\/lipno.amenity.cz\\\/de\\\/\",\"logo\":{\"@type\":\"ImageObject\",\"inLanguage\":\"de\",\"@id\":\"https:\\\/\\\/lipno.amenity.cz\\\/de\\\/#\\\/schema\\\/logo\\\/image\\\/\",\"url\":\"http:\\\/\\\/lipno.amenity.cz\\\/wp-content\\\/uploads\\\/sites\\\/3\\\/2020\\\/10\\\/logo-amenity-resort-lipno.svg\",\"contentUrl\":\"http:\\\/\\\/lipno.amenity.cz\\\/wp-content\\\/uploads\\\/sites\\\/3\\\/2020\\\/10\\\/logo-amenity-resort-lipno.svg\",\"width\":689,\"height\":50,\"caption\":\"Amenity Resort Lipno\"},\"image\":{\"@id\":\"https:\\\/\\\/lipno.amenity.cz\\\/de\\\/#\\\/schema\\\/logo\\\/image\\\/\"},\"sameAs\":[\"https:\\\/\\\/www.facebook.com\\\/amenityresorts\\\/\",\"https:\\\/\\\/www.youtube.com\\\/channel\\\/UCVY-yFoyFBR8H0hC1euh7Sw\"]}]}<\/script>\n<!-- \/ Yoast SEO Premium plugin. -->","yoast_head_json":{"title":"Fotogalerie Amenity Lipno - Hotel, apartments, chalet - Lipno nad Vltavou","description":"Fotogalerie Amenity Lipno - Hotel, apartments, chalet. Amenity Resort Lipno. Lipno nad Vltavou. Czechia - sud.","robots":{"index":"index","follow":"follow","max-snippet":"max-snippet:-1","max-image-preview":"max-image-preview:large","max-video-preview":"max-video-preview:-1"},"canonical":"https:\/\/lipno.amenity.cz\/de\/fotogallerie\/","og_locale":"de_DE","og_type":"article","og_title":"Fotogalerie","og_description":"Fotogalerie Amenity Lipno - Hotel, apartments, chalet. Amenity Resort Lipno. Lipno nad Vltavou. Czechia - sud.","og_url":"https:\/\/lipno.amenity.cz\/de\/fotogallerie\/","og_site_name":"Amenity Hotel &amp; Resort Lipno","article_publisher":"https:\/\/www.facebook.com\/amenityresorts\/","article_modified_time":"2023-04-05T14:06:58+00:00","og_image":[{"url":"http:\/\/lipno.amenity.cz\/wp-content\/uploads\/sites\/3\/2019\/08\/logo-Amenity-25x25.png","type":"","width":"","height":""}],"twitter_card":"summary_large_image","twitter_misc":{"Gesch\u00e4tzte Lesezeit":"2\u00a0Minuten"},"schema":{"@context":"https:\/\/schema.org","@graph":[{"@type":"WebPage","@id":"https:\/\/lipno.amenity.cz\/de\/fotogallerie\/","url":"https:\/\/lipno.amenity.cz\/de\/fotogallerie\/","name":"Fotogalerie Amenity Lipno - Hotel, apartments, chalet - Lipno nad Vltavou","isPartOf":{"@id":"https:\/\/lipno.amenity.cz\/de\/#website"},"primaryImageOfPage":{"@id":"https:\/\/lipno.amenity.cz\/de\/fotogallerie\/#primaryimage"},"image":{"@id":"https:\/\/lipno.amenity.cz\/de\/fotogallerie\/#primaryimage"},"thumbnailUrl":"http:\/\/lipno.amenity.cz\/wp-content\/uploads\/sites\/3\/2019\/08\/logo-Amenity-25x25.png","datePublished":"2019-10-28T14:16:13+00:00","dateModified":"2023-04-05T14:06:58+00:00","description":"Fotogalerie Amenity Lipno - Hotel, apartments, chalet. Amenity Resort Lipno. Lipno nad Vltavou. Czechia - sud.","breadcrumb":{"@id":"https:\/\/lipno.amenity.cz\/de\/fotogallerie\/#breadcrumb"},"inLanguage":"de","potentialAction":[{"@type":"ReadAction","target":["https:\/\/lipno.amenity.cz\/de\/fotogallerie\/"]}]},{"@type":"ImageObject","inLanguage":"de","@id":"https:\/\/lipno.amenity.cz\/de\/fotogallerie\/#primaryimage","url":"http:\/\/lipno.amenity.cz\/wp-content\/uploads\/sites\/3\/2019\/08\/logo-Amenity-25x25.png","contentUrl":"http:\/\/lipno.amenity.cz\/wp-content\/uploads\/sites\/3\/2019\/08\/logo-Amenity-25x25.png"},{"@type":"BreadcrumbList","@id":"https:\/\/lipno.amenity.cz\/de\/fotogallerie\/#breadcrumb","itemListElement":[{"@type":"ListItem","position":1,"name":"Dom\u016f","item":"https:\/\/lipno.amenity.cz\/de\/"},{"@type":"ListItem","position":2,"name":"Fotogalerie"}]},{"@type":"WebSite","@id":"https:\/\/lipno.amenity.cz\/de\/#website","url":"https:\/\/lipno.amenity.cz\/de\/","name":"Amenity Lipno","description":"","publisher":{"@id":"https:\/\/lipno.amenity.cz\/de\/#organization"},"potentialAction":[{"@type":"SearchAction","target":{"@type":"EntryPoint","urlTemplate":"https:\/\/lipno.amenity.cz\/de\/?s={search_term_string}"},"query-input":{"@type":"PropertyValueSpecification","valueRequired":true,"valueName":"search_term_string"}}],"inLanguage":"de"},{"@type":"Organization","@id":"https:\/\/lipno.amenity.cz\/de\/#organization","name":"Amenity Resort Lipno","url":"https:\/\/lipno.amenity.cz\/de\/","logo":{"@type":"ImageObject","inLanguage":"de","@id":"https:\/\/lipno.amenity.cz\/de\/#\/schema\/logo\/image\/","url":"http:\/\/lipno.amenity.cz\/wp-content\/uploads\/sites\/3\/2020\/10\/logo-amenity-resort-lipno.svg","contentUrl":"http:\/\/lipno.amenity.cz\/wp-content\/uploads\/sites\/3\/2020\/10\/logo-amenity-resort-lipno.svg","width":689,"height":50,"caption":"Amenity Resort Lipno"},"image":{"@id":"https:\/\/lipno.amenity.cz\/de\/#\/schema\/logo\/image\/"},"sameAs":["https:\/\/www.facebook.com\/amenityresorts\/","https:\/\/www.youtube.com\/channel\/UCVY-yFoyFBR8H0hC1euh7Sw"]}]}},"_links":{"self":[{"href":"https:\/\/lipno.amenity.cz\/de\/wp-json\/wp\/v2\/pages\/4379","targetHints":{"allow":["GET"]}}],"collection":[{"href":"https:\/\/lipno.amenity.cz\/de\/wp-json\/wp\/v2\/pages"}],"about":[{"href":"https:\/\/lipno.amenity.cz\/de\/wp-json\/wp\/v2\/types\/page"}],"author":[{"embeddable":true,"href":"https:\/\/lipno.amenity.cz\/de\/wp-json\/wp\/v2\/users\/2"}],"replies":[{"embeddable":true,"href":"https:\/\/lipno.amenity.cz\/de\/wp-json\/wp\/v2\/comments?post=4379"}],"version-history":[{"count":0,"href":"https:\/\/lipno.amenity.cz\/de\/wp-json\/wp\/v2\/pages\/4379\/revisions"}],"wp:attachment":[{"href":"https:\/\/lipno.amenity.cz\/de\/wp-json\/wp\/v2\/media?parent=4379"}],"curies":[{"name":"wp","href":"https:\/\/api.w.org\/{rel}","templated":true}]}}