{"id":4674,"date":"2019-11-15T11:04:33","date_gmt":"2019-11-15T10:04:33","guid":{"rendered":"http:\/\/lipno.amenity.cz\/?page_id=4674"},"modified":"2019-11-15T11:13:07","modified_gmt":"2019-11-15T10:13:07","slug":"erholsame-weihnachten-beim-lipno","status":"publish","type":"page","link":"https:\/\/lipno.amenity.cz\/de\/erholsame-weihnachten-beim-lipno\/","title":{"rendered":"Erholsame Weihnachten beim Lipno"},"content":{"rendered":"<div class=\"wpb-content-wrapper\"><p>[vc_row][vc_column][\/vc_column][\/vc_row][vc_row][vc_column]<div  class=\"empty-space  marg-lg-b35\"><\/div>[vc_separator color=&#8221;custom&#8221; border_width=&#8221;2&#8243; el_width=&#8221;50&#8243; accent_color=&#8221;#c7b39a&#8221;]<div  class=\"main-heading\"><span class=\"subtitle\"><\/span><h2 class=\"title\">Erholsame Weihnachten beim Lipno<\/h2><\/div><div  class=\"empty-space  marg-lg-b25\"><\/div>[vc_separator color=&#8221;custom&#8221; border_width=&#8221;2&#8243; el_width=&#8221;50&#8243; accent_color=&#8221;#c7b39a&#8221;]<div  class=\"empty-space  marg-lg-b10\"><\/div>[\/vc_column][\/vc_row][vc_row][vc_column]<div class=\"text-block \" ><div class=\"simple-text \"><p style=\"text-align: center\"><strong>Lassen Sie Ihre Sorgen weit hinter sich und genie\u00dfen einen ruhigen Urlaub am Ufer des Lipno-Sees.<\/strong><\/p>\n<hr \/>\n<p style=\"text-align: center\">Genie\u00dfen Sie die Zeit mit Ihrer Familie oder Freunden und \u00fcberlassen Zubereitung des Weihnachtsessens uns. W\u00e4hlen Sie eine Unterkunft im Hotel oder in ger\u00e4umigen H\u00e4usern f\u00fcr bis zu 8 Personen und g\u00f6nnen Sie sich Feiertage, w\u00e4hrend denen Sie alle zusammen sein werden.<\/p>\n<p style=\"text-align: center\">Ein vierg\u00e4ngiges Heiligabendmen\u00fc ist f\u00fcr alle Unterkunft-Typen automatisch im Preis enthalten.<\/p>\n<\/div><\/div><div  class=\"empty-space  marg-lg-b25\"><\/div>[vc_raw_html]JTNDZGl2JTIwaWQlM0QlMjJmYi13aWRnZXQtMSUyMiUyMGNsYXNzJTNEJTIyZmItd2lkZ2V0JTIyJTIwZGF0YS1mYkNvbmZpZyUzRCUyMjAlMjIlM0UlM0MlMkZkaXYlM0UlMEElM0NzY3JpcHQlMjBjbGFzcyUzRCUyMmZiLXdpZGdldC1jb25maWclMjIlMjBkYXRhLWZiQ29uZmlnJTNEJTIyMCUyMiUyMHR5cGUlM0QlMjJhcHBsaWNhdGlvbiUyRmpzb24lMjIlM0UlN0IlMjJwYXJhbXMlMjIlM0ElNUIlN0IlMjJjYWxlbmRhciUyMiUzQSU3QiUyMmZpcnN0RGF5T2ZXZWVrJTIyJTNBMSUyQyUyMm5iTW9udGhzMmRpc3BsYXklMjIlM0EyJTJDJTIydGl0bGUlMjIlM0ElMjJCVUNIRU4lMjIlMkMlMjJzaG93QmVzdFByaWNlJTIyJTNBdHJ1ZSUyQyUyMnNob3dMYXN0Um9vbSUyMiUzQWZhbHNlJTJDJTIyc2hvd0xhc3RSb29tVGhyZXNob2xkJTIyJTNBMSUyQyUyMnNob3dDaGlsZHJlbkFnZXMlMjIlM0F0cnVlJTJDJTIydGhlbWVEYXJrJTIyJTNBZmFsc2UlMkMlMjJsYXlvdXROdW0lMjIlM0ExJTJDJTIycm9vbVJhdGVGaWx0ZXJpbmclMjIlM0ExJTJDJTIycmF0ZUZpbHRlciUyMiUzQSU1QiUyMjdOMS1ORVclMjIlMkMlMjI3TjIlMjIlMkMlMjI3TjEyXyUyMiUyQyUyMjdOMjIlMjIlMkMlMjJSQUNLMTItTmV3JTIyJTJDJTIyUkFDSzIlMjIlMkMlMjJSQUNLMV8lMjIlMkMlMjJSQUNLMjIlMjIlNUQlMkMlMjJyb29tRmlsdGVyJTIyJTNBJTVCJTVEJTJDJTIydXNlTG95YWx0eSUyMiUzQWZhbHNlJTJDJTIybG95YWx0eSUyMiUzQSUyMiUyMiUyQyUyMmxveWFsdHlQYXJhbXMlMjIlM0ElN0IlN0QlN0QlMkMlMjJjdXJyZW5jeSUyMiUzQSUyMkNaSyUyMiUyQyUyMmxvY2FsZSUyMiUzQSUyMmRlX0RFJTIyJTJDJTIycHJpY2VzRGlzcGxheU1vZGUlMjIlM0ElMjJub3JtYWwlMjIlMkMlMjJtYXhBZHVsdHMlMjIlM0E4JTJDJTIybWF4Q2hpbGRyZW4lMjIlM0E3JTJDJTIybWFpbkNvbG9yJTIyJTNBJTIyJTIzYjBhMDZjJTIyJTJDJTIydGhlbWVEYXJrJTIyJTNBZmFsc2UlMkMlMjJvcGVuRnJvbnRJbk5ld1RhYiUyMiUzQXRydWUlMkMlMjJwcm9wZXJ0eSUyMiUzQSUyMmN6bGlwMDAwMDElMjIlMkMlMjJ0aXRsZSUyMiUzQSUyMkFtZW5pdHklMjBSZXNvcnQlMjBMaXBubyUyMiUyQyUyMmNoaWxkcmVuTWF4QWdlJTIyJTNBMTIlMkMlMjJxdWlja3NlYXJjaCUyMiUzQSU3QiUyMnNob3dDaGlsZHJlbkFnZXMlMjIlM0F0cnVlJTdEJTJDJTIyZmJXaWRnZXQlMjIlM0ElMjJDYWxlbmRhckluTW9kYWwlMjIlN0QlNUQlMkMlMjJjb21tb25QYXJhbXMlMjIlM0ElN0IlMjJyZWRpcmVjdFVybCUyMiUzQSUyMmh0dHBzJTNBJTJGJTJGcmVkaXJlY3QuZmFzdGJvb2tpbmcuY29tJTJGRElSRUNUT1JZJTJGZGlzcG9wcmljZS5waHRtbCUyMiUyQyUyMnNob3dQcm9wZXJ0aWVzTGlzdCUyMiUzQWZhbHNlJTJDJTIyZGVtb01vZGUlMjIlM0FmYWxzZSU3RCUyQyUyMl9hdXRoQ29kZSUyMiUzQSUyMmV5SjBlWEFpT2lKS1YxUWlMQ0poYkdjaU9pSklVekkxTmlKOS5leUp6WTI5d1pYTWlPaUl1S2lJc0luQnliM0JsY25ScFpYTWlPaUpqZW14cGNEQXdNREF4ZkdONmMzQnBNekV5TnpkOFkzcHViM1l3TURBd01TSXNJbWR5YjNWd2N5STZJbDRrSWl3aVptOXlJam9pUW1GamEyOW1abWxqWlNJc0ltbGhkQ0k2TVRVM016Z3hPRFEzTUN3aWFtbGtJam9pTldSalpUYzBORFkyWW1Wak55SjkudVZEZkJuWkRrME1sb1FGS3BhUVJhZTVWY1NCS1hWdjlHdC1lbXhzNEZwQSUyMiUyQyUyMnByb3BlcnR5SW5kZXglMjIlM0EwJTJDJTIydmVyc2lvbiUyMiUzQSUyMjEuNDAuMC0xJTIyJTJDJTIyYmFzZUhvc3QlMjIlM0ElMjJ3ZWJzZGsuZmFzdGJvb2tpbmctc2VydmljZXMuY29tJTIyJTdEJTNDJTJGc2NyaXB0JTNFJTBBJTNDbGluayUyMHJlbCUzRCUyMnN0eWxlc2hlZXQlMjIlMjBwcm9wZXJ0eSUzRCUyMnN0eWxlc2hlZXQlMjIlMjBocmVmJTNEJTIyJTJGJTJGd2Vic2RrLmZhc3Rib29raW5nLXNlcnZpY2VzLmNvbSUyRndpZGdldHMlMkZhcHAuY3NzJTIyJTNFJTBBJTNDc2NyaXB0JTIwdHlwZSUzRCUyMnRleHQlMkZqYXZhc2NyaXB0JTIyJTIwc3JjJTNEJTIyJTJGJTJGd2Vic2RrLmZhc3Rib29raW5nLXNlcnZpY2VzLmNvbSUyRndpZGdldHMlMkZhcHAuanMlMjIlM0UlM0MlMkZzY3JpcHQlM0U=[\/vc_raw_html]<div  class=\"empty-space  marg-lg-b25\"><\/div><div class=\"text-block \" ><div class=\"simple-text \"><h2 style=\"text-align: center\">Weihnachtsmen\u00fc<\/h2>\n<hr \/>\n<p style=\"text-align: center\">24. 12. 2019<\/p>\n<p style=\"text-align: center\"><strong>Vorspeisen<\/strong><br \/>\nGefl\u00fcgelterrine mit Marmelade<br \/>\n*<br \/>\nPilz-Graupen \u201eKuba\u201c<br \/>\n*<br \/>\nHausgemachte Fischsuppe aus Karpfen (aus unserem Teich)<\/p>\n<p style=\"text-align: center\"><strong>Hauptspeisen<\/strong><br \/>\nGebratenes Karpfenkarpfenfilet (aus unserem Teich) in Kr\u00e4uterbr\u00f6sel mit Kartoffelsalat mit \u00c4pfeln<br \/>\n*<br \/>\nGebratene H\u00e4hnchenbrust mit schwarzen Linsen, Kartoffelfondant<\/p>\n<p style=\"text-align: center\"><strong>Desserts<\/strong><br \/>\nSchokoladentorte, Quark und Fr\u00fcchte<\/p>\n<\/div><\/div><div  class=\"empty-space  marg-lg-b25\"><\/div>[\/vc_column][\/vc_row]<\/p>\n<\/div>","protected":false},"excerpt":{"rendered":"<p>[vc_row][vc_column][\/vc_column][\/vc_row][vc_row][vc_column][vc_separator color=&#8221;custom&#8221; border_width=&#8221;2&#8243; el_width=&#8221;50&#8243; accent_color=&#8221;#c7b39a&#8221;][vc_separator color=&#8221;custom&#8221; border_width=&#8221;2&#8243; el_width=&#8221;50&#8243; accent_color=&#8221;#c7b39a&#8221;][\/vc_column][\/vc_row][vc_row][vc_column][vc_raw_html]JTNDZGl2JTIwaWQlM0QlMjJmYi13aWRnZXQtMSUyMiUyMGNsYXNzJTNEJTIyZmItd2lkZ2V0JTIyJTIwZGF0YS1mYkNvbmZpZyUzRCUyMjAlMjIlM0UlM0MlMkZkaXYlM0UlMEElM0NzY3JpcHQlMjBjbGFzcyUzRCUyMmZiLXdpZGdldC1jb25maWclMjIlMjBkYXRhLWZiQ29uZmlnJTNEJTIyMCUyMiUyMHR5cGUlM0QlMjJhcHBsaWNhdGlvbiUyRmpzb24lMjIlM0UlN0IlMjJwYXJhbXMlMjIlM0ElNUIlN0IlMjJjYWxlbmRhciUyMiUzQSU3QiUyMmZpcnN0RGF5T2ZXZWVrJTIyJTNBMSUyQyUyMm5iTW9udGhzMmRpc3BsYXklMjIlM0EyJTJDJTIydGl0bGUlMjIlM0ElMjJCVUNIRU4lMjIlMkMlMjJzaG93QmVzdFByaWNlJTIyJTNBdHJ1ZSUyQyUyMnNob3dMYXN0Um9vbSUyMiUzQWZhbHNlJTJDJTIyc2hvd0xhc3RSb29tVGhyZXNob2xkJTIyJTNBMSUyQyUyMnNob3dDaGlsZHJlbkFnZXMlMjIlM0F0cnVlJTJDJTIydGhlbWVEYXJrJTIyJTNBZmFsc2UlMkMlMjJsYXlvdXROdW0lMjIlM0ExJTJDJTIycm9vbVJhdGVGaWx0ZXJpbmclMjIlM0ExJTJDJTIycmF0ZUZpbHRlciUyMiUzQSU1QiUyMjdOMS1ORVclMjIlMkMlMjI3TjIlMjIlMkMlMjI3TjEyXyUyMiUyQyUyMjdOMjIlMjIlMkMlMjJSQUNLMTItTmV3JTIyJTJDJTIyUkFDSzIlMjIlMkMlMjJSQUNLMV8lMjIlMkMlMjJSQUNLMjIlMjIlNUQlMkMlMjJyb29tRmlsdGVyJTIyJTNBJTVCJTVEJTJDJTIydXNlTG95YWx0eSUyMiUzQWZhbHNlJTJDJTIybG95YWx0eSUyMiUzQSUyMiUyMiUyQyUyMmxveWFsdHlQYXJhbXMlMjIlM0ElN0IlN0QlN0QlMkMlMjJjdXJyZW5jeSUyMiUzQSUyMkNaSyUyMiUyQyUyMmxvY2FsZSUyMiUzQSUyMmRlX0RFJTIyJTJDJTIycHJpY2VzRGlzcGxheU1vZGUlMjIlM0ElMjJub3JtYWwlMjIlMkMlMjJtYXhBZHVsdHMlMjIlM0E4JTJDJTIybWF4Q2hpbGRyZW4lMjIlM0E3JTJDJTIybWFpbkNvbG9yJTIyJTNBJTIyJTIzYjBhMDZjJTIyJTJDJTIydGhlbWVEYXJrJTIyJTNBZmFsc2UlMkMlMjJvcGVuRnJvbnRJbk5ld1RhYiUyMiUzQXRydWUlMkMlMjJwcm9wZXJ0eSUyMiUzQSUyMmN6bGlwMDAwMDElMjIlMkMlMjJ0aXRsZSUyMiUzQSUyMkFtZW5pdHklMjBSZXNvcnQlMjBMaXBubyUyMiUyQyUyMmNoaWxkcmVuTWF4QWdlJTIyJTNBMTIlMkMlMjJxdWlja3NlYXJjaCUyMiUzQSU3QiUyMnNob3dDaGlsZHJlbkFnZXMlMjIlM0F0cnVlJTdEJTJDJTIyZmJXaWRnZXQlMjIlM0ElMjJDYWxlbmRhckluTW9kYWwlMjIlN0QlNUQlMkMlMjJjb21tb25QYXJhbXMlMjIlM0ElN0IlMjJyZWRpcmVjdFVybCUyMiUzQSUyMmh0dHBzJTNBJTJGJTJGcmVkaXJlY3QuZmFzdGJvb2tpbmcuY29tJTJGRElSRUNUT1JZJTJGZGlzcG9wcmljZS5waHRtbCUyMiUyQyUyMnNob3dQcm9wZXJ0aWVzTGlzdCUyMiUzQWZhbHNlJTJDJTIyZGVtb01vZGUlMjIlM0FmYWxzZSU3RCUyQyUyMl9hdXRoQ29kZSUyMiUzQSUyMmV5SjBlWEFpT2lKS1YxUWlMQ0poYkdjaU9pSklVekkxTmlKOS5leUp6WTI5d1pYTWlPaUl1S2lJc0luQnliM0JsY25ScFpYTWlPaUpqZW14cGNEQXdNREF4ZkdONmMzQnBNekV5TnpkOFkzcHViM1l3TURBd01TSXNJbWR5YjNWd2N5STZJbDRrSWl3aVptOXlJam9pUW1GamEyOW1abWxqWlNJc0ltbGhkQ0k2TVRVM016Z3hPRFEzTUN3aWFtbGtJam9pTldSalpUYzBORFkyWW1Wak55SjkudVZEZkJuWkRrME1sb1FGS3BhUVJhZTVWY1NCS1hWdjlHdC1lbXhzNEZwQSUyMiUyQyUyMnByb3BlcnR5SW5kZXglMjIlM0EwJTJDJTIydmVyc2lvbiUyMiUzQSUyMjEuNDAuMC0xJTIyJTJDJTIyYmFzZUhvc3QlMjIlM0ElMjJ3ZWJzZGsuZmFzdGJvb2tpbmctc2VydmljZXMuY29tJTIyJTdEJTNDJTJGc2NyaXB0JTNFJTBBJTNDbGluayUyMHJlbCUzRCUyMnN0eWxlc2hlZXQlMjIlMjBwcm9wZXJ0eSUzRCUyMnN0eWxlc2hlZXQlMjIlMjBocmVmJTNEJTIyJTJGJTJGd2Vic2RrLmZhc3Rib29raW5nLXNlcnZpY2VzLmNvbSUyRndpZGdldHMlMkZhcHAuY3NzJTIyJTNFJTBBJTNDc2NyaXB0JTIwdHlwZSUzRCUyMnRleHQlMkZqYXZhc2NyaXB0JTIyJTIwc3JjJTNEJTIyJTJGJTJGd2Vic2RrLmZhc3Rib29raW5nLXNlcnZpY2VzLmNvbSUyRndpZGdldHMlMkZhcHAuanMlMjIlM0UlM0MlMkZzY3JpcHQlM0U=[\/vc_raw_html][\/vc_column][\/vc_row]<\/p>\n","protected":false},"author":4,"featured_media":0,"parent":0,"menu_order":0,"comment_status":"closed","ping_status":"closed","template":"","meta":{"footnotes":""},"class_list":["post-4674","page","type-page","status-publish","hentry"],"yoast_head":"<!-- This site is optimized with the Yoast SEO Premium plugin v26.7 (Yoast SEO v26.7) - https:\/\/yoast.com\/wordpress\/plugins\/seo\/ -->\n<title>Erholsame Weihnachten beim Lipno - Amenity Hotel &amp; Resort Lipno<\/title>\n<meta name=\"robots\" content=\"noindex, nofollow\" \/>\n<meta property=\"og:locale\" content=\"de_DE\" \/>\n<meta property=\"og:type\" content=\"article\" \/>\n<meta property=\"og:title\" content=\"Erholsame Weihnachten beim Lipno\" \/>\n<meta property=\"og:description\" content=\"[vc_row][vc_column][\/vc_column][\/vc_row][vc_row][vc_column][vc_separator color=&#8221;custom&#8221; border_width=&#8221;2&#8243; el_width=&#8221;50&#8243; accent_color=&#8221;#c7b39a&#8221;][vc_separator color=&#8221;custom&#8221; border_width=&#8221;2&#8243; el_width=&#8221;50&#8243; accent_color=&#8221;#c7b39a&#8221;][\/vc_column][\/vc_row][vc_row][vc_column][vc_raw_html]JTNDZGl2JTIwaWQlM0QlMjJmYi13aWRnZXQtMSUyMiUyMGNsYXNzJTNEJTIyZmItd2lkZ2V0JTIyJTIwZGF0YS1mYkNvbmZpZyUzRCUyMjAlMjIlM0UlM0MlMkZkaXYlM0UlMEElM0NzY3JpcHQlMjBjbGFzcyUzRCUyMmZiLXdpZGdldC1jb25maWclMjIlMjBkYXRhLWZiQ29uZmlnJTNEJTIyMCUyMiUyMHR5cGUlM0QlMjJhcHBsaWNhdGlvbiUyRmpzb24lMjIlM0UlN0IlMjJwYXJhbXMlMjIlM0ElNUIlN0IlMjJjYWxlbmRhciUyMiUzQSU3QiUyMmZpcnN0RGF5T2ZXZWVrJTIyJTNBMSUyQyUyMm5iTW9udGhzMmRpc3BsYXklMjIlM0EyJTJDJTIydGl0bGUlMjIlM0ElMjJCVUNIRU4lMjIlMkMlMjJzaG93QmVzdFByaWNlJTIyJTNBdHJ1ZSUyQyUyMnNob3dMYXN0Um9vbSUyMiUzQWZhbHNlJTJDJTIyc2hvd0xhc3RSb29tVGhyZXNob2xkJTIyJTNBMSUyQyUyMnNob3dDaGlsZHJlbkFnZXMlMjIlM0F0cnVlJTJDJTIydGhlbWVEYXJrJTIyJTNBZmFsc2UlMkMlMjJsYXlvdXROdW0lMjIlM0ExJTJDJTIycm9vbVJhdGVGaWx0ZXJpbmclMjIlM0ExJTJDJTIycmF0ZUZpbHRlciUyMiUzQSU1QiUyMjdOMS1ORVclMjIlMkMlMjI3TjIlMjIlMkMlMjI3TjEyXyUyMiUyQyUyMjdOMjIlMjIlMkMlMjJSQUNLMTItTmV3JTIyJTJDJTIyUkFDSzIlMjIlMkMlMjJSQUNLMV8lMjIlMkMlMjJSQUNLMjIlMjIlNUQlMkMlMjJyb29tRmlsdGVyJTIyJTNBJTVCJTVEJTJDJTIydXNlTG95YWx0eSUyMiUzQWZhbHNlJTJDJTIybG95YWx0eSUyMiUzQSUyMiUyMiUyQyUyMmxveWFsdHlQYXJhbXMlMjIlM0ElN0IlN0QlN0QlMkMlMjJjdXJyZW5jeSUyMiUzQSUyMkNaSyUyMiUyQyUyMmxvY2FsZSUyMiUzQSUyMmRlX0RFJTIyJTJDJTIycHJpY2VzRGlzcGxheU1vZGUlMjIlM0ElMjJub3JtYWwlMjIlMkMlMjJtYXhBZHVsdHMlMjIlM0E4JTJDJTIybWF4Q2hpbGRyZW4lMjIlM0E3JTJDJTIybWFpbkNvbG9yJTIyJTNBJTIyJTIzYjBhMDZjJTIyJTJDJTIydGhlbWVEYXJrJTIyJTNBZmFsc2UlMkMlMjJvcGVuRnJvbnRJbk5ld1RhYiUyMiUzQXRydWUlMkMlMjJwcm9wZXJ0eSUyMiUzQSUyMmN6bGlwMDAwMDElMjIlMkMlMjJ0aXRsZSUyMiUzQSUyMkFtZW5pdHklMjBSZXNvcnQlMjBMaXBubyUyMiUyQyUyMmNoaWxkcmVuTWF4QWdlJTIyJTNBMTIlMkMlMjJxdWlja3NlYXJjaCUyMiUzQSU3QiUyMnNob3dDaGlsZHJlbkFnZXMlMjIlM0F0cnVlJTdEJTJDJTIyZmJXaWRnZXQlMjIlM0ElMjJDYWxlbmRhckluTW9kYWwlMjIlN0QlNUQlMkMlMjJjb21tb25QYXJhbXMlMjIlM0ElN0IlMjJyZWRpcmVjdFVybCUyMiUzQSUyMmh0dHBzJTNBJTJGJTJGcmVkaXJlY3QuZmFzdGJvb2tpbmcuY29tJTJGRElSRUNUT1JZJTJGZGlzcG9wcmljZS5waHRtbCUyMiUyQyUyMnNob3dQcm9wZXJ0aWVzTGlzdCUyMiUzQWZhbHNlJTJDJTIyZGVtb01vZGUlMjIlM0FmYWxzZSU3RCUyQyUyMl9hdXRoQ29kZSUyMiUzQSUyMmV5SjBlWEFpT2lKS1YxUWlMQ0poYkdjaU9pSklVekkxTmlKOS5leUp6WTI5d1pYTWlPaUl1S2lJc0luQnliM0JsY25ScFpYTWlPaUpqZW14cGNEQXdNREF4ZkdONmMzQnBNekV5TnpkOFkzcHViM1l3TURBd01TSXNJbWR5YjNWd2N5STZJbDRrSWl3aVptOXlJam9pUW1GamEyOW1abWxqWlNJc0ltbGhkQ0k2TVRVM016Z3hPRFEzTUN3aWFtbGtJam9pTldSalpUYzBORFkyWW1Wak55SjkudVZEZkJuWkRrME1sb1FGS3BhUVJhZTVWY1NCS1hWdjlHdC1lbXhzNEZwQSUyMiUyQyUyMnByb3BlcnR5SW5kZXglMjIlM0EwJTJDJTIydmVyc2lvbiUyMiUzQSUyMjEuNDAuMC0xJTIyJTJDJTIyYmFzZUhvc3QlMjIlM0ElMjJ3ZWJzZGsuZmFzdGJvb2tpbmctc2VydmljZXMuY29tJTIyJTdEJTNDJTJGc2NyaXB0JTNFJTBBJTNDbGluayUyMHJlbCUzRCUyMnN0eWxlc2hlZXQlMjIlMjBwcm9wZXJ0eSUzRCUyMnN0eWxlc2hlZXQlMjIlMjBocmVmJTNEJTIyJTJGJTJGd2Vic2RrLmZhc3Rib29raW5nLXNlcnZpY2VzLmNvbSUyRndpZGdldHMlMkZhcHAuY3NzJTIyJTNFJTBBJTNDc2NyaXB0JTIwdHlwZSUzRCUyMnRleHQlMkZqYXZhc2NyaXB0JTIyJTIwc3JjJTNEJTIyJTJGJTJGd2Vic2RrLmZhc3Rib29raW5nLXNlcnZpY2VzLmNvbSUyRndpZGdldHMlMkZhcHAuanMlMjIlM0UlM0MlMkZzY3JpcHQlM0U=[\/vc_raw_html][\/vc_column][\/vc_row]\" \/>\n<meta property=\"og:url\" content=\"https:\/\/lipno.amenity.cz\/de\/erholsame-weihnachten-beim-lipno\/\" \/>\n<meta property=\"og:site_name\" content=\"Amenity Hotel &amp; Resort Lipno\" \/>\n<meta property=\"article:publisher\" content=\"https:\/\/www.facebook.com\/amenityresorts\/\" \/>\n<meta property=\"article:modified_time\" content=\"2019-11-15T10:13:07+00:00\" \/>\n<meta name=\"twitter:card\" content=\"summary_large_image\" \/>\n<meta name=\"twitter:label1\" content=\"Gesch\u00e4tzte Lesezeit\" \/>\n\t<meta name=\"twitter:data1\" content=\"2\u00a0Minuten\" \/>\n<script type=\"application\/ld+json\" class=\"yoast-schema-graph\">{\"@context\":\"https:\/\/schema.org\",\"@graph\":[{\"@type\":\"WebPage\",\"@id\":\"https:\/\/lipno.amenity.cz\/de\/erholsame-weihnachten-beim-lipno\/\",\"url\":\"https:\/\/lipno.amenity.cz\/de\/erholsame-weihnachten-beim-lipno\/\",\"name\":\"Erholsame Weihnachten beim Lipno - Amenity Hotel &amp; Resort Lipno\",\"isPartOf\":{\"@id\":\"https:\/\/lipno.amenity.cz\/de\/#website\"},\"datePublished\":\"2019-11-15T10:04:33+00:00\",\"dateModified\":\"2019-11-15T10:13:07+00:00\",\"breadcrumb\":{\"@id\":\"https:\/\/lipno.amenity.cz\/de\/erholsame-weihnachten-beim-lipno\/#breadcrumb\"},\"inLanguage\":\"de\",\"potentialAction\":[{\"@type\":\"ReadAction\",\"target\":[\"https:\/\/lipno.amenity.cz\/de\/erholsame-weihnachten-beim-lipno\/\"]}]},{\"@type\":\"BreadcrumbList\",\"@id\":\"https:\/\/lipno.amenity.cz\/de\/erholsame-weihnachten-beim-lipno\/#breadcrumb\",\"itemListElement\":[{\"@type\":\"ListItem\",\"position\":1,\"name\":\"Dom\u016f\",\"item\":\"https:\/\/lipno.amenity.cz\/de\/\"},{\"@type\":\"ListItem\",\"position\":2,\"name\":\"Erholsame Weihnachten beim Lipno\"}]},{\"@type\":\"WebSite\",\"@id\":\"https:\/\/lipno.amenity.cz\/de\/#website\",\"url\":\"https:\/\/lipno.amenity.cz\/de\/\",\"name\":\"Amenity Lipno\",\"description\":\"\",\"publisher\":{\"@id\":\"https:\/\/lipno.amenity.cz\/de\/#organization\"},\"potentialAction\":[{\"@type\":\"SearchAction\",\"target\":{\"@type\":\"EntryPoint\",\"urlTemplate\":\"https:\/\/lipno.amenity.cz\/de\/?s={search_term_string}\"},\"query-input\":{\"@type\":\"PropertyValueSpecification\",\"valueRequired\":true,\"valueName\":\"search_term_string\"}}],\"inLanguage\":\"de\"},{\"@type\":\"Organization\",\"@id\":\"https:\/\/lipno.amenity.cz\/de\/#organization\",\"name\":\"Amenity Resort Lipno\",\"url\":\"https:\/\/lipno.amenity.cz\/de\/\",\"logo\":{\"@type\":\"ImageObject\",\"inLanguage\":\"de\",\"@id\":\"https:\/\/lipno.amenity.cz\/de\/#\/schema\/logo\/image\/\",\"url\":\"http:\/\/lipno.amenity.cz\/wp-content\/uploads\/sites\/3\/2020\/10\/logo-amenity-resort-lipno.svg\",\"contentUrl\":\"http:\/\/lipno.amenity.cz\/wp-content\/uploads\/sites\/3\/2020\/10\/logo-amenity-resort-lipno.svg\",\"width\":689,\"height\":50,\"caption\":\"Amenity Resort Lipno\"},\"image\":{\"@id\":\"https:\/\/lipno.amenity.cz\/de\/#\/schema\/logo\/image\/\"},\"sameAs\":[\"https:\/\/www.facebook.com\/amenityresorts\/\",\"https:\/\/www.youtube.com\/channel\/UCVY-yFoyFBR8H0hC1euh7Sw\"]}]}<\/script>\n<!-- \/ Yoast SEO Premium plugin. -->","yoast_head_json":{"title":"Erholsame Weihnachten beim Lipno - Amenity Hotel &amp; Resort Lipno","robots":{"index":"noindex","follow":"nofollow"},"og_locale":"de_DE","og_type":"article","og_title":"Erholsame Weihnachten beim Lipno","og_description":"[vc_row][vc_column][\/vc_column][\/vc_row][vc_row][vc_column][vc_separator color=&#8221;custom&#8221; border_width=&#8221;2&#8243; el_width=&#8221;50&#8243; accent_color=&#8221;#c7b39a&#8221;][vc_separator color=&#8221;custom&#8221; border_width=&#8221;2&#8243; el_width=&#8221;50&#8243; accent_color=&#8221;#c7b39a&#8221;][\/vc_column][\/vc_row][vc_row][vc_column][vc_raw_html]JTNDZGl2JTIwaWQlM0QlMjJmYi13aWRnZXQtMSUyMiUyMGNsYXNzJTNEJTIyZmItd2lkZ2V0JTIyJTIwZGF0YS1mYkNvbmZpZyUzRCUyMjAlMjIlM0UlM0MlMkZkaXYlM0UlMEElM0NzY3JpcHQlMjBjbGFzcyUzRCUyMmZiLXdpZGdldC1jb25maWclMjIlMjBkYXRhLWZiQ29uZmlnJTNEJTIyMCUyMiUyMHR5cGUlM0QlMjJhcHBsaWNhdGlvbiUyRmpzb24lMjIlM0UlN0IlMjJwYXJhbXMlMjIlM0ElNUIlN0IlMjJjYWxlbmRhciUyMiUzQSU3QiUyMmZpcnN0RGF5T2ZXZWVrJTIyJTNBMSUyQyUyMm5iTW9udGhzMmRpc3BsYXklMjIlM0EyJTJDJTIydGl0bGUlMjIlM0ElMjJCVUNIRU4lMjIlMkMlMjJzaG93QmVzdFByaWNlJTIyJTNBdHJ1ZSUyQyUyMnNob3dMYXN0Um9vbSUyMiUzQWZhbHNlJTJDJTIyc2hvd0xhc3RSb29tVGhyZXNob2xkJTIyJTNBMSUyQyUyMnNob3dDaGlsZHJlbkFnZXMlMjIlM0F0cnVlJTJDJTIydGhlbWVEYXJrJTIyJTNBZmFsc2UlMkMlMjJsYXlvdXROdW0lMjIlM0ExJTJDJTIycm9vbVJhdGVGaWx0ZXJpbmclMjIlM0ExJTJDJTIycmF0ZUZpbHRlciUyMiUzQSU1QiUyMjdOMS1ORVclMjIlMkMlMjI3TjIlMjIlMkMlMjI3TjEyXyUyMiUyQyUyMjdOMjIlMjIlMkMlMjJSQUNLMTItTmV3JTIyJTJDJTIyUkFDSzIlMjIlMkMlMjJSQUNLMV8lMjIlMkMlMjJSQUNLMjIlMjIlNUQlMkMlMjJyb29tRmlsdGVyJTIyJTNBJTVCJTVEJTJDJTIydXNlTG95YWx0eSUyMiUzQWZhbHNlJTJDJTIybG95YWx0eSUyMiUzQSUyMiUyMiUyQyUyMmxveWFsdHlQYXJhbXMlMjIlM0ElN0IlN0QlN0QlMkMlMjJjdXJyZW5jeSUyMiUzQSUyMkNaSyUyMiUyQyUyMmxvY2FsZSUyMiUzQSUyMmRlX0RFJTIyJTJDJTIycHJpY2VzRGlzcGxheU1vZGUlMjIlM0ElMjJub3JtYWwlMjIlMkMlMjJtYXhBZHVsdHMlMjIlM0E4JTJDJTIybWF4Q2hpbGRyZW4lMjIlM0E3JTJDJTIybWFpbkNvbG9yJTIyJTNBJTIyJTIzYjBhMDZjJTIyJTJDJTIydGhlbWVEYXJrJTIyJTNBZmFsc2UlMkMlMjJvcGVuRnJvbnRJbk5ld1RhYiUyMiUzQXRydWUlMkMlMjJwcm9wZXJ0eSUyMiUzQSUyMmN6bGlwMDAwMDElMjIlMkMlMjJ0aXRsZSUyMiUzQSUyMkFtZW5pdHklMjBSZXNvcnQlMjBMaXBubyUyMiUyQyUyMmNoaWxkcmVuTWF4QWdlJTIyJTNBMTIlMkMlMjJxdWlja3NlYXJjaCUyMiUzQSU3QiUyMnNob3dDaGlsZHJlbkFnZXMlMjIlM0F0cnVlJTdEJTJDJTIyZmJXaWRnZXQlMjIlM0ElMjJDYWxlbmRhckluTW9kYWwlMjIlN0QlNUQlMkMlMjJjb21tb25QYXJhbXMlMjIlM0ElN0IlMjJyZWRpcmVjdFVybCUyMiUzQSUyMmh0dHBzJTNBJTJGJTJGcmVkaXJlY3QuZmFzdGJvb2tpbmcuY29tJTJGRElSRUNUT1JZJTJGZGlzcG9wcmljZS5waHRtbCUyMiUyQyUyMnNob3dQcm9wZXJ0aWVzTGlzdCUyMiUzQWZhbHNlJTJDJTIyZGVtb01vZGUlMjIlM0FmYWxzZSU3RCUyQyUyMl9hdXRoQ29kZSUyMiUzQSUyMmV5SjBlWEFpT2lKS1YxUWlMQ0poYkdjaU9pSklVekkxTmlKOS5leUp6WTI5d1pYTWlPaUl1S2lJc0luQnliM0JsY25ScFpYTWlPaUpqZW14cGNEQXdNREF4ZkdONmMzQnBNekV5TnpkOFkzcHViM1l3TURBd01TSXNJbWR5YjNWd2N5STZJbDRrSWl3aVptOXlJam9pUW1GamEyOW1abWxqWlNJc0ltbGhkQ0k2TVRVM016Z3hPRFEzTUN3aWFtbGtJam9pTldSalpUYzBORFkyWW1Wak55SjkudVZEZkJuWkRrME1sb1FGS3BhUVJhZTVWY1NCS1hWdjlHdC1lbXhzNEZwQSUyMiUyQyUyMnByb3BlcnR5SW5kZXglMjIlM0EwJTJDJTIydmVyc2lvbiUyMiUzQSUyMjEuNDAuMC0xJTIyJTJDJTIyYmFzZUhvc3QlMjIlM0ElMjJ3ZWJzZGsuZmFzdGJvb2tpbmctc2VydmljZXMuY29tJTIyJTdEJTNDJTJGc2NyaXB0JTNFJTBBJTNDbGluayUyMHJlbCUzRCUyMnN0eWxlc2hlZXQlMjIlMjBwcm9wZXJ0eSUzRCUyMnN0eWxlc2hlZXQlMjIlMjBocmVmJTNEJTIyJTJGJTJGd2Vic2RrLmZhc3Rib29raW5nLXNlcnZpY2VzLmNvbSUyRndpZGdldHMlMkZhcHAuY3NzJTIyJTNFJTBBJTNDc2NyaXB0JTIwdHlwZSUzRCUyMnRleHQlMkZqYXZhc2NyaXB0JTIyJTIwc3JjJTNEJTIyJTJGJTJGd2Vic2RrLmZhc3Rib29raW5nLXNlcnZpY2VzLmNvbSUyRndpZGdldHMlMkZhcHAuanMlMjIlM0UlM0MlMkZzY3JpcHQlM0U=[\/vc_raw_html][\/vc_column][\/vc_row]","og_url":"https:\/\/lipno.amenity.cz\/de\/erholsame-weihnachten-beim-lipno\/","og_site_name":"Amenity Hotel &amp; Resort Lipno","article_publisher":"https:\/\/www.facebook.com\/amenityresorts\/","article_modified_time":"2019-11-15T10:13:07+00:00","twitter_card":"summary_large_image","twitter_misc":{"Gesch\u00e4tzte Lesezeit":"2\u00a0Minuten"},"schema":{"@context":"https:\/\/schema.org","@graph":[{"@type":"WebPage","@id":"https:\/\/lipno.amenity.cz\/de\/erholsame-weihnachten-beim-lipno\/","url":"https:\/\/lipno.amenity.cz\/de\/erholsame-weihnachten-beim-lipno\/","name":"Erholsame Weihnachten beim Lipno - Amenity Hotel &amp; Resort Lipno","isPartOf":{"@id":"https:\/\/lipno.amenity.cz\/de\/#website"},"datePublished":"2019-11-15T10:04:33+00:00","dateModified":"2019-11-15T10:13:07+00:00","breadcrumb":{"@id":"https:\/\/lipno.amenity.cz\/de\/erholsame-weihnachten-beim-lipno\/#breadcrumb"},"inLanguage":"de","potentialAction":[{"@type":"ReadAction","target":["https:\/\/lipno.amenity.cz\/de\/erholsame-weihnachten-beim-lipno\/"]}]},{"@type":"BreadcrumbList","@id":"https:\/\/lipno.amenity.cz\/de\/erholsame-weihnachten-beim-lipno\/#breadcrumb","itemListElement":[{"@type":"ListItem","position":1,"name":"Dom\u016f","item":"https:\/\/lipno.amenity.cz\/de\/"},{"@type":"ListItem","position":2,"name":"Erholsame Weihnachten beim Lipno"}]},{"@type":"WebSite","@id":"https:\/\/lipno.amenity.cz\/de\/#website","url":"https:\/\/lipno.amenity.cz\/de\/","name":"Amenity Lipno","description":"","publisher":{"@id":"https:\/\/lipno.amenity.cz\/de\/#organization"},"potentialAction":[{"@type":"SearchAction","target":{"@type":"EntryPoint","urlTemplate":"https:\/\/lipno.amenity.cz\/de\/?s={search_term_string}"},"query-input":{"@type":"PropertyValueSpecification","valueRequired":true,"valueName":"search_term_string"}}],"inLanguage":"de"},{"@type":"Organization","@id":"https:\/\/lipno.amenity.cz\/de\/#organization","name":"Amenity Resort Lipno","url":"https:\/\/lipno.amenity.cz\/de\/","logo":{"@type":"ImageObject","inLanguage":"de","@id":"https:\/\/lipno.amenity.cz\/de\/#\/schema\/logo\/image\/","url":"http:\/\/lipno.amenity.cz\/wp-content\/uploads\/sites\/3\/2020\/10\/logo-amenity-resort-lipno.svg","contentUrl":"http:\/\/lipno.amenity.cz\/wp-content\/uploads\/sites\/3\/2020\/10\/logo-amenity-resort-lipno.svg","width":689,"height":50,"caption":"Amenity Resort Lipno"},"image":{"@id":"https:\/\/lipno.amenity.cz\/de\/#\/schema\/logo\/image\/"},"sameAs":["https:\/\/www.facebook.com\/amenityresorts\/","https:\/\/www.youtube.com\/channel\/UCVY-yFoyFBR8H0hC1euh7Sw"]}]}},"_links":{"self":[{"href":"https:\/\/lipno.amenity.cz\/de\/wp-json\/wp\/v2\/pages\/4674","targetHints":{"allow":["GET"]}}],"collection":[{"href":"https:\/\/lipno.amenity.cz\/de\/wp-json\/wp\/v2\/pages"}],"about":[{"href":"https:\/\/lipno.amenity.cz\/de\/wp-json\/wp\/v2\/types\/page"}],"author":[{"embeddable":true,"href":"https:\/\/lipno.amenity.cz\/de\/wp-json\/wp\/v2\/users\/4"}],"replies":[{"embeddable":true,"href":"https:\/\/lipno.amenity.cz\/de\/wp-json\/wp\/v2\/comments?post=4674"}],"version-history":[{"count":0,"href":"https:\/\/lipno.amenity.cz\/de\/wp-json\/wp\/v2\/pages\/4674\/revisions"}],"wp:attachment":[{"href":"https:\/\/lipno.amenity.cz\/de\/wp-json\/wp\/v2\/media?parent=4674"}],"curies":[{"name":"wp","href":"https:\/\/api.w.org\/{rel}","templated":true}]}}