{"id":5741,"date":"2019-09-02T21:35:02","date_gmt":"2019-09-02T19:35:02","guid":{"rendered":"http:\/\/lipno.amenity.cz\/ziskali-jsme-certifikat-vyjimecnosti\/"},"modified":"2020-02-18T14:59:01","modified_gmt":"2020-02-18T13:59:01","slug":"wir-haben-das-certificate-of-excellence-erhalten","status":"publish","type":"page","link":"https:\/\/lipno.amenity.cz\/de\/wir-haben-das-certificate-of-excellence-erhalten\/","title":{"rendered":"Wir haben das Certificate of Excellence erhalten"},"content":{"rendered":"<div class=\"wpb-content-wrapper\"><p>[vc_row][vc_column][\/vc_column][\/vc_row][vc_row][vc_column]<div  class=\"empty-space  marg-lg-b35\"><\/div>[vc_separator color=&#8221;custom&#8221; border_width=&#8221;2&#8243; el_width=&#8221;50&#8243; accent_color=&#8221;#c7b39a&#8221;]<div  class=\"main-heading\"><span class=\"subtitle\"><\/span><h2 class=\"title\">Au\u00dfergew\u00f6hnlicher Ort, au\u00dfergew\u00f6hnlicher Service, au\u00dfergew\u00f6hnliche Bewertungen.<\/h2><\/div><div  class=\"empty-space  marg-lg-b25\"><\/div>[vc_separator color=&#8221;custom&#8221; border_width=&#8221;2&#8243; el_width=&#8221;50&#8243; accent_color=&#8221;#c7b39a&#8221;]<div  class=\"empty-space  marg-lg-b10\"><\/div>[\/vc_column][\/vc_row][vc_row][vc_column]<div class=\"text-block \" ><div class=\"simple-text \"><p style=\"text-align: center;\"><strong>Wir danken Ihnen, unseren G\u00e4ste, dass Sie uns zum zweiten Mal in Folge dabei geholfen haben, ein Zertifikat f\u00fcr hervorragende Leistungen zu erhalten, das von TripAdvisor auf der Grundlage hervorragender Bewertungen verliehen wird.<\/strong><\/p>\n<p style=\"text-align: center;\">Indem Sie Ihre Erfahrungen mit anderen teilen, erfahren wir regelm\u00e4\u00dfig, wie es Ihnen gefallen hat und womit Sie zufrieden waren. Das treibt uns an und motiviert, es f\u00fcr Sie weiterhin angenehm wie zu Hause zu machen.<\/p>\n<p style=\"text-align: center;\">Vielen Dank!<\/p>\n<\/div><\/div><div  class=\"empty-space  marg-lg-b25\"><\/div>[vc_raw_html]JTNDZGl2JTIwaWQlM0QlMjJmYi13aWRnZXQtMSUyMiUyMGNsYXNzJTNEJTIyZmItd2lkZ2V0JTIyJTIwZGF0YS1mYkNvbmZpZyUzRCUyMjAlMjIlM0UlM0MlMkZkaXYlM0UlMEElM0NzY3JpcHQlMjBjbGFzcyUzRCUyMmZiLXdpZGdldC1jb25maWclMjIlMjBkYXRhLWZiQ29uZmlnJTNEJTIyMCUyMiUyMHR5cGUlM0QlMjJhcHBsaWNhdGlvbiUyRmpzb24lMjIlM0UlN0IlMjJwYXJhbXMlMjIlM0ElNUIlN0IlMjJjYWxlbmRhciUyMiUzQSU3QiUyMmZpcnN0RGF5T2ZXZWVrJTIyJTNBMSUyQyUyMm5iTW9udGhzMmRpc3BsYXklMjIlM0EyJTJDJTIydGl0bGUlMjIlM0ElMjJFSU4lMjBaSU1NRVIlMjBCVUNIRU4lMjIlMkMlMjJzaG93QmVzdFByaWNlJTIyJTNBdHJ1ZSUyQyUyMnNob3dMYXN0Um9vbSUyMiUzQWZhbHNlJTJDJTIyc2hvd0xhc3RSb29tVGhyZXNob2xkJTIyJTNBNSUyQyUyMnNob3dDaGlsZHJlbkFnZXMlMjIlM0F0cnVlJTJDJTIydGhlbWVEYXJrJTIyJTNBZmFsc2UlMkMlMjJsYXlvdXROdW0lMjIlM0ExJTJDJTIycm9vbVJhdGVGaWx0ZXJpbmclMjIlM0EwJTJDJTIycmF0ZUZpbHRlciUyMiUzQSU1QiU1RCUyQyUyMnJvb21GaWx0ZXIlMjIlM0ElNUIlNUQlMkMlMjJ1c2VMb3lhbHR5JTIyJTNBZmFsc2UlMkMlMjJsb3lhbHR5JTIyJTNBJTIyJTIyJTJDJTIybG95YWx0eVBhcmFtcyUyMiUzQSU3QiU3RCU3RCUyQyUyMmN1cnJlbmN5JTIyJTNBJTIyQ1pLJTIyJTJDJTIybG9jYWxlJTIyJTNBJTIyZW5fRU4lMjIlMkMlMjJwcmljZXNEaXNwbGF5TW9kZSUyMiUzQSUyMm5vcm1hbCUyMiUyQyUyMm1heEFkdWx0cyUyMiUzQTglMkMlMjJtYXhDaGlsZHJlbiUyMiUzQTclMkMlMjJtYWluQ29sb3IlMjIlM0ElMjIlMjNiMGEwNmMlMjIlMkMlMjJ0aGVtZURhcmslMjIlM0FmYWxzZSUyQyUyMm9wZW5Gcm9udEluTmV3VGFiJTIyJTNBdHJ1ZSUyQyUyMnByb3BlcnR5JTIyJTNBJTIyY3psaXAwMDAwMSUyMiUyQyUyMnRpdGxlJTIyJTNBJTIyQW1lbml0eSUyMFJlc29ydCUyMExpcG5vJTIyJTJDJTIyY2hpbGRyZW5NYXhBZ2UlMjIlM0ExMiUyQyUyMnF1aWNrc2VhcmNoJTIyJTNBJTdCJTIyc2hvd0NoaWxkcmVuQWdlcyUyMiUzQXRydWUlN0QlMkMlMjJmYldpZGdldCUyMiUzQSUyMkNhbGVuZGFySW5Nb2RhbCUyMiU3RCU1RCUyQyUyMmNvbW1vblBhcmFtcyUyMiUzQSU3QiUyMnJlZGlyZWN0VXJsJTIyJTNBJTIyaHR0cHMlM0ElMkYlMkZyZWRpcmVjdC5mYXN0Ym9va2luZy5jb20lMkZESVJFQ1RPUlklMkZkaXNwb3ByaWNlLnBodG1sJTIyJTJDJTIyc2hvd1Byb3BlcnRpZXNMaXN0JTIyJTNBZmFsc2UlMkMlMjJkZW1vTW9kZSUyMiUzQWZhbHNlJTdEJTJDJTIyX2F1dGhDb2RlJTIyJTNBJTIyZXlKMGVYQWlPaUpLVjFRaUxDSmhiR2NpT2lKSVV6STFOaUo5LmV5SnpZMjl3WlhNaU9pSXVLaUlzSW5CeWIzQmxjblJwWlhNaU9pSmplbXhwY0RBd01EQXhmR042YzNCcE16RXlOemQ4WTNwdWIzWXdNREF3TVNJc0ltZHliM1Z3Y3lJNklsNGtJaXdpWm05eUlqb2lRbUZqYTI5bVptbGpaU0lzSW1saGRDSTZNVFUyT0RnM09UQTJOQ3dpYW1sa0lqb2lOV1E0TXpFMVlqZ3lNR1EyTlNKOS5IMFROazRUTk9MaUlGRjh3TTJmZ3pCS1dKcWVIRkd2dnI0WUppSkhpNEljJTIyJTJDJTIycHJvcGVydHlJbmRleCUyMiUzQTAlMkMlMjJ2ZXJzaW9uJTIyJTNBJTIyMS40MC4wLTElMjIlMkMlMjJiYXNlSG9zdCUyMiUzQSUyMndlYnNkay5mYXN0Ym9va2luZy1zZXJ2aWNlcy5jb20lMjIlN0QlM0MlMkZzY3JpcHQlM0UlMEElM0NsaW5rJTIwcmVsJTNEJTIyc3R5bGVzaGVldCUyMiUyMHByb3BlcnR5JTNEJTIyc3R5bGVzaGVldCUyMiUyMGhyZWYlM0QlMjIlMkYlMkZ3ZWJzZGsuZmFzdGJvb2tpbmctc2VydmljZXMuY29tJTJGd2lkZ2V0cyUyRmFwcC5jc3MlMjIlM0UlMEElM0NzY3JpcHQlMjB0eXBlJTNEJTIydGV4dCUyRmphdmFzY3JpcHQlMjIlMjBzcmMlM0QlMjIlMkYlMkZ3ZWJzZGsuZmFzdGJvb2tpbmctc2VydmljZXMuY29tJTJGd2lkZ2V0cyUyRmFwcC5qcyUyMiUzRSUzQyUyRnNjcmlwdCUzRQ==[\/vc_raw_html]<div  class=\"empty-space  marg-lg-b25\"><\/div>[\/vc_column][\/vc_row]<\/p>\n<\/div>","protected":false},"excerpt":{"rendered":"<p>[vc_row][vc_column][\/vc_column][\/vc_row][vc_row][vc_column][vc_separator color=&#8221;custom&#8221; border_width=&#8221;2&#8243; el_width=&#8221;50&#8243; accent_color=&#8221;#c7b39a&#8221;][vc_separator color=&#8221;custom&#8221; border_width=&#8221;2&#8243; el_width=&#8221;50&#8243; accent_color=&#8221;#c7b39a&#8221;][\/vc_column][\/vc_row][vc_row][vc_column][vc_raw_html]JTNDZGl2JTIwaWQlM0QlMjJmYi13aWRnZXQtMSUyMiUyMGNsYXNzJTNEJTIyZmItd2lkZ2V0JTIyJTIwZGF0YS1mYkNvbmZpZyUzRCUyMjAlMjIlM0UlM0MlMkZkaXYlM0UlMEElM0NzY3JpcHQlMjBjbGFzcyUzRCUyMmZiLXdpZGdldC1jb25maWclMjIlMjBkYXRhLWZiQ29uZmlnJTNEJTIyMCUyMiUyMHR5cGUlM0QlMjJhcHBsaWNhdGlvbiUyRmpzb24lMjIlM0UlN0IlMjJwYXJhbXMlMjIlM0ElNUIlN0IlMjJjYWxlbmRhciUyMiUzQSU3QiUyMmZpcnN0RGF5T2ZXZWVrJTIyJTNBMSUyQyUyMm5iTW9udGhzMmRpc3BsYXklMjIlM0EyJTJDJTIydGl0bGUlMjIlM0ElMjJFSU4lMjBaSU1NRVIlMjBCVUNIRU4lMjIlMkMlMjJzaG93QmVzdFByaWNlJTIyJTNBdHJ1ZSUyQyUyMnNob3dMYXN0Um9vbSUyMiUzQWZhbHNlJTJDJTIyc2hvd0xhc3RSb29tVGhyZXNob2xkJTIyJTNBNSUyQyUyMnNob3dDaGlsZHJlbkFnZXMlMjIlM0F0cnVlJTJDJTIydGhlbWVEYXJrJTIyJTNBZmFsc2UlMkMlMjJsYXlvdXROdW0lMjIlM0ExJTJDJTIycm9vbVJhdGVGaWx0ZXJpbmclMjIlM0EwJTJDJTIycmF0ZUZpbHRlciUyMiUzQSU1QiU1RCUyQyUyMnJvb21GaWx0ZXIlMjIlM0ElNUIlNUQlMkMlMjJ1c2VMb3lhbHR5JTIyJTNBZmFsc2UlMkMlMjJsb3lhbHR5JTIyJTNBJTIyJTIyJTJDJTIybG95YWx0eVBhcmFtcyUyMiUzQSU3QiU3RCU3RCUyQyUyMmN1cnJlbmN5JTIyJTNBJTIyQ1pLJTIyJTJDJTIybG9jYWxlJTIyJTNBJTIyZW5fRU4lMjIlMkMlMjJwcmljZXNEaXNwbGF5TW9kZSUyMiUzQSUyMm5vcm1hbCUyMiUyQyUyMm1heEFkdWx0cyUyMiUzQTglMkMlMjJtYXhDaGlsZHJlbiUyMiUzQTclMkMlMjJtYWluQ29sb3IlMjIlM0ElMjIlMjNiMGEwNmMlMjIlMkMlMjJ0aGVtZURhcmslMjIlM0FmYWxzZSUyQyUyMm9wZW5Gcm9udEluTmV3VGFiJTIyJTNBdHJ1ZSUyQyUyMnByb3BlcnR5JTIyJTNBJTIyY3psaXAwMDAwMSUyMiUyQyUyMnRpdGxlJTIyJTNBJTIyQW1lbml0eSUyMFJlc29ydCUyMExpcG5vJTIyJTJDJTIyY2hpbGRyZW5NYXhBZ2UlMjIlM0ExMiUyQyUyMnF1aWNrc2VhcmNoJTIyJTNBJTdCJTIyc2hvd0NoaWxkcmVuQWdlcyUyMiUzQXRydWUlN0QlMkMlMjJmYldpZGdldCUyMiUzQSUyMkNhbGVuZGFySW5Nb2RhbCUyMiU3RCU1RCUyQyUyMmNvbW1vblBhcmFtcyUyMiUzQSU3QiUyMnJlZGlyZWN0VXJsJTIyJTNBJTIyaHR0cHMlM0ElMkYlMkZyZWRpcmVjdC5mYXN0Ym9va2luZy5jb20lMkZESVJFQ1RPUlklMkZkaXNwb3ByaWNlLnBodG1sJTIyJTJDJTIyc2hvd1Byb3BlcnRpZXNMaXN0JTIyJTNBZmFsc2UlMkMlMjJkZW1vTW9kZSUyMiUzQWZhbHNlJTdEJTJDJTIyX2F1dGhDb2RlJTIyJTNBJTIyZXlKMGVYQWlPaUpLVjFRaUxDSmhiR2NpT2lKSVV6STFOaUo5LmV5SnpZMjl3WlhNaU9pSXVLaUlzSW5CeWIzQmxjblJwWlhNaU9pSmplbXhwY0RBd01EQXhmR042YzNCcE16RXlOemQ4WTNwdWIzWXdNREF3TVNJc0ltZHliM1Z3Y3lJNklsNGtJaXdpWm05eUlqb2lRbUZqYTI5bVptbGpaU0lzSW1saGRDSTZNVFUyT0RnM09UQTJOQ3dpYW1sa0lqb2lOV1E0TXpFMVlqZ3lNR1EyTlNKOS5IMFROazRUTk9MaUlGRjh3TTJmZ3pCS1dKcWVIRkd2dnI0WUppSkhpNEljJTIyJTJDJTIycHJvcGVydHlJbmRleCUyMiUzQTAlMkMlMjJ2ZXJzaW9uJTIyJTNBJTIyMS40MC4wLTElMjIlMkMlMjJiYXNlSG9zdCUyMiUzQSUyMndlYnNkay5mYXN0Ym9va2luZy1zZXJ2aWNlcy5jb20lMjIlN0QlM0MlMkZzY3JpcHQlM0UlMEElM0NsaW5rJTIwcmVsJTNEJTIyc3R5bGVzaGVldCUyMiUyMHByb3BlcnR5JTNEJTIyc3R5bGVzaGVldCUyMiUyMGhyZWYlM0QlMjIlMkYlMkZ3ZWJzZGsuZmFzdGJvb2tpbmctc2VydmljZXMuY29tJTJGd2lkZ2V0cyUyRmFwcC5jc3MlMjIlM0UlMEElM0NzY3JpcHQlMjB0eXBlJTNEJTIydGV4dCUyRmphdmFzY3JpcHQlMjIlMjBzcmMlM0QlMjIlMkYlMkZ3ZWJzZGsuZmFzdGJvb2tpbmctc2VydmljZXMuY29tJTJGd2lkZ2V0cyUyRmFwcC5qcyUyMiUzRSUzQyUyRnNjcmlwdCUzRQ==[\/vc_raw_html][\/vc_column][\/vc_row]<\/p>\n","protected":false},"author":2,"featured_media":0,"parent":0,"menu_order":0,"comment_status":"closed","ping_status":"closed","template":"","meta":{"footnotes":""},"class_list":["post-5741","page","type-page","status-publish","hentry"],"yoast_head":"<!-- This site is optimized with the Yoast SEO Premium plugin v27.3 (Yoast SEO v27.3) - https:\/\/yoast.com\/product\/yoast-seo-premium-wordpress\/ -->\n<title>Certifik\u00e1t v\u00fdj\u00edme\u010dnosti TripAdvisor pro Amenity Resort Lipno<\/title>\n<meta name=\"description\" content=\"V\u00fdjime\u010dn\u00e9 m\u00edsto, v\u00fdjime\u010dn\u00fd servis, v\u00fdjime\u010dn\u00e9 recenze. Z\u00edskali jsem certifik\u00e1t v\u00fdj\u00edme\u010dnosti TripAdvisor pro n\u00e1\u0161 resort na Lipn\u011b.\" \/>\n<meta name=\"robots\" content=\"index, follow, max-snippet:-1, max-image-preview:large, max-video-preview:-1\" \/>\n<link rel=\"canonical\" href=\"https:\/\/lipno.amenity.cz\/de\/wir-haben-das-certificate-of-excellence-erhalten\/\" \/>\n<meta property=\"og:locale\" content=\"de_DE\" \/>\n<meta property=\"og:type\" content=\"article\" \/>\n<meta property=\"og:title\" content=\"Wir haben das Certificate of Excellence erhalten\" \/>\n<meta property=\"og:description\" content=\"V\u00fdjime\u010dn\u00e9 m\u00edsto, v\u00fdjime\u010dn\u00fd servis, v\u00fdjime\u010dn\u00e9 recenze. Z\u00edskali jsem certifik\u00e1t v\u00fdj\u00edme\u010dnosti TripAdvisor pro n\u00e1\u0161 resort na Lipn\u011b.\" \/>\n<meta property=\"og:url\" content=\"https:\/\/lipno.amenity.cz\/de\/wir-haben-das-certificate-of-excellence-erhalten\/\" \/>\n<meta property=\"og:site_name\" content=\"Amenity Hotel &amp; Resort Lipno\" \/>\n<meta property=\"article:publisher\" content=\"https:\/\/www.facebook.com\/amenityresorts\/\" \/>\n<meta property=\"article:modified_time\" content=\"2020-02-18T13:59:01+00:00\" \/>\n<meta name=\"twitter:card\" content=\"summary_large_image\" \/>\n<meta name=\"twitter:label1\" content=\"Gesch\u00e4tzte Lesezeit\" \/>\n\t<meta name=\"twitter:data1\" content=\"2\u00a0Minuten\" \/>\n<script type=\"application\/ld+json\" class=\"yoast-schema-graph\">{\"@context\":\"https:\\\/\\\/schema.org\",\"@graph\":[{\"@type\":\"WebPage\",\"@id\":\"https:\\\/\\\/lipno.amenity.cz\\\/de\\\/wir-haben-das-certificate-of-excellence-erhalten\\\/\",\"url\":\"https:\\\/\\\/lipno.amenity.cz\\\/de\\\/wir-haben-das-certificate-of-excellence-erhalten\\\/\",\"name\":\"Certifik\u00e1t v\u00fdj\u00edme\u010dnosti TripAdvisor pro Amenity Resort Lipno\",\"isPartOf\":{\"@id\":\"https:\\\/\\\/lipno.amenity.cz\\\/de\\\/#website\"},\"datePublished\":\"2019-09-02T19:35:02+00:00\",\"dateModified\":\"2020-02-18T13:59:01+00:00\",\"description\":\"V\u00fdjime\u010dn\u00e9 m\u00edsto, v\u00fdjime\u010dn\u00fd servis, v\u00fdjime\u010dn\u00e9 recenze. Z\u00edskali jsem certifik\u00e1t v\u00fdj\u00edme\u010dnosti TripAdvisor pro n\u00e1\u0161 resort na Lipn\u011b.\",\"breadcrumb\":{\"@id\":\"https:\\\/\\\/lipno.amenity.cz\\\/de\\\/wir-haben-das-certificate-of-excellence-erhalten\\\/#breadcrumb\"},\"inLanguage\":\"de\",\"potentialAction\":[{\"@type\":\"ReadAction\",\"target\":[\"https:\\\/\\\/lipno.amenity.cz\\\/de\\\/wir-haben-das-certificate-of-excellence-erhalten\\\/\"]}]},{\"@type\":\"BreadcrumbList\",\"@id\":\"https:\\\/\\\/lipno.amenity.cz\\\/de\\\/wir-haben-das-certificate-of-excellence-erhalten\\\/#breadcrumb\",\"itemListElement\":[{\"@type\":\"ListItem\",\"position\":1,\"name\":\"Dom\u016f\",\"item\":\"https:\\\/\\\/lipno.amenity.cz\\\/de\\\/\"},{\"@type\":\"ListItem\",\"position\":2,\"name\":\"Wir haben das Certificate of Excellence erhalten\"}]},{\"@type\":\"WebSite\",\"@id\":\"https:\\\/\\\/lipno.amenity.cz\\\/de\\\/#website\",\"url\":\"https:\\\/\\\/lipno.amenity.cz\\\/de\\\/\",\"name\":\"Amenity Lipno\",\"description\":\"\",\"publisher\":{\"@id\":\"https:\\\/\\\/lipno.amenity.cz\\\/de\\\/#organization\"},\"potentialAction\":[{\"@type\":\"SearchAction\",\"target\":{\"@type\":\"EntryPoint\",\"urlTemplate\":\"https:\\\/\\\/lipno.amenity.cz\\\/de\\\/?s={search_term_string}\"},\"query-input\":{\"@type\":\"PropertyValueSpecification\",\"valueRequired\":true,\"valueName\":\"search_term_string\"}}],\"inLanguage\":\"de\"},{\"@type\":\"Organization\",\"@id\":\"https:\\\/\\\/lipno.amenity.cz\\\/de\\\/#organization\",\"name\":\"Amenity Resort Lipno\",\"url\":\"https:\\\/\\\/lipno.amenity.cz\\\/de\\\/\",\"logo\":{\"@type\":\"ImageObject\",\"inLanguage\":\"de\",\"@id\":\"https:\\\/\\\/lipno.amenity.cz\\\/de\\\/#\\\/schema\\\/logo\\\/image\\\/\",\"url\":\"http:\\\/\\\/lipno.amenity.cz\\\/wp-content\\\/uploads\\\/sites\\\/3\\\/2020\\\/10\\\/logo-amenity-resort-lipno.svg\",\"contentUrl\":\"http:\\\/\\\/lipno.amenity.cz\\\/wp-content\\\/uploads\\\/sites\\\/3\\\/2020\\\/10\\\/logo-amenity-resort-lipno.svg\",\"width\":689,\"height\":50,\"caption\":\"Amenity Resort Lipno\"},\"image\":{\"@id\":\"https:\\\/\\\/lipno.amenity.cz\\\/de\\\/#\\\/schema\\\/logo\\\/image\\\/\"},\"sameAs\":[\"https:\\\/\\\/www.facebook.com\\\/amenityresorts\\\/\",\"https:\\\/\\\/www.youtube.com\\\/channel\\\/UCVY-yFoyFBR8H0hC1euh7Sw\"]}]}<\/script>\n<!-- \/ Yoast SEO Premium plugin. -->","yoast_head_json":{"title":"Certifik\u00e1t v\u00fdj\u00edme\u010dnosti TripAdvisor pro Amenity Resort Lipno","description":"V\u00fdjime\u010dn\u00e9 m\u00edsto, v\u00fdjime\u010dn\u00fd servis, v\u00fdjime\u010dn\u00e9 recenze. Z\u00edskali jsem certifik\u00e1t v\u00fdj\u00edme\u010dnosti TripAdvisor pro n\u00e1\u0161 resort na Lipn\u011b.","robots":{"index":"index","follow":"follow","max-snippet":"max-snippet:-1","max-image-preview":"max-image-preview:large","max-video-preview":"max-video-preview:-1"},"canonical":"https:\/\/lipno.amenity.cz\/de\/wir-haben-das-certificate-of-excellence-erhalten\/","og_locale":"de_DE","og_type":"article","og_title":"Wir haben das Certificate of Excellence erhalten","og_description":"V\u00fdjime\u010dn\u00e9 m\u00edsto, v\u00fdjime\u010dn\u00fd servis, v\u00fdjime\u010dn\u00e9 recenze. Z\u00edskali jsem certifik\u00e1t v\u00fdj\u00edme\u010dnosti TripAdvisor pro n\u00e1\u0161 resort na Lipn\u011b.","og_url":"https:\/\/lipno.amenity.cz\/de\/wir-haben-das-certificate-of-excellence-erhalten\/","og_site_name":"Amenity Hotel &amp; Resort Lipno","article_publisher":"https:\/\/www.facebook.com\/amenityresorts\/","article_modified_time":"2020-02-18T13:59:01+00:00","twitter_card":"summary_large_image","twitter_misc":{"Gesch\u00e4tzte Lesezeit":"2\u00a0Minuten"},"schema":{"@context":"https:\/\/schema.org","@graph":[{"@type":"WebPage","@id":"https:\/\/lipno.amenity.cz\/de\/wir-haben-das-certificate-of-excellence-erhalten\/","url":"https:\/\/lipno.amenity.cz\/de\/wir-haben-das-certificate-of-excellence-erhalten\/","name":"Certifik\u00e1t v\u00fdj\u00edme\u010dnosti TripAdvisor pro Amenity Resort Lipno","isPartOf":{"@id":"https:\/\/lipno.amenity.cz\/de\/#website"},"datePublished":"2019-09-02T19:35:02+00:00","dateModified":"2020-02-18T13:59:01+00:00","description":"V\u00fdjime\u010dn\u00e9 m\u00edsto, v\u00fdjime\u010dn\u00fd servis, v\u00fdjime\u010dn\u00e9 recenze. Z\u00edskali jsem certifik\u00e1t v\u00fdj\u00edme\u010dnosti TripAdvisor pro n\u00e1\u0161 resort na Lipn\u011b.","breadcrumb":{"@id":"https:\/\/lipno.amenity.cz\/de\/wir-haben-das-certificate-of-excellence-erhalten\/#breadcrumb"},"inLanguage":"de","potentialAction":[{"@type":"ReadAction","target":["https:\/\/lipno.amenity.cz\/de\/wir-haben-das-certificate-of-excellence-erhalten\/"]}]},{"@type":"BreadcrumbList","@id":"https:\/\/lipno.amenity.cz\/de\/wir-haben-das-certificate-of-excellence-erhalten\/#breadcrumb","itemListElement":[{"@type":"ListItem","position":1,"name":"Dom\u016f","item":"https:\/\/lipno.amenity.cz\/de\/"},{"@type":"ListItem","position":2,"name":"Wir haben das Certificate of Excellence erhalten"}]},{"@type":"WebSite","@id":"https:\/\/lipno.amenity.cz\/de\/#website","url":"https:\/\/lipno.amenity.cz\/de\/","name":"Amenity Lipno","description":"","publisher":{"@id":"https:\/\/lipno.amenity.cz\/de\/#organization"},"potentialAction":[{"@type":"SearchAction","target":{"@type":"EntryPoint","urlTemplate":"https:\/\/lipno.amenity.cz\/de\/?s={search_term_string}"},"query-input":{"@type":"PropertyValueSpecification","valueRequired":true,"valueName":"search_term_string"}}],"inLanguage":"de"},{"@type":"Organization","@id":"https:\/\/lipno.amenity.cz\/de\/#organization","name":"Amenity Resort Lipno","url":"https:\/\/lipno.amenity.cz\/de\/","logo":{"@type":"ImageObject","inLanguage":"de","@id":"https:\/\/lipno.amenity.cz\/de\/#\/schema\/logo\/image\/","url":"http:\/\/lipno.amenity.cz\/wp-content\/uploads\/sites\/3\/2020\/10\/logo-amenity-resort-lipno.svg","contentUrl":"http:\/\/lipno.amenity.cz\/wp-content\/uploads\/sites\/3\/2020\/10\/logo-amenity-resort-lipno.svg","width":689,"height":50,"caption":"Amenity Resort Lipno"},"image":{"@id":"https:\/\/lipno.amenity.cz\/de\/#\/schema\/logo\/image\/"},"sameAs":["https:\/\/www.facebook.com\/amenityresorts\/","https:\/\/www.youtube.com\/channel\/UCVY-yFoyFBR8H0hC1euh7Sw"]}]}},"_links":{"self":[{"href":"https:\/\/lipno.amenity.cz\/de\/wp-json\/wp\/v2\/pages\/5741","targetHints":{"allow":["GET"]}}],"collection":[{"href":"https:\/\/lipno.amenity.cz\/de\/wp-json\/wp\/v2\/pages"}],"about":[{"href":"https:\/\/lipno.amenity.cz\/de\/wp-json\/wp\/v2\/types\/page"}],"author":[{"embeddable":true,"href":"https:\/\/lipno.amenity.cz\/de\/wp-json\/wp\/v2\/users\/2"}],"replies":[{"embeddable":true,"href":"https:\/\/lipno.amenity.cz\/de\/wp-json\/wp\/v2\/comments?post=5741"}],"version-history":[{"count":0,"href":"https:\/\/lipno.amenity.cz\/de\/wp-json\/wp\/v2\/pages\/5741\/revisions"}],"wp:attachment":[{"href":"https:\/\/lipno.amenity.cz\/de\/wp-json\/wp\/v2\/media?parent=5741"}],"curies":[{"name":"wp","href":"https:\/\/api.w.org\/{rel}","templated":true}]}}