{"id":6532,"date":"2020-06-09T15:33:28","date_gmt":"2020-06-09T13:33:28","guid":{"rendered":"http:\/\/lipno.amenity.cz\/recenze\/"},"modified":"2020-10-15T10:35:17","modified_gmt":"2020-10-15T08:35:17","slug":"bewertungen","status":"publish","type":"page","link":"https:\/\/lipno.amenity.cz\/de\/bewertungen\/","title":{"rendered":"Bewertungen"},"content":{"rendered":"<div class=\"wpb-content-wrapper\"><p>[vc_row][vc_column]<div  class=\"empty-space  marg-lg-b25\"><\/div><div class=\"text-block \" ><div class=\"simple-text \"><h1 style=\"text-align: center;\">BEWERTUNGEN<\/h1>\n<h2 style=\"text-align: center;\">TrustYou \u2013 Amenity Hotel &amp; Resort Lipno<\/h2>\n<\/div><\/div>[vc_separator color=&#8221;custom&#8221; border_width=&#8221;2&#8243; el_width=&#8221;50&#8243; accent_color=&#8221;#c7b39a&#8221;]<div  class=\"empty-space  marg-lg-b25\"><\/div>[\/vc_column][\/vc_row][vc_row][vc_column width=&#8221;1\/2&#8243;]<div  class=\"empty-space  marg-lg-b25\"><\/div>[vc_raw_html]JTNDaWZyYW1lJTIwc3JjJTNEJTIyaHR0cHMlM0ElMkYlMkZhcGkudHJ1c3R5b3UuY29tJTJGaG90ZWxzJTJGMTkzNjAyYzItOTk0MS00MGU0LWI2YjItYzExNDlkYTQyMmYzJTJGdG9wc19mbG9wcy5odG1sJTNGa2V5JTNEYWM2MDcxYWEtZWE3Ny00ZGUyLWIwOWItZGQ3Nzk4ZmI3MmVlJTI2bGFuZyUzRGRlJTI2aWZyYW1lX3Jlc2l6ZXIlM0R0cnVlJTIyJTIwYWxsb3d0cmFuc3BhcmVuY3klM0QlMjJ0cnVlJTIyJTIwZnJhbWVib3JkZXIlM0QlMjIwJTIyJTIwaGVpZ2h0JTNEJTIyMjAwMHB4JTIyJTIwd2lkdGglM0QlMjIxMDAlMjUlMjIlM0UlM0MlMkZpZnJhbWUlM0U=[\/vc_raw_html][\/vc_column][vc_column width=&#8221;1\/2&#8243;]<div  class=\"empty-space  marg-lg-b25\"><\/div>[vc_raw_html]JTNDaWZyYW1lJTIwc3JjJTNEJTIyaHR0cHMlM0ElMkYlMkZhcGkudHJ1c3R5b3UuY29tJTJGaG90ZWxzJTJGMTkzNjAyYzItOTk0MS00MGU0LWI2YjItYzExNDlkYTQyMmYzJTJGcmV2aWV3cy5odG1sJTNGa2V5JTNEYWM2MDcxYWEtZWE3Ny00ZGUyLWIwOWItZGQ3Nzk4ZmI3MmVlJTI2bGFuZyUzRGRlJTIyJTIwYWxsb3d0cmFuc3BhcmVuY3klM0QlMjJ0cnVlJTIyJTIwZnJhbWVib3JkZXIlM0QlMjIwJTIyd2lkdGglM0QlMjIxMDAlMjUlMjJoZWlnaHQlM0QlMjIxNjMwcHglMjIlMjAlM0UlM0MlMkZpZnJhbWUlM0UlMEE=[\/vc_raw_html][\/vc_column][\/vc_row]<\/p>\n<\/div>","protected":false},"excerpt":{"rendered":"<p>[vc_row][vc_column][vc_separator color=&#8221;custom&#8221; border_width=&#8221;2&#8243; el_width=&#8221;50&#8243; accent_color=&#8221;#c7b39a&#8221;][\/vc_column][\/vc_row][vc_row][vc_column width=&#8221;1\/2&#8243;][vc_raw_html]JTNDaWZyYW1lJTIwc3JjJTNEJTIyaHR0cHMlM0ElMkYlMkZhcGkudHJ1c3R5b3UuY29tJTJGaG90ZWxzJTJGMTkzNjAyYzItOTk0MS00MGU0LWI2YjItYzExNDlkYTQyMmYzJTJGdG9wc19mbG9wcy5odG1sJTNGa2V5JTNEYWM2MDcxYWEtZWE3Ny00ZGUyLWIwOWItZGQ3Nzk4ZmI3MmVlJTI2bGFuZyUzRGRlJTI2aWZyYW1lX3Jlc2l6ZXIlM0R0cnVlJTIyJTIwYWxsb3d0cmFuc3BhcmVuY3klM0QlMjJ0cnVlJTIyJTIwZnJhbWVib3JkZXIlM0QlMjIwJTIyJTIwaGVpZ2h0JTNEJTIyMjAwMHB4JTIyJTIwd2lkdGglM0QlMjIxMDAlMjUlMjIlM0UlM0MlMkZpZnJhbWUlM0U=[\/vc_raw_html][\/vc_column][vc_column width=&#8221;1\/2&#8243;][vc_raw_html]JTNDaWZyYW1lJTIwc3JjJTNEJTIyaHR0cHMlM0ElMkYlMkZhcGkudHJ1c3R5b3UuY29tJTJGaG90ZWxzJTJGMTkzNjAyYzItOTk0MS00MGU0LWI2YjItYzExNDlkYTQyMmYzJTJGcmV2aWV3cy5odG1sJTNGa2V5JTNEYWM2MDcxYWEtZWE3Ny00ZGUyLWIwOWItZGQ3Nzk4ZmI3MmVlJTI2bGFuZyUzRGRlJTIyJTIwYWxsb3d0cmFuc3BhcmVuY3klM0QlMjJ0cnVlJTIyJTIwZnJhbWVib3JkZXIlM0QlMjIwJTIyd2lkdGglM0QlMjIxMDAlMjUlMjJoZWlnaHQlM0QlMjIxNjMwcHglMjIlMjAlM0UlM0MlMkZpZnJhbWUlM0UlMEE=[\/vc_raw_html][\/vc_column][\/vc_row]<\/p>\n","protected":false},"author":3,"featured_media":0,"parent":0,"menu_order":0,"comment_status":"closed","ping_status":"closed","template":"","meta":{"footnotes":""},"class_list":["post-6532","page","type-page","status-publish","hentry"],"yoast_head":"<!-- This site is optimized with the Yoast SEO Premium plugin v27.3 (Yoast SEO v27.3) - https:\/\/yoast.com\/product\/yoast-seo-premium-wordpress\/ -->\n<title>Recenze a hodnocen\u00ed od host\u016f | Amenity Resort Lipno<\/title>\n<meta name=\"description\" content=\"Nikdo n\u00e1s nezn\u00e1 l\u00e9pe, ne\u017e na\u0161i host\u00e9. Zjist\u011bte co si o n\u00e1s mysl\u00ed. D\u00edky va\u0161\u00ed zp\u011btn\u00e9 vazb\u011b d\u011bl\u00e1me na\u0161e slu\u017eby je\u0161t\u011b lep\u0161\u00edmi.\" \/>\n<meta name=\"robots\" content=\"index, follow, max-snippet:-1, max-image-preview:large, max-video-preview:-1\" \/>\n<link rel=\"canonical\" href=\"https:\/\/lipno.amenity.cz\/de\/bewertungen\/\" \/>\n<meta property=\"og:locale\" content=\"de_DE\" \/>\n<meta property=\"og:type\" content=\"article\" \/>\n<meta property=\"og:title\" content=\"Bewertungen\" \/>\n<meta property=\"og:description\" content=\"Nikdo n\u00e1s nezn\u00e1 l\u00e9pe, ne\u017e na\u0161i host\u00e9. Zjist\u011bte co si o n\u00e1s mysl\u00ed. D\u00edky va\u0161\u00ed zp\u011btn\u00e9 vazb\u011b d\u011bl\u00e1me na\u0161e slu\u017eby je\u0161t\u011b lep\u0161\u00edmi.\" \/>\n<meta property=\"og:url\" content=\"https:\/\/lipno.amenity.cz\/de\/bewertungen\/\" \/>\n<meta property=\"og:site_name\" content=\"Amenity Hotel &amp; Resort Lipno\" \/>\n<meta property=\"article:publisher\" content=\"https:\/\/www.facebook.com\/amenityresorts\/\" \/>\n<meta property=\"article:modified_time\" content=\"2020-10-15T08:35:17+00:00\" \/>\n<meta name=\"twitter:card\" content=\"summary_large_image\" \/>\n<meta name=\"twitter:label1\" content=\"Gesch\u00e4tzte Lesezeit\" \/>\n\t<meta name=\"twitter:data1\" content=\"1\u00a0Minute\" \/>\n<script type=\"application\/ld+json\" class=\"yoast-schema-graph\">{\"@context\":\"https:\\\/\\\/schema.org\",\"@graph\":[{\"@type\":\"WebPage\",\"@id\":\"https:\\\/\\\/lipno.amenity.cz\\\/de\\\/bewertungen\\\/\",\"url\":\"https:\\\/\\\/lipno.amenity.cz\\\/de\\\/bewertungen\\\/\",\"name\":\"Recenze a hodnocen\u00ed od host\u016f | Amenity Resort Lipno\",\"isPartOf\":{\"@id\":\"https:\\\/\\\/lipno.amenity.cz\\\/de\\\/#website\"},\"datePublished\":\"2020-06-09T13:33:28+00:00\",\"dateModified\":\"2020-10-15T08:35:17+00:00\",\"description\":\"Nikdo n\u00e1s nezn\u00e1 l\u00e9pe, ne\u017e na\u0161i host\u00e9. Zjist\u011bte co si o n\u00e1s mysl\u00ed. D\u00edky va\u0161\u00ed zp\u011btn\u00e9 vazb\u011b d\u011bl\u00e1me na\u0161e slu\u017eby je\u0161t\u011b lep\u0161\u00edmi.\",\"breadcrumb\":{\"@id\":\"https:\\\/\\\/lipno.amenity.cz\\\/de\\\/bewertungen\\\/#breadcrumb\"},\"inLanguage\":\"de\",\"potentialAction\":[{\"@type\":\"ReadAction\",\"target\":[\"https:\\\/\\\/lipno.amenity.cz\\\/de\\\/bewertungen\\\/\"]}]},{\"@type\":\"BreadcrumbList\",\"@id\":\"https:\\\/\\\/lipno.amenity.cz\\\/de\\\/bewertungen\\\/#breadcrumb\",\"itemListElement\":[{\"@type\":\"ListItem\",\"position\":1,\"name\":\"Dom\u016f\",\"item\":\"https:\\\/\\\/lipno.amenity.cz\\\/de\\\/\"},{\"@type\":\"ListItem\",\"position\":2,\"name\":\"Bewertungen\"}]},{\"@type\":\"WebSite\",\"@id\":\"https:\\\/\\\/lipno.amenity.cz\\\/de\\\/#website\",\"url\":\"https:\\\/\\\/lipno.amenity.cz\\\/de\\\/\",\"name\":\"Amenity Lipno\",\"description\":\"\",\"publisher\":{\"@id\":\"https:\\\/\\\/lipno.amenity.cz\\\/de\\\/#organization\"},\"potentialAction\":[{\"@type\":\"SearchAction\",\"target\":{\"@type\":\"EntryPoint\",\"urlTemplate\":\"https:\\\/\\\/lipno.amenity.cz\\\/de\\\/?s={search_term_string}\"},\"query-input\":{\"@type\":\"PropertyValueSpecification\",\"valueRequired\":true,\"valueName\":\"search_term_string\"}}],\"inLanguage\":\"de\"},{\"@type\":\"Organization\",\"@id\":\"https:\\\/\\\/lipno.amenity.cz\\\/de\\\/#organization\",\"name\":\"Amenity Resort Lipno\",\"url\":\"https:\\\/\\\/lipno.amenity.cz\\\/de\\\/\",\"logo\":{\"@type\":\"ImageObject\",\"inLanguage\":\"de\",\"@id\":\"https:\\\/\\\/lipno.amenity.cz\\\/de\\\/#\\\/schema\\\/logo\\\/image\\\/\",\"url\":\"http:\\\/\\\/lipno.amenity.cz\\\/wp-content\\\/uploads\\\/sites\\\/3\\\/2020\\\/10\\\/logo-amenity-resort-lipno.svg\",\"contentUrl\":\"http:\\\/\\\/lipno.amenity.cz\\\/wp-content\\\/uploads\\\/sites\\\/3\\\/2020\\\/10\\\/logo-amenity-resort-lipno.svg\",\"width\":689,\"height\":50,\"caption\":\"Amenity Resort Lipno\"},\"image\":{\"@id\":\"https:\\\/\\\/lipno.amenity.cz\\\/de\\\/#\\\/schema\\\/logo\\\/image\\\/\"},\"sameAs\":[\"https:\\\/\\\/www.facebook.com\\\/amenityresorts\\\/\",\"https:\\\/\\\/www.youtube.com\\\/channel\\\/UCVY-yFoyFBR8H0hC1euh7Sw\"]}]}<\/script>\n<!-- \/ Yoast SEO Premium plugin. -->","yoast_head_json":{"title":"Recenze a hodnocen\u00ed od host\u016f | Amenity Resort Lipno","description":"Nikdo n\u00e1s nezn\u00e1 l\u00e9pe, ne\u017e na\u0161i host\u00e9. Zjist\u011bte co si o n\u00e1s mysl\u00ed. D\u00edky va\u0161\u00ed zp\u011btn\u00e9 vazb\u011b d\u011bl\u00e1me na\u0161e slu\u017eby je\u0161t\u011b lep\u0161\u00edmi.","robots":{"index":"index","follow":"follow","max-snippet":"max-snippet:-1","max-image-preview":"max-image-preview:large","max-video-preview":"max-video-preview:-1"},"canonical":"https:\/\/lipno.amenity.cz\/de\/bewertungen\/","og_locale":"de_DE","og_type":"article","og_title":"Bewertungen","og_description":"Nikdo n\u00e1s nezn\u00e1 l\u00e9pe, ne\u017e na\u0161i host\u00e9. Zjist\u011bte co si o n\u00e1s mysl\u00ed. D\u00edky va\u0161\u00ed zp\u011btn\u00e9 vazb\u011b d\u011bl\u00e1me na\u0161e slu\u017eby je\u0161t\u011b lep\u0161\u00edmi.","og_url":"https:\/\/lipno.amenity.cz\/de\/bewertungen\/","og_site_name":"Amenity Hotel &amp; Resort Lipno","article_publisher":"https:\/\/www.facebook.com\/amenityresorts\/","article_modified_time":"2020-10-15T08:35:17+00:00","twitter_card":"summary_large_image","twitter_misc":{"Gesch\u00e4tzte Lesezeit":"1\u00a0Minute"},"schema":{"@context":"https:\/\/schema.org","@graph":[{"@type":"WebPage","@id":"https:\/\/lipno.amenity.cz\/de\/bewertungen\/","url":"https:\/\/lipno.amenity.cz\/de\/bewertungen\/","name":"Recenze a hodnocen\u00ed od host\u016f | Amenity Resort Lipno","isPartOf":{"@id":"https:\/\/lipno.amenity.cz\/de\/#website"},"datePublished":"2020-06-09T13:33:28+00:00","dateModified":"2020-10-15T08:35:17+00:00","description":"Nikdo n\u00e1s nezn\u00e1 l\u00e9pe, ne\u017e na\u0161i host\u00e9. Zjist\u011bte co si o n\u00e1s mysl\u00ed. D\u00edky va\u0161\u00ed zp\u011btn\u00e9 vazb\u011b d\u011bl\u00e1me na\u0161e slu\u017eby je\u0161t\u011b lep\u0161\u00edmi.","breadcrumb":{"@id":"https:\/\/lipno.amenity.cz\/de\/bewertungen\/#breadcrumb"},"inLanguage":"de","potentialAction":[{"@type":"ReadAction","target":["https:\/\/lipno.amenity.cz\/de\/bewertungen\/"]}]},{"@type":"BreadcrumbList","@id":"https:\/\/lipno.amenity.cz\/de\/bewertungen\/#breadcrumb","itemListElement":[{"@type":"ListItem","position":1,"name":"Dom\u016f","item":"https:\/\/lipno.amenity.cz\/de\/"},{"@type":"ListItem","position":2,"name":"Bewertungen"}]},{"@type":"WebSite","@id":"https:\/\/lipno.amenity.cz\/de\/#website","url":"https:\/\/lipno.amenity.cz\/de\/","name":"Amenity Lipno","description":"","publisher":{"@id":"https:\/\/lipno.amenity.cz\/de\/#organization"},"potentialAction":[{"@type":"SearchAction","target":{"@type":"EntryPoint","urlTemplate":"https:\/\/lipno.amenity.cz\/de\/?s={search_term_string}"},"query-input":{"@type":"PropertyValueSpecification","valueRequired":true,"valueName":"search_term_string"}}],"inLanguage":"de"},{"@type":"Organization","@id":"https:\/\/lipno.amenity.cz\/de\/#organization","name":"Amenity Resort Lipno","url":"https:\/\/lipno.amenity.cz\/de\/","logo":{"@type":"ImageObject","inLanguage":"de","@id":"https:\/\/lipno.amenity.cz\/de\/#\/schema\/logo\/image\/","url":"http:\/\/lipno.amenity.cz\/wp-content\/uploads\/sites\/3\/2020\/10\/logo-amenity-resort-lipno.svg","contentUrl":"http:\/\/lipno.amenity.cz\/wp-content\/uploads\/sites\/3\/2020\/10\/logo-amenity-resort-lipno.svg","width":689,"height":50,"caption":"Amenity Resort Lipno"},"image":{"@id":"https:\/\/lipno.amenity.cz\/de\/#\/schema\/logo\/image\/"},"sameAs":["https:\/\/www.facebook.com\/amenityresorts\/","https:\/\/www.youtube.com\/channel\/UCVY-yFoyFBR8H0hC1euh7Sw"]}]}},"_links":{"self":[{"href":"https:\/\/lipno.amenity.cz\/de\/wp-json\/wp\/v2\/pages\/6532","targetHints":{"allow":["GET"]}}],"collection":[{"href":"https:\/\/lipno.amenity.cz\/de\/wp-json\/wp\/v2\/pages"}],"about":[{"href":"https:\/\/lipno.amenity.cz\/de\/wp-json\/wp\/v2\/types\/page"}],"author":[{"embeddable":true,"href":"https:\/\/lipno.amenity.cz\/de\/wp-json\/wp\/v2\/users\/3"}],"replies":[{"embeddable":true,"href":"https:\/\/lipno.amenity.cz\/de\/wp-json\/wp\/v2\/comments?post=6532"}],"version-history":[{"count":0,"href":"https:\/\/lipno.amenity.cz\/de\/wp-json\/wp\/v2\/pages\/6532\/revisions"}],"wp:attachment":[{"href":"https:\/\/lipno.amenity.cz\/de\/wp-json\/wp\/v2\/media?parent=6532"}],"curies":[{"name":"wp","href":"https:\/\/api.w.org\/{rel}","templated":true}]}}