{"id":8422,"date":"2021-06-01T09:06:00","date_gmt":"2021-06-01T07:06:00","guid":{"rendered":"http:\/\/lipno.amenity.cz\/?page_id=8422"},"modified":"2021-08-31T12:11:45","modified_gmt":"2021-08-31T10:11:45","slug":"professionelles-fitnesscentre","status":"publish","type":"page","link":"https:\/\/lipno.amenity.cz\/de\/professionelles-fitnesscentre\/","title":{"rendered":"Professionelles fitnesscentre"},"content":{"rendered":"<div class=\"wpb-content-wrapper\"><p>[vc_row full_width=&#8221;stretch_row&#8221;][vc_column offset=&#8221;vc_hidden-sm vc_hidden-xs&#8221;][vc_raw_html]JTVCcmV2X3NsaWRlciUyMGFsaWFzJTNEJTIyRC1BS1QtZml0bmVzcyUyMiU1RCU1QiUyRnJldl9zbGlkZXIlNUQ=[\/vc_raw_html][\/vc_column][\/vc_row][vc_row full_width=&#8221;stretch_row&#8221;][vc_column offset=&#8221;vc_hidden-lg vc_hidden-md&#8221;][vc_raw_html]JTVCcmV2X3NsaWRlciUyMGFsaWFzJTNEJTIyTS1BS1QtZml0bmVzcyUyMiU1RCU1QiUyRnJldl9zbGlkZXIlNUQ=[\/vc_raw_html][\/vc_column][\/vc_row][vc_row][vc_column]<div  class=\"empty-space  marg-lg-b35\"><\/div>[vc_separator color=&#8221;custom&#8221; border_width=&#8221;2&#8243; el_width=&#8221;50&#8243; accent_color=&#8221;#c7b39a&#8221;]<div class=\"text-block \" ><div class=\"simple-text \"><p style=\"text-align: center;\"><strong>SPORT ARENA LIPNO<\/strong><\/p>\n<h1 style=\"text-align: center;\">PROFESSIONELLES FITNESSCENTER<\/h1>\n<\/div><\/div><div  class=\"empty-space  marg-lg-b35\"><\/div>[vc_separator color=&#8221;custom&#8221; border_width=&#8221;2&#8243; el_width=&#8221;50&#8243; accent_color=&#8221;#c7b39a&#8221;]<div  class=\"empty-space  marg-lg-b25\"><\/div>[\/vc_column][\/vc_row][vc_row][vc_column]<div class=\"text-block \" ><div class=\"simple-text \"><h3 style=\"text-align: center;\">Fitness im Amenity Resort Lipno wird nicht nur mit einem einzigartigen Blick auf den Lipno-Damm \u00fcberraschen.<\/h3>\n<\/div><\/div><div  class=\"empty-space  marg-lg-b35\"><\/div>[\/vc_column][\/vc_row][vc_row][vc_column width=&#8221;1\/4&#8243;]<div class=\"text-block \" ><div class=\"simple-text \"><p style=\"text-align: center;\"><img loading=\"lazy\" decoding=\"async\" class=\"aligncenter wp-image-7673 size-thumbnail\" src=\"http:\/\/lipno.amenity.cz\/wp-content\/uploads\/sites\/3\/2021\/02\/kardio-zona-150x150.png\" alt=\"\" width=\"150\" height=\"150\" srcset=\"https:\/\/lipno.amenity.cz\/wp-content\/uploads\/sites\/3\/2021\/02\/kardio-zona-150x150.png 150w, https:\/\/lipno.amenity.cz\/wp-content\/uploads\/sites\/3\/2021\/02\/kardio-zona-61x60.png 61w, https:\/\/lipno.amenity.cz\/wp-content\/uploads\/sites\/3\/2021\/02\/kardio-zona.png 251w\" sizes=\"auto, (max-width: 150px) 100vw, 150px\" \/><\/p>\n<p style=\"text-align: center;\">Auf einer Fl\u00e4che von 124 m2 finden Sie eine Cardio-Zone mit Top-Laufb\u00e4ndern und Fahrr\u00e4dern.<\/p>\n<\/div><\/div>[\/vc_column][vc_column width=&#8221;1\/4&#8243;]<div class=\"text-block \" ><div class=\"simple-text \"><p style=\"text-align: center;\"><img loading=\"lazy\" decoding=\"async\" class=\"aligncenter wp-image-7670 size-thumbnail\" src=\"http:\/\/lipno.amenity.cz\/wp-content\/uploads\/sites\/3\/2021\/02\/cinkova-zona-150x150.png\" alt=\"\" width=\"150\" height=\"150\" srcset=\"https:\/\/lipno.amenity.cz\/wp-content\/uploads\/sites\/3\/2021\/02\/cinkova-zona-150x150.png 150w, https:\/\/lipno.amenity.cz\/wp-content\/uploads\/sites\/3\/2021\/02\/cinkova-zona-61x60.png 61w, https:\/\/lipno.amenity.cz\/wp-content\/uploads\/sites\/3\/2021\/02\/cinkova-zona.png 251w\" sizes=\"auto, (max-width: 150px) 100vw, 150px\" \/><\/p>\n<p style=\"text-align: center;\">Fans von Gewichten stemmen werden sich hier auch bestens am\u00fcsieren. F\u00fcr sie haben wir eine ger\u00e4umige Zone mit verschiedensten Gewichten und f\u00fcr die einfachere \u00dcbungen sind hier die 50 kg Einhand-Hanteln.<\/p>\n<\/div><\/div>[\/vc_column][vc_column width=&#8221;1\/4&#8243;]<div class=\"text-block \" ><div class=\"simple-text \"><p style=\"text-align: center;\"><img loading=\"lazy\" decoding=\"async\" class=\"aligncenter wp-image-7676 size-thumbnail\" src=\"http:\/\/lipno.amenity.cz\/wp-content\/uploads\/sites\/3\/2021\/02\/multifunkcni-fitness-stroj-150x150.png\" alt=\"\" width=\"150\" height=\"150\" srcset=\"https:\/\/lipno.amenity.cz\/wp-content\/uploads\/sites\/3\/2021\/02\/multifunkcni-fitness-stroj-150x150.png 150w, https:\/\/lipno.amenity.cz\/wp-content\/uploads\/sites\/3\/2021\/02\/multifunkcni-fitness-stroj-61x60.png 61w, https:\/\/lipno.amenity.cz\/wp-content\/uploads\/sites\/3\/2021\/02\/multifunkcni-fitness-stroj.png 251w\" sizes=\"auto, (max-width: 150px) 100vw, 150px\" \/><\/p>\n<p style=\"text-align: center;\">Es gibt auch eine Reihe von Qualit\u00e4tsger\u00e4ten, mit denen alle Muskelteile in isolierter Form trainiert werden k\u00f6nnen. Im Zentrum steht dann ein multifunktionaler Fitnessturm mit einem Gewicht von bis zu 125 kg und sechs Stationen.<\/p>\n<\/div><\/div>[\/vc_column][vc_column width=&#8221;1\/4&#8243;]<div class=\"text-block \" ><div class=\"simple-text \"><p><img loading=\"lazy\" decoding=\"async\" class=\"aligncenter wp-image-7679 size-thumbnail\" src=\"http:\/\/lipno.amenity.cz\/wp-content\/uploads\/sites\/3\/2021\/02\/trx-150x150.png\" alt=\"\" width=\"150\" height=\"150\" srcset=\"https:\/\/lipno.amenity.cz\/wp-content\/uploads\/sites\/3\/2021\/02\/trx-150x150.png 150w, https:\/\/lipno.amenity.cz\/wp-content\/uploads\/sites\/3\/2021\/02\/trx-61x60.png 61w, https:\/\/lipno.amenity.cz\/wp-content\/uploads\/sites\/3\/2021\/02\/trx.png 251w\" sizes=\"auto, (max-width: 150px) 100vw, 150px\" \/><\/p>\n<p style=\"text-align: center;\">Der Fitnessraum verf\u00fcgt auch \u00fcber eine Funktionszone mit einer Vielzahl von Hilfsmitteln f\u00fcr komplexes Training wie Kettlebells, Overballs, Gymballs, Medizinb\u00e4lle oder einen Boxsack. F\u00fcr TRX-Enthusiasten gibt es eine spezielle Halle, in der sie sich auf jeden Fall am\u00fcsieren werden.<\/p>\n<\/div><\/div>[\/vc_column][\/vc_row][vc_row][vc_column]<div  class=\"empty-space  marg-lg-b35\"><\/div><div class=\"text-block \" ><div class=\"simple-text \"><p style=\"text-align: center;\"><strong>Unternehmen Sie eine virtuelle Tour oder kommen Sie pers\u00f6nlich trainieren und \u00fcberzeugen sich selbst.<\/strong><\/p>\n<\/div><\/div><div  class=\"empty-space  marg-lg-b35\"><\/div>[\/vc_column][\/vc_row][vc_row full_width=&#8221;stretch_row_content_no_spaces&#8221; content_placement=&#8221;middle&#8221;][vc_column offset=&#8221;vc_hidden-sm vc_hidden-xs&#8221;][vc_separator color=&#8221;custom&#8221; border_width=&#8221;2&#8243; el_width=&#8221;50&#8243; accent_color=&#8221;#c7b39a&#8221;]<div class=\"text-block \" ><div class=\"simple-text \"><p style=\"text-align: center;\"><strong>FITNESS CENTRUM LIPNO<\/strong><\/p>\n<h2 style=\"text-align: center;\">Virtuelle Tour<\/h2>\n<\/div><\/div><div  class=\"empty-space  marg-lg-b35\"><\/div>[vc_separator color=&#8221;custom&#8221; border_width=&#8221;2&#8243; el_width=&#8221;50&#8243; accent_color=&#8221;#c7b39a&#8221;]<div  class=\"empty-space  marg-lg-b25\"><\/div>[vc_raw_html]JTNDaWZyYW1lJTIwd2lkdGglM0QlMjcxMDAlMjUlMjclMjBoZWlnaHQlM0QlMjc2MzBweCUyNyUyMHNyYyUzRCUyN2h0dHBzJTNBJTJGJTJGbXkubWF0dGVycG9ydC5jb20lMkZzaG93JTJGJTNGbSUzRHR2Und1aXdBUlhqJTI3JTIwZnJhbWVib3JkZXIlM0QlMjcwJTI3JTIwYWxsb3dmdWxsc2NyZWVuJTIwYWxsb3clM0QlMjd4ci1zcGF0aWFsLXRyYWNraW5nJTI3JTNFJTNDJTJGaWZyYW1lJTNF[\/vc_raw_html][\/vc_column][\/vc_row][vc_row full_width=&#8221;stretch_row_content_no_spaces&#8221; content_placement=&#8221;middle&#8221;][vc_column offset=&#8221;vc_hidden-lg vc_hidden-md&#8221;][vc_separator color=&#8221;custom&#8221; border_width=&#8221;2&#8243; el_width=&#8221;50&#8243; accent_color=&#8221;#c7b39a&#8221;]<div class=\"text-block \" ><div class=\"simple-text \"><p style=\"text-align: center;\"><strong>FITNESS CENTRUM LIPNO<\/strong><\/p>\n<h2 style=\"text-align: center;\">Virtu\u00e1ln\u00ed prohl\u00eddka<\/h2>\n<\/div><\/div><div  class=\"empty-space  marg-lg-b35\"><\/div>[vc_separator color=&#8221;custom&#8221; border_width=&#8221;2&#8243; el_width=&#8221;50&#8243; accent_color=&#8221;#c7b39a&#8221;]<div  class=\"empty-space  marg-lg-b25\"><\/div>[vc_raw_html]JTNDaWZyYW1lJTIwd2lkdGglM0QlMjcxMDAlMjUlMjclMjBoZWlnaHQlM0QlMjcxMDAlMjUlMjclMjBzcmMlM0QlMjdodHRwcyUzQSUyRiUyRm15Lm1hdHRlcnBvcnQuY29tJTJGc2hvdyUyRiUzRm0lM0R0dlJ3dWl3QVJYaiUyNyUyMGZyYW1lYm9yZGVyJTNEJTI3MCUyNyUyMGFsbG93ZnVsbHNjcmVlbiUyMGFsbG93JTNEJTI3eHItc3BhdGlhbC10cmFja2luZyUyNyUzRSUzQyUyRmlmcmFtZSUzRQ==[\/vc_raw_html][\/vc_column][\/vc_row][vc_row][vc_column]<div  class=\"empty-space  marg-lg-b35\"><\/div>[vc_separator color=&#8221;custom&#8221; border_width=&#8221;2&#8243; el_width=&#8221;50&#8243; accent_color=&#8221;#c7b39a&#8221;]<div class=\"text-block \" ><div class=\"simple-text \"><p style=\"text-align: center;\"><strong>PROFESSIONELLE FITNESSMASCHINEN<\/strong><\/p>\n<h2 style=\"text-align: center;\">Katalog von Trainingsger\u00e4ten und Fitnesszubeh\u00f6r<\/h2>\n<\/div><\/div><div  class=\"empty-space  marg-lg-b35\"><\/div>[vc_separator color=&#8221;custom&#8221; border_width=&#8221;2&#8243; el_width=&#8221;50&#8243; accent_color=&#8221;#c7b39a&#8221;]<div  class=\"empty-space  marg-lg-b25\"><\/div>[\/vc_column][\/vc_row][vc_row full_width=&#8221;stretch_row&#8221; content_placement=&#8221;middle&#8221;][vc_column offset=&#8221;vc_hidden-sm vc_hidden-xs&#8221;][vc_raw_html]JTVCcmV2X3NsaWRlciUyMGFsaWFzJTNEJTIyRC1BS1QtZ2FsZXJpZS1maXRuZXNzJTIyJTVEJTVCJTJGcmV2X3NsaWRlciU1RA==[\/vc_raw_html][\/vc_column][\/vc_row][vc_row full_width=&#8221;stretch_row&#8221;][vc_column offset=&#8221;vc_hidden-lg vc_hidden-md&#8221;][vc_raw_html]JTVCcmV2X3NsaWRlciUyMGFsaWFzJTNEJTIyTS1BS1QtZ2FsZXJpZS1maXRuZXNzJTIyJTVEJTVCJTJGcmV2X3NsaWRlciU1RA==[\/vc_raw_html][\/vc_column][\/vc_row]<\/p>\n<\/div>","protected":false},"excerpt":{"rendered":"<p>[vc_row full_width=&#8221;stretch_row&#8221;][vc_column offset=&#8221;vc_hidden-sm vc_hidden-xs&#8221;][vc_raw_html]JTVCcmV2X3NsaWRlciUyMGFsaWFzJTNEJTIyRC1BS1QtZml0bmVzcyUyMiU1RCU1QiUyRnJldl9zbGlkZXIlNUQ=[\/vc_raw_html][\/vc_column][\/vc_row][vc_row full_width=&#8221;stretch_row&#8221;][vc_column offset=&#8221;vc_hidden-lg vc_hidden-md&#8221;][vc_raw_html]JTVCcmV2X3NsaWRlciUyMGFsaWFzJTNEJTIyTS1BS1QtZml0bmVzcyUyMiU1RCU1QiUyRnJldl9zbGlkZXIlNUQ=[\/vc_raw_html][\/vc_column][\/vc_row][vc_row][vc_column][vc_separator color=&#8221;custom&#8221; border_width=&#8221;2&#8243; el_width=&#8221;50&#8243; accent_color=&#8221;#c7b39a&#8221;][vc_separator color=&#8221;custom&#8221; border_width=&#8221;2&#8243; el_width=&#8221;50&#8243; accent_color=&#8221;#c7b39a&#8221;][\/vc_column][\/vc_row][vc_row][vc_column][\/vc_column][\/vc_row][vc_row][vc_column width=&#8221;1\/4&#8243;][\/vc_column][vc_column width=&#8221;1\/4&#8243;][\/vc_column][vc_column width=&#8221;1\/4&#8243;][\/vc_column][vc_column width=&#8221;1\/4&#8243;][\/vc_column][\/vc_row][vc_row][vc_column][\/vc_column][\/vc_row][vc_row full_width=&#8221;stretch_row_content_no_spaces&#8221; content_placement=&#8221;middle&#8221;][vc_column offset=&#8221;vc_hidden-sm vc_hidden-xs&#8221;][vc_separator color=&#8221;custom&#8221; border_width=&#8221;2&#8243; el_width=&#8221;50&#8243; accent_color=&#8221;#c7b39a&#8221;][vc_separator color=&#8221;custom&#8221; border_width=&#8221;2&#8243; el_width=&#8221;50&#8243;<\/p>\n","protected":false},"author":3,"featured_media":0,"parent":0,"menu_order":0,"comment_status":"closed","ping_status":"closed","template":"","meta":{"footnotes":""},"class_list":["post-8422","page","type-page","status-publish","hentry"],"yoast_head":"<!-- This site is optimized with the Yoast SEO Premium plugin v27.3 (Yoast SEO v27.3) - https:\/\/yoast.com\/product\/yoast-seo-premium-wordpress\/ -->\n<title>Professionelles fitnesscentre \u2013 Lipno nad Vltavou \u2013 Amenity Resort Lipno<\/title>\n<meta name=\"description\" content=\"Fitness im Amenity Resort Lipno wird nicht nur mit einem einzigartigen Blick auf den Lipno-Damm \u00fcberraschen \u2013 Sport Arena Lipno.\" \/>\n<meta name=\"robots\" content=\"index, follow, max-snippet:-1, max-image-preview:large, max-video-preview:-1\" \/>\n<link rel=\"canonical\" href=\"https:\/\/lipno.amenity.cz\/de\/professionelles-fitnesscentre\/\" \/>\n<meta property=\"og:locale\" content=\"de_DE\" \/>\n<meta property=\"og:type\" content=\"article\" \/>\n<meta property=\"og:title\" content=\"Professionelles fitnesscentre\" \/>\n<meta property=\"og:description\" content=\"Fitness im Amenity Resort Lipno wird nicht nur mit einem einzigartigen Blick auf den Lipno-Damm \u00fcberraschen \u2013 Sport Arena Lipno.\" \/>\n<meta property=\"og:url\" content=\"https:\/\/lipno.amenity.cz\/de\/professionelles-fitnesscentre\/\" \/>\n<meta property=\"og:site_name\" content=\"Amenity Hotel &amp; Resort Lipno\" \/>\n<meta property=\"article:publisher\" content=\"https:\/\/www.facebook.com\/amenityresorts\/\" \/>\n<meta property=\"article:modified_time\" content=\"2021-08-31T10:11:45+00:00\" \/>\n<meta property=\"og:image\" content=\"http:\/\/lipno.amenity.cz\/wp-content\/uploads\/sites\/3\/2021\/02\/kardio-zona-150x150.png\" \/>\n<meta name=\"twitter:card\" content=\"summary_large_image\" \/>\n<meta name=\"twitter:label1\" content=\"Gesch\u00e4tzte Lesezeit\" \/>\n\t<meta name=\"twitter:data1\" content=\"3\u00a0Minuten\" \/>\n<script type=\"application\/ld+json\" class=\"yoast-schema-graph\">{\"@context\":\"https:\\\/\\\/schema.org\",\"@graph\":[{\"@type\":\"WebPage\",\"@id\":\"https:\\\/\\\/lipno.amenity.cz\\\/de\\\/professionelles-fitnesscentre\\\/\",\"url\":\"https:\\\/\\\/lipno.amenity.cz\\\/de\\\/professionelles-fitnesscentre\\\/\",\"name\":\"Professionelles fitnesscentre \u2013 Lipno nad Vltavou \u2013 Amenity Resort Lipno\",\"isPartOf\":{\"@id\":\"https:\\\/\\\/lipno.amenity.cz\\\/de\\\/#website\"},\"primaryImageOfPage\":{\"@id\":\"https:\\\/\\\/lipno.amenity.cz\\\/de\\\/professionelles-fitnesscentre\\\/#primaryimage\"},\"image\":{\"@id\":\"https:\\\/\\\/lipno.amenity.cz\\\/de\\\/professionelles-fitnesscentre\\\/#primaryimage\"},\"thumbnailUrl\":\"http:\\\/\\\/lipno.amenity.cz\\\/wp-content\\\/uploads\\\/sites\\\/3\\\/2021\\\/02\\\/kardio-zona-150x150.png\",\"datePublished\":\"2021-06-01T07:06:00+00:00\",\"dateModified\":\"2021-08-31T10:11:45+00:00\",\"description\":\"Fitness im Amenity Resort Lipno wird nicht nur mit einem einzigartigen Blick auf den Lipno-Damm \u00fcberraschen \u2013 Sport Arena Lipno.\",\"breadcrumb\":{\"@id\":\"https:\\\/\\\/lipno.amenity.cz\\\/de\\\/professionelles-fitnesscentre\\\/#breadcrumb\"},\"inLanguage\":\"de\",\"potentialAction\":[{\"@type\":\"ReadAction\",\"target\":[\"https:\\\/\\\/lipno.amenity.cz\\\/de\\\/professionelles-fitnesscentre\\\/\"]}]},{\"@type\":\"ImageObject\",\"inLanguage\":\"de\",\"@id\":\"https:\\\/\\\/lipno.amenity.cz\\\/de\\\/professionelles-fitnesscentre\\\/#primaryimage\",\"url\":\"http:\\\/\\\/lipno.amenity.cz\\\/wp-content\\\/uploads\\\/sites\\\/3\\\/2021\\\/02\\\/kardio-zona-150x150.png\",\"contentUrl\":\"http:\\\/\\\/lipno.amenity.cz\\\/wp-content\\\/uploads\\\/sites\\\/3\\\/2021\\\/02\\\/kardio-zona-150x150.png\"},{\"@type\":\"BreadcrumbList\",\"@id\":\"https:\\\/\\\/lipno.amenity.cz\\\/de\\\/professionelles-fitnesscentre\\\/#breadcrumb\",\"itemListElement\":[{\"@type\":\"ListItem\",\"position\":1,\"name\":\"Dom\u016f\",\"item\":\"https:\\\/\\\/lipno.amenity.cz\\\/de\\\/\"},{\"@type\":\"ListItem\",\"position\":2,\"name\":\"Professionelles fitnesscentre\"}]},{\"@type\":\"WebSite\",\"@id\":\"https:\\\/\\\/lipno.amenity.cz\\\/de\\\/#website\",\"url\":\"https:\\\/\\\/lipno.amenity.cz\\\/de\\\/\",\"name\":\"Amenity Lipno\",\"description\":\"\",\"publisher\":{\"@id\":\"https:\\\/\\\/lipno.amenity.cz\\\/de\\\/#organization\"},\"potentialAction\":[{\"@type\":\"SearchAction\",\"target\":{\"@type\":\"EntryPoint\",\"urlTemplate\":\"https:\\\/\\\/lipno.amenity.cz\\\/de\\\/?s={search_term_string}\"},\"query-input\":{\"@type\":\"PropertyValueSpecification\",\"valueRequired\":true,\"valueName\":\"search_term_string\"}}],\"inLanguage\":\"de\"},{\"@type\":\"Organization\",\"@id\":\"https:\\\/\\\/lipno.amenity.cz\\\/de\\\/#organization\",\"name\":\"Amenity Resort Lipno\",\"url\":\"https:\\\/\\\/lipno.amenity.cz\\\/de\\\/\",\"logo\":{\"@type\":\"ImageObject\",\"inLanguage\":\"de\",\"@id\":\"https:\\\/\\\/lipno.amenity.cz\\\/de\\\/#\\\/schema\\\/logo\\\/image\\\/\",\"url\":\"http:\\\/\\\/lipno.amenity.cz\\\/wp-content\\\/uploads\\\/sites\\\/3\\\/2020\\\/10\\\/logo-amenity-resort-lipno.svg\",\"contentUrl\":\"http:\\\/\\\/lipno.amenity.cz\\\/wp-content\\\/uploads\\\/sites\\\/3\\\/2020\\\/10\\\/logo-amenity-resort-lipno.svg\",\"width\":689,\"height\":50,\"caption\":\"Amenity Resort Lipno\"},\"image\":{\"@id\":\"https:\\\/\\\/lipno.amenity.cz\\\/de\\\/#\\\/schema\\\/logo\\\/image\\\/\"},\"sameAs\":[\"https:\\\/\\\/www.facebook.com\\\/amenityresorts\\\/\",\"https:\\\/\\\/www.youtube.com\\\/channel\\\/UCVY-yFoyFBR8H0hC1euh7Sw\"]}]}<\/script>\n<!-- \/ Yoast SEO Premium plugin. -->","yoast_head_json":{"title":"Professionelles fitnesscentre \u2013 Lipno nad Vltavou \u2013 Amenity Resort Lipno","description":"Fitness im Amenity Resort Lipno wird nicht nur mit einem einzigartigen Blick auf den Lipno-Damm \u00fcberraschen \u2013 Sport Arena Lipno.","robots":{"index":"index","follow":"follow","max-snippet":"max-snippet:-1","max-image-preview":"max-image-preview:large","max-video-preview":"max-video-preview:-1"},"canonical":"https:\/\/lipno.amenity.cz\/de\/professionelles-fitnesscentre\/","og_locale":"de_DE","og_type":"article","og_title":"Professionelles fitnesscentre","og_description":"Fitness im Amenity Resort Lipno wird nicht nur mit einem einzigartigen Blick auf den Lipno-Damm \u00fcberraschen \u2013 Sport Arena Lipno.","og_url":"https:\/\/lipno.amenity.cz\/de\/professionelles-fitnesscentre\/","og_site_name":"Amenity Hotel &amp; Resort Lipno","article_publisher":"https:\/\/www.facebook.com\/amenityresorts\/","article_modified_time":"2021-08-31T10:11:45+00:00","og_image":[{"url":"http:\/\/lipno.amenity.cz\/wp-content\/uploads\/sites\/3\/2021\/02\/kardio-zona-150x150.png","type":"","width":"","height":""}],"twitter_card":"summary_large_image","twitter_misc":{"Gesch\u00e4tzte Lesezeit":"3\u00a0Minuten"},"schema":{"@context":"https:\/\/schema.org","@graph":[{"@type":"WebPage","@id":"https:\/\/lipno.amenity.cz\/de\/professionelles-fitnesscentre\/","url":"https:\/\/lipno.amenity.cz\/de\/professionelles-fitnesscentre\/","name":"Professionelles fitnesscentre \u2013 Lipno nad Vltavou \u2013 Amenity Resort Lipno","isPartOf":{"@id":"https:\/\/lipno.amenity.cz\/de\/#website"},"primaryImageOfPage":{"@id":"https:\/\/lipno.amenity.cz\/de\/professionelles-fitnesscentre\/#primaryimage"},"image":{"@id":"https:\/\/lipno.amenity.cz\/de\/professionelles-fitnesscentre\/#primaryimage"},"thumbnailUrl":"http:\/\/lipno.amenity.cz\/wp-content\/uploads\/sites\/3\/2021\/02\/kardio-zona-150x150.png","datePublished":"2021-06-01T07:06:00+00:00","dateModified":"2021-08-31T10:11:45+00:00","description":"Fitness im Amenity Resort Lipno wird nicht nur mit einem einzigartigen Blick auf den Lipno-Damm \u00fcberraschen \u2013 Sport Arena Lipno.","breadcrumb":{"@id":"https:\/\/lipno.amenity.cz\/de\/professionelles-fitnesscentre\/#breadcrumb"},"inLanguage":"de","potentialAction":[{"@type":"ReadAction","target":["https:\/\/lipno.amenity.cz\/de\/professionelles-fitnesscentre\/"]}]},{"@type":"ImageObject","inLanguage":"de","@id":"https:\/\/lipno.amenity.cz\/de\/professionelles-fitnesscentre\/#primaryimage","url":"http:\/\/lipno.amenity.cz\/wp-content\/uploads\/sites\/3\/2021\/02\/kardio-zona-150x150.png","contentUrl":"http:\/\/lipno.amenity.cz\/wp-content\/uploads\/sites\/3\/2021\/02\/kardio-zona-150x150.png"},{"@type":"BreadcrumbList","@id":"https:\/\/lipno.amenity.cz\/de\/professionelles-fitnesscentre\/#breadcrumb","itemListElement":[{"@type":"ListItem","position":1,"name":"Dom\u016f","item":"https:\/\/lipno.amenity.cz\/de\/"},{"@type":"ListItem","position":2,"name":"Professionelles fitnesscentre"}]},{"@type":"WebSite","@id":"https:\/\/lipno.amenity.cz\/de\/#website","url":"https:\/\/lipno.amenity.cz\/de\/","name":"Amenity Lipno","description":"","publisher":{"@id":"https:\/\/lipno.amenity.cz\/de\/#organization"},"potentialAction":[{"@type":"SearchAction","target":{"@type":"EntryPoint","urlTemplate":"https:\/\/lipno.amenity.cz\/de\/?s={search_term_string}"},"query-input":{"@type":"PropertyValueSpecification","valueRequired":true,"valueName":"search_term_string"}}],"inLanguage":"de"},{"@type":"Organization","@id":"https:\/\/lipno.amenity.cz\/de\/#organization","name":"Amenity Resort Lipno","url":"https:\/\/lipno.amenity.cz\/de\/","logo":{"@type":"ImageObject","inLanguage":"de","@id":"https:\/\/lipno.amenity.cz\/de\/#\/schema\/logo\/image\/","url":"http:\/\/lipno.amenity.cz\/wp-content\/uploads\/sites\/3\/2020\/10\/logo-amenity-resort-lipno.svg","contentUrl":"http:\/\/lipno.amenity.cz\/wp-content\/uploads\/sites\/3\/2020\/10\/logo-amenity-resort-lipno.svg","width":689,"height":50,"caption":"Amenity Resort Lipno"},"image":{"@id":"https:\/\/lipno.amenity.cz\/de\/#\/schema\/logo\/image\/"},"sameAs":["https:\/\/www.facebook.com\/amenityresorts\/","https:\/\/www.youtube.com\/channel\/UCVY-yFoyFBR8H0hC1euh7Sw"]}]}},"_links":{"self":[{"href":"https:\/\/lipno.amenity.cz\/de\/wp-json\/wp\/v2\/pages\/8422","targetHints":{"allow":["GET"]}}],"collection":[{"href":"https:\/\/lipno.amenity.cz\/de\/wp-json\/wp\/v2\/pages"}],"about":[{"href":"https:\/\/lipno.amenity.cz\/de\/wp-json\/wp\/v2\/types\/page"}],"author":[{"embeddable":true,"href":"https:\/\/lipno.amenity.cz\/de\/wp-json\/wp\/v2\/users\/3"}],"replies":[{"embeddable":true,"href":"https:\/\/lipno.amenity.cz\/de\/wp-json\/wp\/v2\/comments?post=8422"}],"version-history":[{"count":0,"href":"https:\/\/lipno.amenity.cz\/de\/wp-json\/wp\/v2\/pages\/8422\/revisions"}],"wp:attachment":[{"href":"https:\/\/lipno.amenity.cz\/de\/wp-json\/wp\/v2\/media?parent=8422"}],"curies":[{"name":"wp","href":"https:\/\/api.w.org\/{rel}","templated":true}]}}