{"id":4324,"date":"2019-10-28T14:53:44","date_gmt":"2019-10-28T13:53:44","guid":{"rendered":"http:\/\/lipno.amenityhotels.com\/news\/"},"modified":"2019-10-28T14:53:45","modified_gmt":"2019-10-28T13:53:45","slug":"news","status":"publish","type":"page","link":"https:\/\/lipno.amenity.cz\/en\/news\/","title":{"rendered":"News"},"content":{"rendered":"<div class=\"wpb-content-wrapper\"><p>[vc_row full_width=&#8221;stretch_row_content_no_spaces&#8221;][vc_column offset=&#8221;vc_hidden-sm vc_hidden-xs&#8221;][\/vc_column][vc_column offset=&#8221;vc_hidden-lg vc_hidden-md&#8221;][vc_single_image image=&#8221;3094&#8243; img_size=&#8221;full&#8221;][\/vc_column][\/vc_row][vc_row full_width=&#8221;stretch_row_content_no_spaces&#8221; css=&#8221;.vc_custom_1566336256551{background-color: #c7b39a !important;}&#8221;][vc_column]<div  class=\"empty-space  marg-lg-b10\"><\/div>[\/vc_column][\/vc_row][vc_row full_width=&#8221;stretch_row_content_no_spaces&#8221; css=&#8221;.vc_custom_1566336266954{background-color: #c7b39a !important;}&#8221;][vc_column width=&#8221;1\/4&#8243; css=&#8221;.vc_custom_1566768630642{padding-left: 100px !important;}&#8221;]<div class=\"text-block \" ><div class=\"simple-text \"><p><img loading=\"lazy\" decoding=\"async\" class=\"alignnone size-full wp-image-3759\" src=\"http:\/\/lipno.amenity.cz\/wp-content\/uploads\/sites\/3\/2019\/08\/logo-Amenity-25x25.png\" alt=\"\" width=\"25\" height=\"25\">   <a class=\"lista\" href=\"http:\/\/spindl.amenity.cz\"><strong>RESORT \u0160PINDLER\u016eV ML\u00ddN<\/strong><\/a><\/p>\n<\/div><\/div>[\/vc_column][vc_column width=&#8221;1\/4&#8243; css=&#8221;.vc_custom_1566768637811{padding-left: 100px !important;}&#8221;]<div class=\"text-block \" ><div class=\"simple-text \"><p><img loading=\"lazy\" decoding=\"async\" class=\"alignnone size-full wp-image-3759\" src=\"http:\/\/lipno.amenity.cz\/wp-content\/uploads\/sites\/3\/2019\/08\/logo-Amenity-25x25.png\" alt=\"\" width=\"25\" height=\"25\">   <a class=\"lista\" href=\"http:\/\/kanada.amenity.cz\"><strong>RESORT \u010cESK\u00c1 KANADA<\/strong><\/a><\/p>\n<\/div><\/div>[\/vc_column][vc_column width=&#8221;1\/4&#8243; css=&#8221;.vc_custom_1566768647974{padding-left: 100px !important;}&#8221;]<div class=\"text-block \" ><div class=\"simple-text \"><p><img loading=\"lazy\" decoding=\"async\" class=\"alignnone size-full wp-image-3759\" src=\"http:\/\/lipno.amenity.cz\/wp-content\/uploads\/sites\/3\/2019\/08\/logo-Amenity-25x25.png\" alt=\"\" width=\"25\" height=\"25\">   <a class=\"lista\" href=\"http:\/\/orlickehory.amenity.cz\"><strong>RESORT ORLICK\u00c9 HORY<\/strong><\/a><\/p>\n<\/div><\/div>[\/vc_column][vc_column width=&#8221;1\/4&#8243; css=&#8221;.vc_custom_1566768653962{padding-left: 100px !important;}&#8221;]<div class=\"text-block \" ><div class=\"simple-text \"><p><img loading=\"lazy\" decoding=\"async\" class=\"alignnone size-full wp-image-3759\" src=\"http:\/\/lipno.amenity.cz\/wp-content\/uploads\/sites\/3\/2019\/08\/logo-Amenity-25x25.png\" alt=\"\" width=\"25\" height=\"25\">   <a class=\"lista\" href=\"https:\/\/amenity.cz\"><strong>AMENITY RESORTS<\/strong><\/a><\/p>\n<\/div><\/div>[\/vc_column][\/vc_row][vc_row][vc_column]<div  class=\"empty-space  marg-lg-b35\"><\/div><div class=\"text-block \" ><div class=\"simple-text \"><h1 style=\"text-align: center;\">News<\/h1>\n<\/div><\/div><div  class=\"empty-space  marg-lg-b25\"><\/div>[vc_separator color=&#8221;custom&#8221; border_width=&#8221;2&#8243; el_width=&#8221;50&#8243; accent_color=&#8221;#c7b39a&#8221;]<div  class=\"empty-space  marg-lg-b10\"><\/div>[\/vc_column][\/vc_row][vc_row][vc_column]\n\t\t\t<div class=\"ult_dual_button  ult-adjust-bottom-margin to-center  \"  data-response=\"on\" id=\"ult_btn_213984207\">\n\n\t\t\t<div id=\"dualbtn-6915\" class=\"ulitmate_dual_buttons ult-dual-btn ult_main_dualbtn \" data-bcolor=\"#333333\"data-bhcolor=\"\">\n\n\t\t\t<div class=\"ult_dualbutton-wrapper btn-inline place-template bt1 \"><a href=\"http:\/\/lipno.amenity.cz\/specialni-nabidky\/\" title=\"Speci\u00e1ln\u00ed nab\u00eddky\"  class=\"ult_ivan_button round-square with-icon icon-before with-text place-template ult_dual1\" style=\";margin-right:px;;background-color:#c7b39a !important;; border-color:#333333;border-style:;border-width:0px;border-radius:5px;;\">\n\t\t\t<span class=\"ult-dual-btn-1 Style 1\" style=\"\"  data-bgcolor=\"#c7b39a\" data-bghovercolor=\"rgba(0,0,0,0.59)\" data-icon_color=\"#333333\" data-icon_hover_color=\"#333333\" data-textcolor=\"#ffffff\" data-texthovercolor=\"#ffffff\" data-iconbgcolor=\"transperent\" data-iconbghovercolor=\"transperent\" data-iconborder=\"transperent\" data-iconhoverborder=\"transperent\" >\n\t\t\t<span class=\"icon-simple icon-left1 ult_btn1span ult-dual-btn-no-icon\"  style=\";padding-left:0px; \"><\/span>\n\t\t\t<span class=\"text-btn ult-dual-button-title ult-responsive\"  data-ultimate-target='#dualbtn-6915 .ult-dual-button-title'  data-responsive-json-new='{\"font-size\":\"desktop:16px;\",\"line-height\":\"desktop:15px;\"}'  style=\"font-weight:normal;color:#ffffff;\">SPECIAL OFFERS<\/span>\n\n\t\t\t<\/span>\n\t\t\t<\/a><span class=\"middle-text\" style=\"line-height: 1.8em;color:#5d3526;background-color:#c7b39a;border-width:0px;\">\n\t\t\t<span class=\"middle-inner\"  ><i class=\"Defaults-bullseye\"><\/i><\/span>\n\t\t\t<\/span>\n\n\t\t\t<\/div>\n\n\t\t\t<div class=\"ult_dualbutton-wrapper btn-inline place-template btn2 \"><a href=\"javascript:void(0);\" title=\"Novinky z resortu\"  class=\"ult_ivan_button round-square with-icon icon-after with-text place-template ult_dual2\"  style=\";background-color:rgba(0,0,0,0.6) !important;;margin-left:px;;border-color:#333333;border-style:;border-width:0px;border-radius:5px;\">\n\t\t\t<span class=\"ult-dual-btn-2 Style 1\"  data-bgcolor=\"rgba(0,0,0,0.6)\" data-bghovercolor=\"rgba(0,0,0,0.6)\" data-icon_color=\"#333333\" data-icon_hover_color=\"#333333\" data-textcolor=\"#ffffff\" data-texthovercolor=\"#ffffff\" data-iconbgcolor=\"transperent\" data-iconbghovercolor=\"transperent\" data-iconborder=\"transperent\" data-iconhoverborder=\"transperent\" >\n\t\t\t<span class=\"text-btn ult-dual-button-title\" style=\"font-weight:normal;color:#ffffff;\">News<\/span>\n\n\t\t\t<span class=\"icon-simple icon-right2 ult_btn1span ult-dual-btn-no-icon\"  style=\";padding-left:0px; \"><\/span>\n\t\t\t<\/span>\n\t\t\t<\/a><\/div>\n\t\t\t<\/div>\n\t\t\t<\/div>[\/vc_column][\/vc_row][vc_row full_width=&#8221;stretch_row_content_no_spaces&#8221;][vc_column]<div  class=\"hb-text-block__wrapper style1\"><div class=\"row\"><div class=\"col-md-6\"><div class=\"hb-image__block\"><img decoding=\"async\" src=\"https:\/\/lipno.amenity.cz\/wp-content\/uploads\/sites\/3\/2019\/09\/lipno-certifikat.jpg\" alt=\"\" \/><\/div><\/div><div class=\"col-md-6\"><div class=\"hb-text_block_content\"><div class=\"hb-text-block___inner_wrapper\"><div class=\"featured-rooms-slider__title title-color-black\">Z\u00edskali jsme Certifik\u00e1t v\u00fdjime\u010dnosti<\/div><div class=\"featured-rooms-slider__text content-color-grey\">V\u00fdjime\u010dn\u00e9 m\u00edsto, v\u00fdjime\u010dn\u00fd servis, v\u00fdjime\u010dn\u00e9 recenze.<\/div><a class=\"btn btn--md btn--normal\" href=\"http:\/\/lipno.amenity.cz\/ziskali-jsme-certifikat-vyjimecnosti\/\" title=\"button\" target=\"_self\">ZJISTIT V\u00cdCE<\/a><\/div><\/div><\/div><\/div><\/div>[\/vc_column][vc_column css=&#8221;.vc_custom_1571662690713{background-color: #f0f0f0 !important;}&#8221;]<div  class=\"empty-space  marg-sm-b15 marg-xs-b15\"><\/div>[\/vc_column][vc_column offset=&#8221;vc_hidden-sm vc_hidden-xs&#8221;]<div  class=\"hb-text-block__wrapper style2\"><div class=\"row\"><div class=\"col-md-6\"><div class=\"hb-text_block_content\"><div class=\"hb-text-block___inner_wrapper text-right\"><div class=\"featured-rooms-slider__title title-color-black\">Zv\u00fdhodn\u011bn\u00ed pro ubytovan\u00e9 hosty<\/div><div class=\"featured-rooms-slider__text content-color-grey\">V\u0161ichni ubytovan\u00ed host\u00e9 maj\u00ed 25% slevu na vstupy do wellness a na sportovi\u0161t\u011b ve Sport Aren\u011b, kter\u00e1 se nach\u00e1z\u00ed p\u0159\u00edmo v Amenity Resortu Lipno.<\/p>\n<p>* Sleva neplat\u00ed na mas\u00e1\u017ee a bowling<\/p>\n<p>&nbsp;<\/p>\n<p><\/div><\/div><\/div><\/div><div class=\"col-md-6\"><div class=\"hb-image__block\"><img decoding=\"async\" src=\"https:\/\/lipno.amenity.cz\/wp-content\/uploads\/sites\/3\/2019\/09\/wellness.jpg\" alt=\"\" \/><\/div><\/div><\/div><\/div>[\/vc_column][vc_column offset=&#8221;vc_hidden-lg vc_hidden-md&#8221;]<div  class=\"hb-text-block__wrapper style1\"><div class=\"row\"><div class=\"col-md-6\"><div class=\"hb-image__block\"><img decoding=\"async\" src=\"https:\/\/lipno.amenity.cz\/wp-content\/uploads\/sites\/3\/2019\/09\/wellness.jpg\" alt=\"\" \/><\/div><\/div><div class=\"col-md-6\"><div class=\"hb-text_block_content\"><div class=\"hb-text-block___inner_wrapper\"><div class=\"featured-rooms-slider__title title-color-black\">Zv\u00fdhodn\u011bn\u00ed pro ubytovan\u00e9 hosty<\/div><div class=\"featured-rooms-slider__text content-color-grey\">V\u0161ichni ubytovan\u00ed host\u00e9 maj\u00ed 25% slevu na vstupy do wellness a na sportovi\u0161t\u011b ve Sport Aren\u011b, kter\u00e1 se nach\u00e1z\u00ed p\u0159\u00edmo v Amenity Resortu Lipno.<\/p>\n<p>* Sleva neplat\u00ed na mas\u00e1\u017ee a bowling<\/p>\n<p><\/div><\/div><\/div><\/div><\/div><\/div>[\/vc_column][\/vc_row]<\/p>\n<\/div>","protected":false},"excerpt":{"rendered":"<p>[vc_row full_width=&#8221;stretch_row_content_no_spaces&#8221;][vc_column offset=&#8221;vc_hidden-sm vc_hidden-xs&#8221;][\/vc_column][vc_column offset=&#8221;vc_hidden-lg vc_hidden-md&#8221;][vc_single_image image=&#8221;3094&#8243; img_size=&#8221;full&#8221;][\/vc_column][\/vc_row][vc_row full_width=&#8221;stretch_row_content_no_spaces&#8221; css=&#8221;.vc_custom_1566336256551{background-color: #c7b39a !important;}&#8221;][vc_column][\/vc_column][\/vc_row][vc_row full_width=&#8221;stretch_row_content_no_spaces&#8221; css=&#8221;.vc_custom_1566336266954{background-color: #c7b39a !important;}&#8221;][vc_column width=&#8221;1\/4&#8243; css=&#8221;.vc_custom_1566768630642{padding-left: 100px !important;}&#8221;][\/vc_column][vc_column width=&#8221;1\/4&#8243; css=&#8221;.vc_custom_1566768637811{padding-left: 100px !important;}&#8221;][\/vc_column][vc_column width=&#8221;1\/4&#8243; css=&#8221;.vc_custom_1566768647974{padding-left: 100px !important;}&#8221;][\/vc_column][vc_column width=&#8221;1\/4&#8243; css=&#8221;.vc_custom_1566768653962{padding-left:<\/p>\n","protected":false},"author":2,"featured_media":0,"parent":0,"menu_order":0,"comment_status":"closed","ping_status":"closed","template":"","meta":{"footnotes":""},"class_list":["post-4324","page","type-page","status-publish","hentry"],"yoast_head":"<!-- This site is optimized with the Yoast SEO Premium plugin v27.3 (Yoast SEO v27.3) - https:\/\/yoast.com\/product\/yoast-seo-premium-wordpress\/ -->\n<title>News - Amenity resort Lipno nad Vltavou<\/title>\n<meta name=\"description\" content=\"Novinky, aktuality a p\u0159ipravovan\u00e9 akce. Sledujte na\u0161e novinky z na\u0161eho Amenity resortu na Lipn\u011b.\" \/>\n<meta name=\"robots\" content=\"index, follow, max-snippet:-1, max-image-preview:large, max-video-preview:-1\" \/>\n<link rel=\"canonical\" href=\"https:\/\/lipno.amenity.cz\/en\/news\/\" \/>\n<meta property=\"og:locale\" content=\"en_US\" \/>\n<meta property=\"og:type\" content=\"article\" \/>\n<meta property=\"og:title\" content=\"News\" \/>\n<meta property=\"og:description\" content=\"Novinky, aktuality a p\u0159ipravovan\u00e9 akce. Sledujte na\u0161e novinky z na\u0161eho Amenity resortu na Lipn\u011b.\" \/>\n<meta property=\"og:url\" content=\"https:\/\/lipno.amenity.cz\/en\/news\/\" \/>\n<meta property=\"og:site_name\" content=\"Amenity Hotel &amp; Resort Lipno\" \/>\n<meta property=\"article:publisher\" content=\"https:\/\/www.facebook.com\/amenityresorts\/\" \/>\n<meta property=\"article:modified_time\" content=\"2019-10-28T13:53:45+00:00\" \/>\n<meta property=\"og:image\" content=\"http:\/\/lipno.amenity.cz\/wp-content\/uploads\/sites\/3\/2019\/08\/logo-Amenity-25x25.png\" \/>\n<meta name=\"twitter:card\" content=\"summary_large_image\" \/>\n<meta name=\"twitter:label1\" content=\"Est. reading time\" \/>\n\t<meta name=\"twitter:data1\" content=\"3 minutes\" \/>\n<script type=\"application\/ld+json\" class=\"yoast-schema-graph\">{\"@context\":\"https:\\\/\\\/schema.org\",\"@graph\":[{\"@type\":\"WebPage\",\"@id\":\"https:\\\/\\\/lipno.amenity.cz\\\/en\\\/news\\\/\",\"url\":\"https:\\\/\\\/lipno.amenity.cz\\\/en\\\/news\\\/\",\"name\":\"News - Amenity resort Lipno nad Vltavou\",\"isPartOf\":{\"@id\":\"https:\\\/\\\/lipno.amenity.cz\\\/en\\\/#website\"},\"primaryImageOfPage\":{\"@id\":\"https:\\\/\\\/lipno.amenity.cz\\\/en\\\/news\\\/#primaryimage\"},\"image\":{\"@id\":\"https:\\\/\\\/lipno.amenity.cz\\\/en\\\/news\\\/#primaryimage\"},\"thumbnailUrl\":\"http:\\\/\\\/lipno.amenity.cz\\\/wp-content\\\/uploads\\\/sites\\\/3\\\/2019\\\/08\\\/logo-Amenity-25x25.png\",\"datePublished\":\"2019-10-28T13:53:44+00:00\",\"dateModified\":\"2019-10-28T13:53:45+00:00\",\"description\":\"Novinky, aktuality a p\u0159ipravovan\u00e9 akce. Sledujte na\u0161e novinky z na\u0161eho Amenity resortu na Lipn\u011b.\",\"breadcrumb\":{\"@id\":\"https:\\\/\\\/lipno.amenity.cz\\\/en\\\/news\\\/#breadcrumb\"},\"inLanguage\":\"en-US\",\"potentialAction\":[{\"@type\":\"ReadAction\",\"target\":[\"https:\\\/\\\/lipno.amenity.cz\\\/en\\\/news\\\/\"]}]},{\"@type\":\"ImageObject\",\"inLanguage\":\"en-US\",\"@id\":\"https:\\\/\\\/lipno.amenity.cz\\\/en\\\/news\\\/#primaryimage\",\"url\":\"http:\\\/\\\/lipno.amenity.cz\\\/wp-content\\\/uploads\\\/sites\\\/3\\\/2019\\\/08\\\/logo-Amenity-25x25.png\",\"contentUrl\":\"http:\\\/\\\/lipno.amenity.cz\\\/wp-content\\\/uploads\\\/sites\\\/3\\\/2019\\\/08\\\/logo-Amenity-25x25.png\"},{\"@type\":\"BreadcrumbList\",\"@id\":\"https:\\\/\\\/lipno.amenity.cz\\\/en\\\/news\\\/#breadcrumb\",\"itemListElement\":[{\"@type\":\"ListItem\",\"position\":1,\"name\":\"Dom\u016f\",\"item\":\"https:\\\/\\\/lipno.amenity.cz\\\/en\\\/\"},{\"@type\":\"ListItem\",\"position\":2,\"name\":\"News\"}]},{\"@type\":\"WebSite\",\"@id\":\"https:\\\/\\\/lipno.amenity.cz\\\/en\\\/#website\",\"url\":\"https:\\\/\\\/lipno.amenity.cz\\\/en\\\/\",\"name\":\"Amenity Lipno\",\"description\":\"\",\"publisher\":{\"@id\":\"https:\\\/\\\/lipno.amenity.cz\\\/en\\\/#organization\"},\"potentialAction\":[{\"@type\":\"SearchAction\",\"target\":{\"@type\":\"EntryPoint\",\"urlTemplate\":\"https:\\\/\\\/lipno.amenity.cz\\\/en\\\/?s={search_term_string}\"},\"query-input\":{\"@type\":\"PropertyValueSpecification\",\"valueRequired\":true,\"valueName\":\"search_term_string\"}}],\"inLanguage\":\"en-US\"},{\"@type\":\"Organization\",\"@id\":\"https:\\\/\\\/lipno.amenity.cz\\\/en\\\/#organization\",\"name\":\"Amenity Resort Lipno\",\"url\":\"https:\\\/\\\/lipno.amenity.cz\\\/en\\\/\",\"logo\":{\"@type\":\"ImageObject\",\"inLanguage\":\"en-US\",\"@id\":\"https:\\\/\\\/lipno.amenity.cz\\\/en\\\/#\\\/schema\\\/logo\\\/image\\\/\",\"url\":\"http:\\\/\\\/lipno.amenity.cz\\\/wp-content\\\/uploads\\\/sites\\\/3\\\/2020\\\/10\\\/logo-amenity-resort-lipno.svg\",\"contentUrl\":\"http:\\\/\\\/lipno.amenity.cz\\\/wp-content\\\/uploads\\\/sites\\\/3\\\/2020\\\/10\\\/logo-amenity-resort-lipno.svg\",\"width\":689,\"height\":50,\"caption\":\"Amenity Resort Lipno\"},\"image\":{\"@id\":\"https:\\\/\\\/lipno.amenity.cz\\\/en\\\/#\\\/schema\\\/logo\\\/image\\\/\"},\"sameAs\":[\"https:\\\/\\\/www.facebook.com\\\/amenityresorts\\\/\",\"https:\\\/\\\/www.youtube.com\\\/channel\\\/UCVY-yFoyFBR8H0hC1euh7Sw\"]}]}<\/script>\n<!-- \/ Yoast SEO Premium plugin. -->","yoast_head_json":{"title":"News - Amenity resort Lipno nad Vltavou","description":"Novinky, aktuality a p\u0159ipravovan\u00e9 akce. Sledujte na\u0161e novinky z na\u0161eho Amenity resortu na Lipn\u011b.","robots":{"index":"index","follow":"follow","max-snippet":"max-snippet:-1","max-image-preview":"max-image-preview:large","max-video-preview":"max-video-preview:-1"},"canonical":"https:\/\/lipno.amenity.cz\/en\/news\/","og_locale":"en_US","og_type":"article","og_title":"News","og_description":"Novinky, aktuality a p\u0159ipravovan\u00e9 akce. Sledujte na\u0161e novinky z na\u0161eho Amenity resortu na Lipn\u011b.","og_url":"https:\/\/lipno.amenity.cz\/en\/news\/","og_site_name":"Amenity Hotel &amp; Resort Lipno","article_publisher":"https:\/\/www.facebook.com\/amenityresorts\/","article_modified_time":"2019-10-28T13:53:45+00:00","og_image":[{"url":"http:\/\/lipno.amenity.cz\/wp-content\/uploads\/sites\/3\/2019\/08\/logo-Amenity-25x25.png","type":"","width":"","height":""}],"twitter_card":"summary_large_image","twitter_misc":{"Est. reading time":"3 minutes"},"schema":{"@context":"https:\/\/schema.org","@graph":[{"@type":"WebPage","@id":"https:\/\/lipno.amenity.cz\/en\/news\/","url":"https:\/\/lipno.amenity.cz\/en\/news\/","name":"News - Amenity resort Lipno nad Vltavou","isPartOf":{"@id":"https:\/\/lipno.amenity.cz\/en\/#website"},"primaryImageOfPage":{"@id":"https:\/\/lipno.amenity.cz\/en\/news\/#primaryimage"},"image":{"@id":"https:\/\/lipno.amenity.cz\/en\/news\/#primaryimage"},"thumbnailUrl":"http:\/\/lipno.amenity.cz\/wp-content\/uploads\/sites\/3\/2019\/08\/logo-Amenity-25x25.png","datePublished":"2019-10-28T13:53:44+00:00","dateModified":"2019-10-28T13:53:45+00:00","description":"Novinky, aktuality a p\u0159ipravovan\u00e9 akce. Sledujte na\u0161e novinky z na\u0161eho Amenity resortu na Lipn\u011b.","breadcrumb":{"@id":"https:\/\/lipno.amenity.cz\/en\/news\/#breadcrumb"},"inLanguage":"en-US","potentialAction":[{"@type":"ReadAction","target":["https:\/\/lipno.amenity.cz\/en\/news\/"]}]},{"@type":"ImageObject","inLanguage":"en-US","@id":"https:\/\/lipno.amenity.cz\/en\/news\/#primaryimage","url":"http:\/\/lipno.amenity.cz\/wp-content\/uploads\/sites\/3\/2019\/08\/logo-Amenity-25x25.png","contentUrl":"http:\/\/lipno.amenity.cz\/wp-content\/uploads\/sites\/3\/2019\/08\/logo-Amenity-25x25.png"},{"@type":"BreadcrumbList","@id":"https:\/\/lipno.amenity.cz\/en\/news\/#breadcrumb","itemListElement":[{"@type":"ListItem","position":1,"name":"Dom\u016f","item":"https:\/\/lipno.amenity.cz\/en\/"},{"@type":"ListItem","position":2,"name":"News"}]},{"@type":"WebSite","@id":"https:\/\/lipno.amenity.cz\/en\/#website","url":"https:\/\/lipno.amenity.cz\/en\/","name":"Amenity Lipno","description":"","publisher":{"@id":"https:\/\/lipno.amenity.cz\/en\/#organization"},"potentialAction":[{"@type":"SearchAction","target":{"@type":"EntryPoint","urlTemplate":"https:\/\/lipno.amenity.cz\/en\/?s={search_term_string}"},"query-input":{"@type":"PropertyValueSpecification","valueRequired":true,"valueName":"search_term_string"}}],"inLanguage":"en-US"},{"@type":"Organization","@id":"https:\/\/lipno.amenity.cz\/en\/#organization","name":"Amenity Resort Lipno","url":"https:\/\/lipno.amenity.cz\/en\/","logo":{"@type":"ImageObject","inLanguage":"en-US","@id":"https:\/\/lipno.amenity.cz\/en\/#\/schema\/logo\/image\/","url":"http:\/\/lipno.amenity.cz\/wp-content\/uploads\/sites\/3\/2020\/10\/logo-amenity-resort-lipno.svg","contentUrl":"http:\/\/lipno.amenity.cz\/wp-content\/uploads\/sites\/3\/2020\/10\/logo-amenity-resort-lipno.svg","width":689,"height":50,"caption":"Amenity Resort Lipno"},"image":{"@id":"https:\/\/lipno.amenity.cz\/en\/#\/schema\/logo\/image\/"},"sameAs":["https:\/\/www.facebook.com\/amenityresorts\/","https:\/\/www.youtube.com\/channel\/UCVY-yFoyFBR8H0hC1euh7Sw"]}]}},"_links":{"self":[{"href":"https:\/\/lipno.amenity.cz\/en\/wp-json\/wp\/v2\/pages\/4324","targetHints":{"allow":["GET"]}}],"collection":[{"href":"https:\/\/lipno.amenity.cz\/en\/wp-json\/wp\/v2\/pages"}],"about":[{"href":"https:\/\/lipno.amenity.cz\/en\/wp-json\/wp\/v2\/types\/page"}],"author":[{"embeddable":true,"href":"https:\/\/lipno.amenity.cz\/en\/wp-json\/wp\/v2\/users\/2"}],"replies":[{"embeddable":true,"href":"https:\/\/lipno.amenity.cz\/en\/wp-json\/wp\/v2\/comments?post=4324"}],"version-history":[{"count":0,"href":"https:\/\/lipno.amenity.cz\/en\/wp-json\/wp\/v2\/pages\/4324\/revisions"}],"wp:attachment":[{"href":"https:\/\/lipno.amenity.cz\/en\/wp-json\/wp\/v2\/media?parent=4324"}],"curies":[{"name":"wp","href":"https:\/\/api.w.org\/{rel}","templated":true}]}}