{"id":4770,"date":"2019-11-21T13:04:52","date_gmt":"2019-11-21T12:04:52","guid":{"rendered":"http:\/\/lipno.amenity.cz\/?page_id=4770"},"modified":"2024-10-30T14:39:16","modified_gmt":"2024-10-30T13:39:16","slug":"winter-at-lipno","status":"publish","type":"page","link":"https:\/\/lipno.amenity.cz\/en\/winter-at-lipno\/","title":{"rendered":"Winter at Lipno"},"content":{"rendered":"<div class=\"wpb-content-wrapper\"><p>[vc_row full_width=&#8221;stretch_row_content_no_spaces&#8221; content_placement=&#8221;middle&#8221;][vc_column]<div  class=\"empty-space  marg-lg-b20\"><\/div>[\/vc_column][\/vc_row][vc_row full_width=&#8221;stretch_row_content_no_spaces&#8221; content_placement=&#8221;middle&#8221; bg_type=&#8221;bg_color&#8221; css=&#8221;.vc_custom_1726656012534{background-color: #7f5b23 !important;}&#8221; bg_color_value=&#8221;#7f5b23&#8243;][vc_column]<div  class=\"empty-space  marg-lg-b5\"><\/div>[\/vc_column][\/vc_row][vc_row full_width=&#8221;stretch_row_content_no_spaces&#8221; content_placement=&#8221;middle&#8221;][vc_column]<div  class=\"empty-space  marg-lg-b20\"><\/div>[\/vc_column][\/vc_row][vc_row full_width=&#8221;stretch_row_content_no_spaces&#8221; content_placement=&#8221;middle&#8221;][vc_column]<div class=\" ubtn-ctn-center \"><a class=\"ubtn-link ult-adjust-bottom-margin ubtn-center ubtn-large \" href=\"https:\/\/www.secure-hotel-booking.com\/Amenity-Hotel-Resort-Lipno\/J7PX\/en-US?hotelId=23011\" title=\"Booking engine\" ><button type=\"button\" id=\"ubtn-2577\"  class=\"ubtn ult-adjust-bottom-margin ult-responsive ubtn-large ubtn-fade-bg  ulta-grow  ubtn-sep-icon ubtn-sep-icon-top-push  ubtn-center   tooltip-69d96dcab1421 ubtn-tooltip bottom\" data-toggle=\"tooltip\" data-placement=\"bottom\" title=\"Prices and availability\" data-hover=\"#ffffff\" data-border-color=\"\" data-bg=\"#7f5b23\" data-hover-bg=\"#293635\" data-border-hover=\"\" data-shadow-hover=\"\" data-shadow-click=\"none\" data-shadow=\"\" data-shd-shadow=\"\"  data-ultimate-target='#ubtn-2577'  data-responsive-json-new='{\"font-size\":\"\",\"line-height\":\"\"}'  style=\"font-weight:normal;border:none;background: #7f5b23;color: #ffffff;\"><span class=\"ubtn-data ubtn-icon\"><i class=\"Defaults-calendar\" style=\"font-size:32px;color:#ffffff;\"><\/i><\/span><span class=\"ubtn-hover\" style=\"background-color:#293635\"><\/span><span class=\"ubtn-data ubtn-text \" >BOOK<\/span><\/button><\/a><\/div>[\/vc_column][\/vc_row][vc_row full_width=&#8221;stretch_row_content_no_spaces&#8221; content_placement=&#8221;middle&#8221;][vc_column]<div  class=\"empty-space  marg-lg-b10\"><\/div>[\/vc_column][\/vc_row][vc_row full_width=&#8221;stretch_row_content_no_spaces&#8221; content_placement=&#8221;middle&#8221; bg_type=&#8221;bg_color&#8221; css=&#8221;.vc_custom_1726656012534{background-color: #7f5b23 !important;}&#8221; bg_color_value=&#8221;#7f5b23&#8243;][vc_column]<div  class=\"empty-space  marg-lg-b5\"><\/div>[\/vc_column][\/vc_row][vc_row full_width=&#8221;stretch_row_content_no_spaces&#8221; content_placement=&#8221;middle&#8221;][vc_column]<div  class=\"empty-space  marg-lg-b20\"><\/div>[\/vc_column][\/vc_row]<\/p>\n<p>[vc_row][vc_column][\/vc_column][\/vc_row][vc_row][vc_column]<div  class=\"empty-space  marg-lg-b35\"><\/div>[vc_separator color=&#8221;custom&#8221; border_width=&#8221;2&#8243; el_width=&#8221;50&#8243; accent_color=&#8221;#c7b39a&#8221;]<div  class=\"main-heading\"><span class=\"subtitle\"><\/span><h2 class=\"title\">Winter Holidays at Lipno Reservoir<\/h2><\/div><div  class=\"empty-space  marg-lg-b25\"><\/div>[vc_separator color=&#8221;custom&#8221; border_width=&#8221;2&#8243; el_width=&#8221;50&#8243; accent_color=&#8221;#c7b39a&#8221;]<div  class=\"empty-space  marg-lg-b10\"><\/div>[\/vc_column][\/vc_row][vc_row][vc_column][vc_single_image image=&#8221;4891&#8243; img_size=&#8221;75&#215;75&#8243; alignment=&#8221;center&#8221;]<div class=\"text-block \" ><div class=\"simple-text \"><h2 style=\"text-align: center;\">An Ideal Destination for Families with Children<\/h2>\n<hr \/>\n<p>The Lipno Reservoir is definitely not a place that goes into winter hibernation. In fact, the absolute opposite is true. In winter, the area lives for downhill and cross-country skiing, skating on the frozen lake and lots of indoor activities. It may not be the Alps, but an elevation of 725 m and the \u0160umava foothills are ideal for recreational skiing and families with children. Moreover, it is just a stone\u2019s throw away from Austria. And you won\u2019t get bored even if the weather turns poor: there are plenty of indoor activities and relaxation options to choose from.<\/p>\n<\/div><\/div><div  class=\"empty-space  marg-lg-b35\"><\/div>[vc_single_image image=&#8221;4896&#8243; img_size=&#8221;full&#8221; alignment=&#8221;center&#8221;]<div  class=\"empty-space  marg-lg-b25\"><\/div>[vc_single_image image=&#8221;4888&#8243; img_size=&#8221;75&#215;75&#8243; alignment=&#8221;center&#8221;]<div class=\"text-block \" ><div class=\"simple-text \"><h2 style=\"text-align: center;\">Where to Go Skiing<\/h2>\n<hr \/>\n<p>The nearest ski resort is <span style=\"color: #0089c4;\"><a style=\"color: #0089c4;\" href=\"https:\/\/www.lipno.info\/en\/adventures\/lipno-ski-resort.html\" target=\"_blank\" rel=\"noopener noreferrer\">Skiare\u00e1l Lipno<\/a>,<\/span> which offers recreational skiing for adults and children. <span style=\"color: #0089c4;\"><a style=\"color: #0089c4;\" href=\"https:\/\/www.lipno.info\/en\/lipno-ski-resort\/for-children.html\" target=\"_blank\" rel=\"noopener noreferrer\">Fox Park<\/a><\/span> \u2013 with its 120-metre training course, three carpet lifts and fairy-tale slalom \u2013 has been created especially for children. A part of the ski slope is set aside for night sleighing and tobogganing. Races take place on Saturdays and the popular \u201cWelcoming of Guests\u201d takes place on Sundays.<\/p>\n<p>Just a short distance away is <span style=\"color: #0089c4;\"><a style=\"color: #0089c4;\" href=\"https:\/\/www.parkfrymburk.cz\/en\/home-winter\" target=\"_blank\" rel=\"noopener noreferrer\">Skipark Frymburk<\/a><\/span>, a smaller and more family-friendly ski resort. The resort\u2019s main draw is the M\u00e9da Kub\u00edk (Teddy Jake) children\u2019s park with two carpet lifts, ski school and attractions. If your children like cross-country skiing, a track leading to the <a href=\"https:\/\/www.stezkakorunamistromu.cz\/en\/\" target=\"_blank\" rel=\"noopener noreferrer\">Treetop Walkway<\/a> begins at the bottom of the slope. A destination like that will certainly motivate them!<\/p>\n<p>Austrian <span style=\"color: #0089c4;\"><a style=\"color: #0089c4;\" href=\"https:\/\/skisport.com\/Hochficht\/en\" target=\"_blank\" rel=\"noopener noreferrer\">Hochficht<\/a><\/span> is just 50 km from Lipno nad Vltavou, and it really has a way with children. The new Fichtl Kids Park is located just by the resort restaurant with its children\u2019s play area and is easily accessible directly from the main parking lot. Moreover, it has a 185-metre covered moving walkway, providing children and beginner skiers with maximum comfort. More adept skiers will enjoy the undulating slopes and the forest route that hides lots of surprises.<\/p>\n<p>Another Austrian ski resort, <a href=\"https:\/\/www.lipno-sternstein-hochficht.cz\/skiareal-sternstein\">Sternstein<\/a>, is just 30 minutes away from our resort by car. A whole host of downhill slopes, different types of lifts and cross-country ski trails are waiting for you in beautiful Austrian nature. You can take advantage of the \u201c1+1 free\u201d special the whole season if your purchase a ski pass valid from Monday through Thursday. Just present the Grenzgenial guide or Enjoy Lipno \u2013 Grenzgenial mobile app, where you can find the discount coupon.<\/p>\n<\/div><\/div><div  class=\"empty-space  marg-lg-b35\"><\/div>[vc_single_image image=&#8221;4899&#8243; img_size=&#8221;full&#8221; alignment=&#8221;center&#8221;]<div  class=\"empty-space  marg-lg-b25\"><\/div>[vc_single_image image=&#8221;4875&#8243; img_size=&#8221;75&#215;75&#8243; alignment=&#8221;center&#8221;]<div class=\"text-block \" ><div class=\"simple-text \"><h2 style=\"text-align: center;\">Where to Go to Get Your Adrenalin Fix<\/h2>\n<hr \/>\n<p>Do your children like scooters? Then they\u2019ll love ice scooters. They can take a spin on the skating course on the Lipno Reservoir, which is easily accessible right from our resort. Just be careful: ice scooters are much faster than skates, and your children may be out of sight before you round the first corner.<\/p>\n<p>Ice scooters have one other advantage: if there is a bit of snow on the ice or the surface of the skating course is not maintained, the blades can be covered with a rubber slider, transforming the ice scooter into a ski scooter. You can rent them in Frymburk and in Lipno nad Vltavou.<\/p>\n<\/div><\/div><div  class=\"empty-space  marg-lg-b35\"><\/div>[vc_single_image image=&#8221;4905&#8243; img_size=&#8221;full&#8221; alignment=&#8221;center&#8221;]<div  class=\"empty-space  marg-lg-b25\"><\/div>[vc_single_image image=&#8221;4882&#8243; img_size=&#8221;75&#215;75&#8243; alignment=&#8221;center&#8221;]<div class=\"text-block \" ><div class=\"simple-text \"><h2 style=\"text-align: center;\">Where to Go Swimming<\/h2>\n<hr \/>\n<p>The hotel has a heated, 20-meter long, saltwater pool. Unlike chlorinated water, salt water is gentle on the body and good for the skin. Guests of the hotel and Deluxe Houses have free access to the pool until 1:00 p.m.<\/p>\n<p>If your kids do not give a blow without water fun, take them to Aquaworld in Lipno nad Vltavou. They can enjoy a water mushroom, water slide, counter-current swimming pool or relax in the hot tub.<\/p>\n<\/div><\/div><div  class=\"empty-space  marg-lg-b35\"><\/div>[vc_single_image image=&#8221;4902&#8243; img_size=&#8221;full&#8221; alignment=&#8221;center&#8221;]<div  class=\"empty-space  marg-lg-b25\"><\/div>[vc_single_image image=&#8221;4885&#8243; img_size=&#8221;75&#215;75&#8243; alignment=&#8221;center&#8221;]<div class=\"text-block \" ><div class=\"simple-text \"><h2 style=\"text-align: center;\">When the Weather\u2019s Bad<\/h2>\n<hr \/>\n<p>The covered <a href=\"https:\/\/lipno.amenity.cz\/en\/sport-arena\/\"><span style=\"color: #0089c4;\">Sport Arena<\/span><\/a> is a part of our resort. It offers a host of sporting activities: fitness, tennis, golf and a climbing wall. If you prefer to relax and recharge, you can visit our wellness centre, which is one of the biggest in Lipno. At the Blue Lipno restaurant you can taste regional and international dishes and go bowling.<\/p>\n<\/div><\/div><div  class=\"empty-space  marg-lg-b35\"><\/div>[vc_single_image image=&#8221;4908&#8243; img_size=&#8221;full&#8221; alignment=&#8221;center&#8221;]<div  class=\"empty-space  marg-lg-b25\"><\/div>[vc_separator color=&#8221;custom&#8221; border_width=&#8221;2&#8243; el_width=&#8221;50&#8243; accent_color=&#8221;#c7b39a&#8221;]<div class=\"text-block \" ><div class=\"simple-text \"><p style=\"text-align: center;\"><strong>Lipno has long not been just a summer destination. You would be hard pressed to find any other place with so many activities in one location.<\/strong><\/p>\n<\/div><\/div><div  class=\"empty-space  marg-lg-b25\"><\/div>[\/vc_column][\/vc_row]<\/p>\n<\/div>","protected":false},"excerpt":{"rendered":"<p>[vc_row full_width=&#8221;stretch_row_content_no_spaces&#8221; content_placement=&#8221;middle&#8221;][vc_column][\/vc_column][\/vc_row][vc_row full_width=&#8221;stretch_row_content_no_spaces&#8221; content_placement=&#8221;middle&#8221; bg_type=&#8221;bg_color&#8221; css=&#8221;.vc_custom_1726656012534{background-color: #7f5b23 !important;}&#8221; bg_color_value=&#8221;#7f5b23&#8243;][vc_column][\/vc_column][\/vc_row][vc_row full_width=&#8221;stretch_row_content_no_spaces&#8221; content_placement=&#8221;middle&#8221;][vc_column][\/vc_column][\/vc_row][vc_row full_width=&#8221;stretch_row_content_no_spaces&#8221; content_placement=&#8221;middle&#8221;][vc_column][\/vc_column][\/vc_row][vc_row full_width=&#8221;stretch_row_content_no_spaces&#8221; content_placement=&#8221;middle&#8221;][vc_column][\/vc_column][\/vc_row][vc_row full_width=&#8221;stretch_row_content_no_spaces&#8221; content_placement=&#8221;middle&#8221; bg_type=&#8221;bg_color&#8221; css=&#8221;.vc_custom_1726656012534{background-color: #7f5b23 !important;}&#8221; bg_color_value=&#8221;#7f5b23&#8243;][vc_column][\/vc_column][\/vc_row][vc_row full_width=&#8221;stretch_row_content_no_spaces&#8221; content_placement=&#8221;middle&#8221;][vc_column][\/vc_column][\/vc_row] [vc_row][vc_column][\/vc_column][\/vc_row][vc_row][vc_column][vc_separator color=&#8221;custom&#8221; border_width=&#8221;2&#8243; el_width=&#8221;50&#8243; accent_color=&#8221;#c7b39a&#8221;][vc_separator<\/p>\n","protected":false},"author":3,"featured_media":0,"parent":0,"menu_order":0,"comment_status":"closed","ping_status":"closed","template":"","meta":{"footnotes":""},"class_list":["post-4770","page","type-page","status-publish","hentry"],"yoast_head":"<!-- This site is optimized with the Yoast SEO Premium plugin v27.3 (Yoast SEO v27.3) - https:\/\/yoast.com\/product\/yoast-seo-premium-wordpress\/ -->\n<title>Winter at Lipno - Amenity resort Lipno<\/title>\n<meta name=\"description\" content=\"Lipno pat\u0159\u00ed k region\u016fm, kter\u00e9 rozhodn\u011b neus\u00ednaj\u00ed zimn\u00edm sp\u00e1nkem. V zim\u011b se tu \u017eije ly\u017eov\u00e1n\u00edm, b\u011b\u017ekov\u00e1n\u00edm, bruslen\u00edm a spoustou indoor aktivit.\" \/>\n<meta name=\"robots\" content=\"index, follow, max-snippet:-1, max-image-preview:large, max-video-preview:-1\" \/>\n<link rel=\"canonical\" href=\"https:\/\/lipno.amenity.cz\/en\/winter-at-lipno\/\" \/>\n<meta property=\"og:locale\" content=\"en_US\" \/>\n<meta property=\"og:type\" content=\"article\" \/>\n<meta property=\"og:title\" content=\"Winter at Lipno\" \/>\n<meta property=\"og:description\" content=\"Lipno pat\u0159\u00ed k region\u016fm, kter\u00e9 rozhodn\u011b neus\u00ednaj\u00ed zimn\u00edm sp\u00e1nkem. V zim\u011b se tu \u017eije ly\u017eov\u00e1n\u00edm, b\u011b\u017ekov\u00e1n\u00edm, bruslen\u00edm a spoustou indoor aktivit.\" \/>\n<meta property=\"og:url\" content=\"https:\/\/lipno.amenity.cz\/en\/winter-at-lipno\/\" \/>\n<meta property=\"og:site_name\" content=\"Amenity Hotel &amp; Resort Lipno\" \/>\n<meta property=\"article:publisher\" content=\"https:\/\/www.facebook.com\/amenityresorts\/\" \/>\n<meta property=\"article:modified_time\" content=\"2024-10-30T13:39:16+00:00\" \/>\n<meta name=\"twitter:card\" content=\"summary_large_image\" \/>\n<meta name=\"twitter:label1\" content=\"Est. reading time\" \/>\n\t<meta name=\"twitter:data1\" content=\"7 minutes\" \/>\n<script type=\"application\/ld+json\" class=\"yoast-schema-graph\">{\"@context\":\"https:\\\/\\\/schema.org\",\"@graph\":[{\"@type\":\"WebPage\",\"@id\":\"https:\\\/\\\/lipno.amenity.cz\\\/en\\\/winter-at-lipno\\\/\",\"url\":\"https:\\\/\\\/lipno.amenity.cz\\\/en\\\/winter-at-lipno\\\/\",\"name\":\"Winter at Lipno - Amenity resort Lipno\",\"isPartOf\":{\"@id\":\"https:\\\/\\\/lipno.amenity.cz\\\/en\\\/#website\"},\"datePublished\":\"2019-11-21T12:04:52+00:00\",\"dateModified\":\"2024-10-30T13:39:16+00:00\",\"description\":\"Lipno pat\u0159\u00ed k region\u016fm, kter\u00e9 rozhodn\u011b neus\u00ednaj\u00ed zimn\u00edm sp\u00e1nkem. V zim\u011b se tu \u017eije ly\u017eov\u00e1n\u00edm, b\u011b\u017ekov\u00e1n\u00edm, bruslen\u00edm a spoustou indoor aktivit.\",\"breadcrumb\":{\"@id\":\"https:\\\/\\\/lipno.amenity.cz\\\/en\\\/winter-at-lipno\\\/#breadcrumb\"},\"inLanguage\":\"en-US\",\"potentialAction\":[{\"@type\":\"ReadAction\",\"target\":[\"https:\\\/\\\/lipno.amenity.cz\\\/en\\\/winter-at-lipno\\\/\"]}]},{\"@type\":\"BreadcrumbList\",\"@id\":\"https:\\\/\\\/lipno.amenity.cz\\\/en\\\/winter-at-lipno\\\/#breadcrumb\",\"itemListElement\":[{\"@type\":\"ListItem\",\"position\":1,\"name\":\"Dom\u016f\",\"item\":\"https:\\\/\\\/lipno.amenity.cz\\\/en\\\/\"},{\"@type\":\"ListItem\",\"position\":2,\"name\":\"Winter at Lipno\"}]},{\"@type\":\"WebSite\",\"@id\":\"https:\\\/\\\/lipno.amenity.cz\\\/en\\\/#website\",\"url\":\"https:\\\/\\\/lipno.amenity.cz\\\/en\\\/\",\"name\":\"Amenity Lipno\",\"description\":\"\",\"publisher\":{\"@id\":\"https:\\\/\\\/lipno.amenity.cz\\\/en\\\/#organization\"},\"potentialAction\":[{\"@type\":\"SearchAction\",\"target\":{\"@type\":\"EntryPoint\",\"urlTemplate\":\"https:\\\/\\\/lipno.amenity.cz\\\/en\\\/?s={search_term_string}\"},\"query-input\":{\"@type\":\"PropertyValueSpecification\",\"valueRequired\":true,\"valueName\":\"search_term_string\"}}],\"inLanguage\":\"en-US\"},{\"@type\":\"Organization\",\"@id\":\"https:\\\/\\\/lipno.amenity.cz\\\/en\\\/#organization\",\"name\":\"Amenity Resort Lipno\",\"url\":\"https:\\\/\\\/lipno.amenity.cz\\\/en\\\/\",\"logo\":{\"@type\":\"ImageObject\",\"inLanguage\":\"en-US\",\"@id\":\"https:\\\/\\\/lipno.amenity.cz\\\/en\\\/#\\\/schema\\\/logo\\\/image\\\/\",\"url\":\"http:\\\/\\\/lipno.amenity.cz\\\/wp-content\\\/uploads\\\/sites\\\/3\\\/2020\\\/10\\\/logo-amenity-resort-lipno.svg\",\"contentUrl\":\"http:\\\/\\\/lipno.amenity.cz\\\/wp-content\\\/uploads\\\/sites\\\/3\\\/2020\\\/10\\\/logo-amenity-resort-lipno.svg\",\"width\":689,\"height\":50,\"caption\":\"Amenity Resort Lipno\"},\"image\":{\"@id\":\"https:\\\/\\\/lipno.amenity.cz\\\/en\\\/#\\\/schema\\\/logo\\\/image\\\/\"},\"sameAs\":[\"https:\\\/\\\/www.facebook.com\\\/amenityresorts\\\/\",\"https:\\\/\\\/www.youtube.com\\\/channel\\\/UCVY-yFoyFBR8H0hC1euh7Sw\"]}]}<\/script>\n<!-- \/ Yoast SEO Premium plugin. -->","yoast_head_json":{"title":"Winter at Lipno - Amenity resort Lipno","description":"Lipno pat\u0159\u00ed k region\u016fm, kter\u00e9 rozhodn\u011b neus\u00ednaj\u00ed zimn\u00edm sp\u00e1nkem. V zim\u011b se tu \u017eije ly\u017eov\u00e1n\u00edm, b\u011b\u017ekov\u00e1n\u00edm, bruslen\u00edm a spoustou indoor aktivit.","robots":{"index":"index","follow":"follow","max-snippet":"max-snippet:-1","max-image-preview":"max-image-preview:large","max-video-preview":"max-video-preview:-1"},"canonical":"https:\/\/lipno.amenity.cz\/en\/winter-at-lipno\/","og_locale":"en_US","og_type":"article","og_title":"Winter at Lipno","og_description":"Lipno pat\u0159\u00ed k region\u016fm, kter\u00e9 rozhodn\u011b neus\u00ednaj\u00ed zimn\u00edm sp\u00e1nkem. V zim\u011b se tu \u017eije ly\u017eov\u00e1n\u00edm, b\u011b\u017ekov\u00e1n\u00edm, bruslen\u00edm a spoustou indoor aktivit.","og_url":"https:\/\/lipno.amenity.cz\/en\/winter-at-lipno\/","og_site_name":"Amenity Hotel &amp; Resort Lipno","article_publisher":"https:\/\/www.facebook.com\/amenityresorts\/","article_modified_time":"2024-10-30T13:39:16+00:00","twitter_card":"summary_large_image","twitter_misc":{"Est. reading time":"7 minutes"},"schema":{"@context":"https:\/\/schema.org","@graph":[{"@type":"WebPage","@id":"https:\/\/lipno.amenity.cz\/en\/winter-at-lipno\/","url":"https:\/\/lipno.amenity.cz\/en\/winter-at-lipno\/","name":"Winter at Lipno - Amenity resort Lipno","isPartOf":{"@id":"https:\/\/lipno.amenity.cz\/en\/#website"},"datePublished":"2019-11-21T12:04:52+00:00","dateModified":"2024-10-30T13:39:16+00:00","description":"Lipno pat\u0159\u00ed k region\u016fm, kter\u00e9 rozhodn\u011b neus\u00ednaj\u00ed zimn\u00edm sp\u00e1nkem. V zim\u011b se tu \u017eije ly\u017eov\u00e1n\u00edm, b\u011b\u017ekov\u00e1n\u00edm, bruslen\u00edm a spoustou indoor aktivit.","breadcrumb":{"@id":"https:\/\/lipno.amenity.cz\/en\/winter-at-lipno\/#breadcrumb"},"inLanguage":"en-US","potentialAction":[{"@type":"ReadAction","target":["https:\/\/lipno.amenity.cz\/en\/winter-at-lipno\/"]}]},{"@type":"BreadcrumbList","@id":"https:\/\/lipno.amenity.cz\/en\/winter-at-lipno\/#breadcrumb","itemListElement":[{"@type":"ListItem","position":1,"name":"Dom\u016f","item":"https:\/\/lipno.amenity.cz\/en\/"},{"@type":"ListItem","position":2,"name":"Winter at Lipno"}]},{"@type":"WebSite","@id":"https:\/\/lipno.amenity.cz\/en\/#website","url":"https:\/\/lipno.amenity.cz\/en\/","name":"Amenity Lipno","description":"","publisher":{"@id":"https:\/\/lipno.amenity.cz\/en\/#organization"},"potentialAction":[{"@type":"SearchAction","target":{"@type":"EntryPoint","urlTemplate":"https:\/\/lipno.amenity.cz\/en\/?s={search_term_string}"},"query-input":{"@type":"PropertyValueSpecification","valueRequired":true,"valueName":"search_term_string"}}],"inLanguage":"en-US"},{"@type":"Organization","@id":"https:\/\/lipno.amenity.cz\/en\/#organization","name":"Amenity Resort Lipno","url":"https:\/\/lipno.amenity.cz\/en\/","logo":{"@type":"ImageObject","inLanguage":"en-US","@id":"https:\/\/lipno.amenity.cz\/en\/#\/schema\/logo\/image\/","url":"http:\/\/lipno.amenity.cz\/wp-content\/uploads\/sites\/3\/2020\/10\/logo-amenity-resort-lipno.svg","contentUrl":"http:\/\/lipno.amenity.cz\/wp-content\/uploads\/sites\/3\/2020\/10\/logo-amenity-resort-lipno.svg","width":689,"height":50,"caption":"Amenity Resort Lipno"},"image":{"@id":"https:\/\/lipno.amenity.cz\/en\/#\/schema\/logo\/image\/"},"sameAs":["https:\/\/www.facebook.com\/amenityresorts\/","https:\/\/www.youtube.com\/channel\/UCVY-yFoyFBR8H0hC1euh7Sw"]}]}},"_links":{"self":[{"href":"https:\/\/lipno.amenity.cz\/en\/wp-json\/wp\/v2\/pages\/4770","targetHints":{"allow":["GET"]}}],"collection":[{"href":"https:\/\/lipno.amenity.cz\/en\/wp-json\/wp\/v2\/pages"}],"about":[{"href":"https:\/\/lipno.amenity.cz\/en\/wp-json\/wp\/v2\/types\/page"}],"author":[{"embeddable":true,"href":"https:\/\/lipno.amenity.cz\/en\/wp-json\/wp\/v2\/users\/3"}],"replies":[{"embeddable":true,"href":"https:\/\/lipno.amenity.cz\/en\/wp-json\/wp\/v2\/comments?post=4770"}],"version-history":[{"count":2,"href":"https:\/\/lipno.amenity.cz\/en\/wp-json\/wp\/v2\/pages\/4770\/revisions"}],"predecessor-version":[{"id":16109,"href":"https:\/\/lipno.amenity.cz\/en\/wp-json\/wp\/v2\/pages\/4770\/revisions\/16109"}],"wp:attachment":[{"href":"https:\/\/lipno.amenity.cz\/en\/wp-json\/wp\/v2\/media?parent=4770"}],"curies":[{"name":"wp","href":"https:\/\/api.w.org\/{rel}","templated":true}]}}