{"id":8416,"date":"2021-06-01T08:53:32","date_gmt":"2021-06-01T06:53:32","guid":{"rendered":"http:\/\/lipno.amenity.cz\/?page_id=8416"},"modified":"2021-06-01T09:03:31","modified_gmt":"2021-06-01T07:03:31","slug":"professional-fitness-centre","status":"publish","type":"page","link":"https:\/\/lipno.amenity.cz\/en\/professional-fitness-centre\/","title":{"rendered":"professional fitness centre"},"content":{"rendered":"<div class=\"wpb-content-wrapper\"><p>[vc_row full_width=&#8221;stretch_row_content_no_spaces&#8221;][vc_column offset=&#8221;vc_hidden-sm vc_hidden-xs&#8221;][vc_raw_html]JTVCcmV2X3NsaWRlciUyMGFsaWFzJTNEJTIyRC1BS1QtZml0bmVzcyUyMiU1RCU1QiUyRnJldl9zbGlkZXIlNUQ=[\/vc_raw_html][\/vc_column][\/vc_row][vc_row full_width=&#8221;stretch_row_content_no_spaces&#8221;][vc_column offset=&#8221;vc_hidden-lg vc_hidden-md&#8221;][vc_raw_html]JTVCcmV2X3NsaWRlciUyMGFsaWFzJTNEJTIyTS1BS1QtZml0bmVzcyUyMiU1RCU1QiUyRnJldl9zbGlkZXIlNUQ=[\/vc_raw_html][\/vc_column][\/vc_row][vc_row][vc_column]<div  class=\"empty-space  marg-lg-b35\"><\/div>[vc_separator color=&#8221;custom&#8221; border_width=&#8221;2&#8243; el_width=&#8221;50&#8243; accent_color=&#8221;#c7b39a&#8221;]<div class=\"text-block \" ><div class=\"simple-text \"><p style=\"text-align: center;\"><strong>SPORT ARENA LIPNO<\/strong><\/p>\n<h1 style=\"text-align: center;\">PROFESSIONAL FITNESS CENTRE<\/h1>\n<\/div><\/div><div  class=\"empty-space  marg-lg-b35\"><\/div>[vc_separator color=&#8221;custom&#8221; border_width=&#8221;2&#8243; el_width=&#8221;50&#8243; accent_color=&#8221;#c7b39a&#8221;]<div  class=\"empty-space  marg-lg-b25\"><\/div>[\/vc_column][\/vc_row][vc_row][vc_column]<div class=\"text-block \" ><div class=\"simple-text \"><h3 style=\"text-align: center;\">The Amenity Resort Lipno fitness centre will surprise you in many ways, but the view over the Lipno reservoir is spectacular.<\/h3>\n<\/div><\/div><div  class=\"empty-space  marg-lg-b35\"><\/div>[\/vc_column][\/vc_row][vc_row][vc_column width=&#8221;1\/4&#8243;]<div class=\"text-block \" ><div class=\"simple-text \"><p style=\"text-align: center;\"><img loading=\"lazy\" decoding=\"async\" class=\"aligncenter wp-image-7673 size-thumbnail\" src=\"http:\/\/lipno.amenity.cz\/wp-content\/uploads\/sites\/3\/2021\/02\/kardio-zona-150x150.png\" alt=\"\" width=\"150\" height=\"150\" srcset=\"https:\/\/lipno.amenity.cz\/wp-content\/uploads\/sites\/3\/2021\/02\/kardio-zona-150x150.png 150w, https:\/\/lipno.amenity.cz\/wp-content\/uploads\/sites\/3\/2021\/02\/kardio-zona-61x60.png 61w, https:\/\/lipno.amenity.cz\/wp-content\/uploads\/sites\/3\/2021\/02\/kardio-zona.png 251w\" sizes=\"auto, (max-width: 150px) 100vw, 150px\" \/><\/p>\n<p style=\"text-align: center;\">The 124 sqm centre has a cardio zone with top-of-the-line treadmills and stationary bikes.<\/p>\n<\/div><\/div>[\/vc_column][vc_column width=&#8221;1\/4&#8243;]<div class=\"text-block \" ><div class=\"simple-text \"><p style=\"text-align: center;\"><img loading=\"lazy\" decoding=\"async\" class=\"aligncenter wp-image-7670 size-thumbnail\" src=\"http:\/\/lipno.amenity.cz\/wp-content\/uploads\/sites\/3\/2021\/02\/cinkova-zona-150x150.png\" alt=\"\" width=\"150\" height=\"150\" srcset=\"https:\/\/lipno.amenity.cz\/wp-content\/uploads\/sites\/3\/2021\/02\/cinkova-zona-150x150.png 150w, https:\/\/lipno.amenity.cz\/wp-content\/uploads\/sites\/3\/2021\/02\/cinkova-zona-61x60.png 61w, https:\/\/lipno.amenity.cz\/wp-content\/uploads\/sites\/3\/2021\/02\/cinkova-zona.png 251w\" sizes=\"auto, (max-width: 150px) 100vw, 150px\" \/><\/p>\n<p style=\"text-align: center;\">If you are more into weight lifting, there is a gym with weights for basic exercises and 50 kg dumbbells.<\/p>\n<\/div><\/div>[\/vc_column][vc_column width=&#8221;1\/4&#8243;]<div class=\"text-block \" ><div class=\"simple-text \"><p style=\"text-align: center;\"><img loading=\"lazy\" decoding=\"async\" class=\"aligncenter wp-image-7676 size-thumbnail\" src=\"http:\/\/lipno.amenity.cz\/wp-content\/uploads\/sites\/3\/2021\/02\/multifunkcni-fitness-stroj-150x150.png\" alt=\"\" width=\"150\" height=\"150\" srcset=\"https:\/\/lipno.amenity.cz\/wp-content\/uploads\/sites\/3\/2021\/02\/multifunkcni-fitness-stroj-150x150.png 150w, https:\/\/lipno.amenity.cz\/wp-content\/uploads\/sites\/3\/2021\/02\/multifunkcni-fitness-stroj-61x60.png 61w, https:\/\/lipno.amenity.cz\/wp-content\/uploads\/sites\/3\/2021\/02\/multifunkcni-fitness-stroj.png 251w\" sizes=\"auto, (max-width: 150px) 100vw, 150px\" \/><\/p>\n<p style=\"text-align: center;\">There is also a set of top-of-the-line body building machines that you can use to work on all your muscles in isolation. Dominating the room is a multifunctional body building tower with six stations and up to 125 kg of weights.<\/p>\n<\/div><\/div>[\/vc_column][vc_column width=&#8221;1\/4&#8243;]<div class=\"text-block \" ><div class=\"simple-text \"><p><img loading=\"lazy\" decoding=\"async\" class=\"aligncenter wp-image-7679 size-thumbnail\" src=\"http:\/\/lipno.amenity.cz\/wp-content\/uploads\/sites\/3\/2021\/02\/trx-150x150.png\" alt=\"\" width=\"150\" height=\"150\" srcset=\"https:\/\/lipno.amenity.cz\/wp-content\/uploads\/sites\/3\/2021\/02\/trx-150x150.png 150w, https:\/\/lipno.amenity.cz\/wp-content\/uploads\/sites\/3\/2021\/02\/trx-61x60.png 61w, https:\/\/lipno.amenity.cz\/wp-content\/uploads\/sites\/3\/2021\/02\/trx.png 251w\" sizes=\"auto, (max-width: 150px) 100vw, 150px\" \/><\/p>\n<p style=\"text-align: center;\">The fitness also has a functional zone with a large amount of training equipment, such as kettle bells, over balls, gym balls, medicine balls and boxing bags. There is also a special rooms for TRX enthusiasts.<\/p>\n<\/div><\/div>[\/vc_column][\/vc_row][vc_row][vc_column]<div  class=\"empty-space  marg-lg-b35\"><\/div><div class=\"text-block \" ><div class=\"simple-text \"><p style=\"text-align: center;\"><strong>Take a virtual tour or come in person to see for yourself and work out.<\/strong><\/p>\n<\/div><\/div><div  class=\"empty-space  marg-lg-b35\"><\/div>[\/vc_column][\/vc_row][vc_row full_width=&#8221;stretch_row_content_no_spaces&#8221; content_placement=&#8221;middle&#8221;][vc_column offset=&#8221;vc_hidden-sm vc_hidden-xs&#8221;][vc_separator color=&#8221;custom&#8221; border_width=&#8221;2&#8243; el_width=&#8221;50&#8243; accent_color=&#8221;#c7b39a&#8221;]<div class=\"text-block \" ><div class=\"simple-text \"><p style=\"text-align: center;\"><strong>FITNESS CENTRUM LIPNO<\/strong><\/p>\n<h2 style=\"text-align: center;\">Virtual Tour<\/h2>\n<\/div><\/div><div  class=\"empty-space  marg-lg-b35\"><\/div>[vc_separator color=&#8221;custom&#8221; border_width=&#8221;2&#8243; el_width=&#8221;50&#8243; accent_color=&#8221;#c7b39a&#8221;]<div  class=\"empty-space  marg-lg-b25\"><\/div>[vc_raw_html]JTNDaWZyYW1lJTIwd2lkdGglM0QlMjcxMDAlMjUlMjclMjBoZWlnaHQlM0QlMjc2MzBweCUyNyUyMHNyYyUzRCUyN2h0dHBzJTNBJTJGJTJGbXkubWF0dGVycG9ydC5jb20lMkZzaG93JTJGJTNGbSUzRHR2Und1aXdBUlhqJTI3JTIwZnJhbWVib3JkZXIlM0QlMjcwJTI3JTIwYWxsb3dmdWxsc2NyZWVuJTIwYWxsb3clM0QlMjd4ci1zcGF0aWFsLXRyYWNraW5nJTI3JTNFJTNDJTJGaWZyYW1lJTNF[\/vc_raw_html][\/vc_column][\/vc_row][vc_row full_width=&#8221;stretch_row_content_no_spaces&#8221; content_placement=&#8221;middle&#8221;][vc_column offset=&#8221;vc_hidden-lg vc_hidden-md&#8221;][vc_separator color=&#8221;custom&#8221; border_width=&#8221;2&#8243; el_width=&#8221;50&#8243; accent_color=&#8221;#c7b39a&#8221;]<div class=\"text-block \" ><div class=\"simple-text \"><p style=\"text-align: center;\"><strong>FITNESS CENTRUM LIPNO<\/strong><\/p>\n<h2 style=\"text-align: center;\">Virtu\u00e1ln\u00ed prohl\u00eddka<\/h2>\n<\/div><\/div><div  class=\"empty-space  marg-lg-b35\"><\/div>[vc_separator color=&#8221;custom&#8221; border_width=&#8221;2&#8243; el_width=&#8221;50&#8243; accent_color=&#8221;#c7b39a&#8221;]<div  class=\"empty-space  marg-lg-b25\"><\/div>[vc_raw_html]JTNDaWZyYW1lJTIwd2lkdGglM0QlMjcxMDAlMjUlMjclMjBoZWlnaHQlM0QlMjcxMDAlMjUlMjclMjBzcmMlM0QlMjdodHRwcyUzQSUyRiUyRm15Lm1hdHRlcnBvcnQuY29tJTJGc2hvdyUyRiUzRm0lM0R0dlJ3dWl3QVJYaiUyNyUyMGZyYW1lYm9yZGVyJTNEJTI3MCUyNyUyMGFsbG93ZnVsbHNjcmVlbiUyMGFsbG93JTNEJTI3eHItc3BhdGlhbC10cmFja2luZyUyNyUzRSUzQyUyRmlmcmFtZSUzRQ==[\/vc_raw_html][\/vc_column][\/vc_row][vc_row][vc_column]<div  class=\"empty-space  marg-lg-b35\"><\/div>[vc_separator color=&#8221;custom&#8221; border_width=&#8221;2&#8243; el_width=&#8221;50&#8243; accent_color=&#8221;#c7b39a&#8221;]<div class=\"text-block \" ><div class=\"simple-text \"><p style=\"text-align: center;\"><strong>PROFESSIONAL FITNESS MACHINES<\/strong><\/p>\n<h2 style=\"text-align: center;\">Catalog of exercise machines and fitness accessories<\/h2>\n<\/div><\/div><div  class=\"empty-space  marg-lg-b35\"><\/div>[vc_separator color=&#8221;custom&#8221; border_width=&#8221;2&#8243; el_width=&#8221;50&#8243; accent_color=&#8221;#c7b39a&#8221;]<div  class=\"empty-space  marg-lg-b25\"><\/div>[\/vc_column][\/vc_row][vc_row full_width=&#8221;stretch_row_content_no_spaces&#8221; content_placement=&#8221;middle&#8221;][vc_column offset=&#8221;vc_hidden-sm vc_hidden-xs&#8221;][vc_raw_html]JTVCcmV2X3NsaWRlciUyMGFsaWFzJTNEJTIyRC1BS1QtZ2FsZXJpZS1maXRuZXNzJTIyJTVEJTVCJTJGcmV2X3NsaWRlciU1RA==[\/vc_raw_html][\/vc_column][\/vc_row][vc_row full_width=&#8221;stretch_row_content_no_spaces&#8221;][vc_column offset=&#8221;vc_hidden-lg vc_hidden-md&#8221;][vc_raw_html]JTVCcmV2X3NsaWRlciUyMGFsaWFzJTNEJTIyTS1BS1QtZ2FsZXJpZS1maXRuZXNzJTIyJTVEJTVCJTJGcmV2X3NsaWRlciU1RA==[\/vc_raw_html][\/vc_column][\/vc_row][vc_row full_width=&#8221;stretch_row_content_no_spaces&#8221; content_placement=&#8221;middle&#8221;][vc_column offset=&#8221;vc_hidden-lg vc_hidden-md&#8221;][vc_gallery type=&#8221;image_grid&#8221; images=&#8221;7760,7856,7823,7820,7817,7814,7811,7808,7805,7802,7799,7796,7793,7790,7787,7784,7781,7778,7775,7772,7769,7766,7763&#8243; img_size=&#8221;full&#8221; onclick=&#8221;&#8221; css=&#8221;.vc_custom_1614178340387{margin-right: 0px !important;margin-left: 0px !important;}&#8221;][\/vc_column][\/vc_row][vc_row disable_element=&#8221;yes&#8221;][vc_column offset=&#8221;vc_hidden-sm vc_hidden-xs&#8221;]<div  class=\"empty-space  marg-lg-b35\"><\/div>[vc_separator color=&#8221;custom&#8221; border_width=&#8221;2&#8243; el_width=&#8221;50&#8243; accent_color=&#8221;#c7b39a&#8221;]<div class=\"text-block \" ><div class=\"simple-text \"><p style=\"text-align: center;\"><strong>NOVINKY<\/strong><\/p>\n<h2 style=\"text-align: center;\">Co dal\u0161\u00edho jsme pro v\u00e1s p\u0159ipravili<\/h2>\n<\/div><\/div><div  class=\"empty-space  marg-lg-b35\"><\/div>[vc_separator color=&#8221;custom&#8221; border_width=&#8221;2&#8243; el_width=&#8221;50&#8243; accent_color=&#8221;#c7b39a&#8221;][\/vc_column][\/vc_row][vc_row full_width=&#8221;stretch_row_content_no_spaces&#8221; disable_element=&#8221;yes&#8221;][vc_column width=&#8221;1\/4&#8243; offset=&#8221;vc_hidden-sm vc_hidden-xs&#8221;]\n<div tabindex=\"0\" id=\"interactive-banner-1-wrap-8785\" class=\"ult-banner-block ult-adjust-bottom-margin ult-bb-more  banner-style01 \"   style=\"\">\n\t<img decoding=\"async\" src=\"https:\/\/lipno.amenity.cz\/wp-content\/uploads\/sites\/3\/2021\/02\/bez-rizika_533x300.jpg\" alt=\"null\">\n\t<p  data-ultimate-target='#interactive-banner-1-wrap-8785 .bb-top-title '  data-responsive-json-new='{\"font-size\":\"\",\"line-height\":\"\"}'  class=\"title-center bb-top-title ult-responsive\" style=\"font-weight:normal;background:#242424;color:#ffffff;transform: none;\">Lorem ipsum<\/p>\n\t<div class=\"mask opaque-background\" style=\"background:#242424;\">\n\t\t<div  data-ultimate-target='#interactive-banner-1-wrap-8785 .bb-description'  data-responsive-json-new='{\"font-size\":\"\",\"line-height\":\"\"}'  class=\"bb-description ult-responsive\" style=\"font-weight:normal;color:#ffffff;\">Et donor sit ame<\/div>\n\t\t<a class=\"bb-link\" href=\"http:\/\/lipno.amenity.cz\/fitness-centrum-lipno\/\" title=\"Fitness centrum Lipno\"  style=\"background:#242424;color:#ffffff;\">ZJISTIT V\u00cdCE<\/a>\n\t<\/div>\n<\/div>[\/vc_column][vc_column width=&#8221;1\/4&#8243;]\n<div tabindex=\"0\" id=\"interactive-banner-1-wrap-2630\" class=\"ult-banner-block ult-adjust-bottom-margin ult-bb-more  banner-style01 \"   style=\"\">\n\t<img decoding=\"async\" src=\"https:\/\/lipno.amenity.cz\/wp-content\/uploads\/sites\/3\/2021\/02\/bez-rizika_533x300.jpg\" alt=\"null\">\n\t<h3  data-ultimate-target='#interactive-banner-1-wrap-2630 .bb-top-title '  data-responsive-json-new='{\"font-size\":\"\",\"line-height\":\"\"}'  class=\"title-center bb-top-title ult-responsive\" style=\"font-weight:normal;background:#242424;color:#ffffff;\">Lorem ipsum<\/h3>\n\t<div class=\"mask opaque-background\" style=\"background:#242424;\">\n\t\t<div  data-ultimate-target='#interactive-banner-1-wrap-2630 .bb-description'  data-responsive-json-new='{\"font-size\":\"\",\"line-height\":\"\"}'  class=\"bb-description ult-responsive\" style=\"font-weight:normal;color:#ffffff;\">Et donor sit ame<\/div>\n\t\t<a class=\"bb-link\" href=\"http:\/\/lipno.amenity.cz\/fitness-centrum-lipno\/\" title=\"Fitness centrum Lipno\"  style=\"background:#242424;color:#ffffff;\"><\/a>\n\t<\/div>\n<\/div>[\/vc_column][vc_column width=&#8221;1\/4&#8243;]\n<div tabindex=\"0\" id=\"interactive-banner-1-wrap-1122\" class=\"ult-banner-block ult-adjust-bottom-margin ult-bb-more  banner-style01 \"   style=\"\">\n\t<img decoding=\"async\" src=\"https:\/\/lipno.amenity.cz\/wp-content\/uploads\/sites\/3\/2021\/02\/bez-rizika_533x300.jpg\" alt=\"null\">\n\t<h3  data-ultimate-target='#interactive-banner-1-wrap-1122 .bb-top-title '  data-responsive-json-new='{\"font-size\":\"\",\"line-height\":\"\"}'  class=\"title-center bb-top-title ult-responsive\" style=\"font-weight:normal;background:#242424;color:#ffffff;\">Lorem ipsum<\/h3>\n\t<div class=\"mask opaque-background\" style=\"background:#242424;\">\n\t\t<div  data-ultimate-target='#interactive-banner-1-wrap-1122 .bb-description'  data-responsive-json-new='{\"font-size\":\"\",\"line-height\":\"\"}'  class=\"bb-description ult-responsive\" style=\"font-weight:normal;color:#ffffff;\">Et donor sit ame<\/div>\n\t\t<a class=\"bb-link\" href=\"http:\/\/lipno.amenity.cz\/fitness-centrum-lipno\/\" title=\"Fitness centrum Lipno\"  style=\"background:#242424;color:#ffffff;\"><\/a>\n\t<\/div>\n<\/div>[\/vc_column][vc_column width=&#8221;1\/4&#8243;]\n<div tabindex=\"0\" id=\"interactive-banner-1-wrap-5062\" class=\"ult-banner-block ult-adjust-bottom-margin ult-bb-more  banner-style01 \"   style=\"\">\n\t<img decoding=\"async\" src=\"https:\/\/lipno.amenity.cz\/wp-content\/uploads\/sites\/3\/2021\/02\/bez-rizika_533x300.jpg\" alt=\"null\">\n\t<h3  data-ultimate-target='#interactive-banner-1-wrap-5062 .bb-top-title '  data-responsive-json-new='{\"font-size\":\"\",\"line-height\":\"\"}'  class=\"title-center bb-top-title ult-responsive\" style=\"font-weight:normal;background:#242424;color:#ffffff;\">Lorem ipsum<\/h3>\n\t<div class=\"mask opaque-background\" style=\"background:#242424;\">\n\t\t<div  data-ultimate-target='#interactive-banner-1-wrap-5062 .bb-description'  data-responsive-json-new='{\"font-size\":\"\",\"line-height\":\"\"}'  class=\"bb-description ult-responsive\" style=\"font-weight:normal;color:#ffffff;\">Et donor sit ame<\/div>\n\t\t<a class=\"bb-link\" href=\"http:\/\/lipno.amenity.cz\/fitness-centrum-lipno\/\" title=\"Fitness centrum Lipno\"  style=\"background:#242424;color:#ffffff;\"><\/a>\n\t<\/div>\n<\/div>[\/vc_column][\/vc_row][vc_row][vc_column offset=&#8221;vc_hidden-sm vc_hidden-xs&#8221;][\/vc_column][\/vc_row]<\/p>\n<\/div>","protected":false},"excerpt":{"rendered":"<p>[vc_row full_width=&#8221;stretch_row_content_no_spaces&#8221;][vc_column offset=&#8221;vc_hidden-sm vc_hidden-xs&#8221;][vc_raw_html]JTVCcmV2X3NsaWRlciUyMGFsaWFzJTNEJTIyRC1BS1QtZml0bmVzcyUyMiU1RCU1QiUyRnJldl9zbGlkZXIlNUQ=[\/vc_raw_html][\/vc_column][\/vc_row][vc_row full_width=&#8221;stretch_row_content_no_spaces&#8221;][vc_column offset=&#8221;vc_hidden-lg vc_hidden-md&#8221;][vc_raw_html]JTVCcmV2X3NsaWRlciUyMGFsaWFzJTNEJTIyTS1BS1QtZml0bmVzcyUyMiU1RCU1QiUyRnJldl9zbGlkZXIlNUQ=[\/vc_raw_html][\/vc_column][\/vc_row][vc_row][vc_column][vc_separator color=&#8221;custom&#8221; border_width=&#8221;2&#8243; el_width=&#8221;50&#8243; accent_color=&#8221;#c7b39a&#8221;][vc_separator color=&#8221;custom&#8221; border_width=&#8221;2&#8243; el_width=&#8221;50&#8243; accent_color=&#8221;#c7b39a&#8221;][\/vc_column][\/vc_row][vc_row][vc_column][\/vc_column][\/vc_row][vc_row][vc_column width=&#8221;1\/4&#8243;][\/vc_column][vc_column width=&#8221;1\/4&#8243;][\/vc_column][vc_column width=&#8221;1\/4&#8243;][\/vc_column][vc_column width=&#8221;1\/4&#8243;][\/vc_column][\/vc_row][vc_row][vc_column][\/vc_column][\/vc_row][vc_row full_width=&#8221;stretch_row_content_no_spaces&#8221; content_placement=&#8221;middle&#8221;][vc_column offset=&#8221;vc_hidden-sm vc_hidden-xs&#8221;][vc_separator color=&#8221;custom&#8221; border_width=&#8221;2&#8243; el_width=&#8221;50&#8243; accent_color=&#8221;#c7b39a&#8221;][vc_separator color=&#8221;custom&#8221; border_width=&#8221;2&#8243; el_width=&#8221;50&#8243;<\/p>\n","protected":false},"author":3,"featured_media":0,"parent":0,"menu_order":0,"comment_status":"closed","ping_status":"closed","template":"","meta":{"footnotes":""},"class_list":["post-8416","page","type-page","status-publish","hentry"],"yoast_head":"<!-- This site is optimized with the Yoast SEO Premium plugin v27.3 (Yoast SEO v27.3) - https:\/\/yoast.com\/product\/yoast-seo-premium-wordpress\/ -->\n<title>Professional Fitness Centre Lipno \u2013 Amenity Hotel &amp; Resort Lipno<\/title>\n<meta name=\"description\" content=\"The Amenity Hotel &amp; Resort Lipno fitness centre will surprise you in many ways, but the view over the Lipno reservoir is spectacular.\" \/>\n<meta name=\"robots\" content=\"index, follow, max-snippet:-1, max-image-preview:large, max-video-preview:-1\" \/>\n<link rel=\"canonical\" href=\"https:\/\/lipno.amenity.cz\/en\/professional-fitness-centre\/\" \/>\n<meta property=\"og:locale\" content=\"en_US\" \/>\n<meta property=\"og:type\" content=\"article\" \/>\n<meta property=\"og:title\" content=\"professional fitness centre\" \/>\n<meta property=\"og:description\" content=\"The Amenity Hotel &amp; Resort Lipno fitness centre will surprise you in many ways, but the view over the Lipno reservoir is spectacular.\" \/>\n<meta property=\"og:url\" content=\"https:\/\/lipno.amenity.cz\/en\/professional-fitness-centre\/\" \/>\n<meta property=\"og:site_name\" content=\"Amenity Hotel &amp; Resort Lipno\" \/>\n<meta property=\"article:publisher\" content=\"https:\/\/www.facebook.com\/amenityresorts\/\" \/>\n<meta property=\"article:modified_time\" content=\"2021-06-01T07:03:31+00:00\" \/>\n<meta property=\"og:image\" content=\"http:\/\/lipno.amenity.cz\/wp-content\/uploads\/sites\/3\/2021\/02\/kardio-zona-150x150.png\" \/>\n<meta name=\"twitter:card\" content=\"summary_large_image\" \/>\n<meta name=\"twitter:label1\" content=\"Est. reading time\" \/>\n\t<meta name=\"twitter:data1\" content=\"3 minutes\" \/>\n<script type=\"application\/ld+json\" class=\"yoast-schema-graph\">{\"@context\":\"https:\\\/\\\/schema.org\",\"@graph\":[{\"@type\":\"WebPage\",\"@id\":\"https:\\\/\\\/lipno.amenity.cz\\\/en\\\/professional-fitness-centre\\\/\",\"url\":\"https:\\\/\\\/lipno.amenity.cz\\\/en\\\/professional-fitness-centre\\\/\",\"name\":\"Professional Fitness Centre Lipno \u2013 Amenity Hotel & Resort Lipno\",\"isPartOf\":{\"@id\":\"https:\\\/\\\/lipno.amenity.cz\\\/en\\\/#website\"},\"primaryImageOfPage\":{\"@id\":\"https:\\\/\\\/lipno.amenity.cz\\\/en\\\/professional-fitness-centre\\\/#primaryimage\"},\"image\":{\"@id\":\"https:\\\/\\\/lipno.amenity.cz\\\/en\\\/professional-fitness-centre\\\/#primaryimage\"},\"thumbnailUrl\":\"http:\\\/\\\/lipno.amenity.cz\\\/wp-content\\\/uploads\\\/sites\\\/3\\\/2021\\\/02\\\/kardio-zona-150x150.png\",\"datePublished\":\"2021-06-01T06:53:32+00:00\",\"dateModified\":\"2021-06-01T07:03:31+00:00\",\"description\":\"The Amenity Hotel & Resort Lipno fitness centre will surprise you in many ways, but the view over the Lipno reservoir is spectacular.\",\"breadcrumb\":{\"@id\":\"https:\\\/\\\/lipno.amenity.cz\\\/en\\\/professional-fitness-centre\\\/#breadcrumb\"},\"inLanguage\":\"en-US\",\"potentialAction\":[{\"@type\":\"ReadAction\",\"target\":[\"https:\\\/\\\/lipno.amenity.cz\\\/en\\\/professional-fitness-centre\\\/\"]}]},{\"@type\":\"ImageObject\",\"inLanguage\":\"en-US\",\"@id\":\"https:\\\/\\\/lipno.amenity.cz\\\/en\\\/professional-fitness-centre\\\/#primaryimage\",\"url\":\"http:\\\/\\\/lipno.amenity.cz\\\/wp-content\\\/uploads\\\/sites\\\/3\\\/2021\\\/02\\\/kardio-zona-150x150.png\",\"contentUrl\":\"http:\\\/\\\/lipno.amenity.cz\\\/wp-content\\\/uploads\\\/sites\\\/3\\\/2021\\\/02\\\/kardio-zona-150x150.png\"},{\"@type\":\"BreadcrumbList\",\"@id\":\"https:\\\/\\\/lipno.amenity.cz\\\/en\\\/professional-fitness-centre\\\/#breadcrumb\",\"itemListElement\":[{\"@type\":\"ListItem\",\"position\":1,\"name\":\"Dom\u016f\",\"item\":\"https:\\\/\\\/lipno.amenity.cz\\\/en\\\/\"},{\"@type\":\"ListItem\",\"position\":2,\"name\":\"professional fitness centre\"}]},{\"@type\":\"WebSite\",\"@id\":\"https:\\\/\\\/lipno.amenity.cz\\\/en\\\/#website\",\"url\":\"https:\\\/\\\/lipno.amenity.cz\\\/en\\\/\",\"name\":\"Amenity Lipno\",\"description\":\"\",\"publisher\":{\"@id\":\"https:\\\/\\\/lipno.amenity.cz\\\/en\\\/#organization\"},\"potentialAction\":[{\"@type\":\"SearchAction\",\"target\":{\"@type\":\"EntryPoint\",\"urlTemplate\":\"https:\\\/\\\/lipno.amenity.cz\\\/en\\\/?s={search_term_string}\"},\"query-input\":{\"@type\":\"PropertyValueSpecification\",\"valueRequired\":true,\"valueName\":\"search_term_string\"}}],\"inLanguage\":\"en-US\"},{\"@type\":\"Organization\",\"@id\":\"https:\\\/\\\/lipno.amenity.cz\\\/en\\\/#organization\",\"name\":\"Amenity Resort Lipno\",\"url\":\"https:\\\/\\\/lipno.amenity.cz\\\/en\\\/\",\"logo\":{\"@type\":\"ImageObject\",\"inLanguage\":\"en-US\",\"@id\":\"https:\\\/\\\/lipno.amenity.cz\\\/en\\\/#\\\/schema\\\/logo\\\/image\\\/\",\"url\":\"http:\\\/\\\/lipno.amenity.cz\\\/wp-content\\\/uploads\\\/sites\\\/3\\\/2020\\\/10\\\/logo-amenity-resort-lipno.svg\",\"contentUrl\":\"http:\\\/\\\/lipno.amenity.cz\\\/wp-content\\\/uploads\\\/sites\\\/3\\\/2020\\\/10\\\/logo-amenity-resort-lipno.svg\",\"width\":689,\"height\":50,\"caption\":\"Amenity Resort Lipno\"},\"image\":{\"@id\":\"https:\\\/\\\/lipno.amenity.cz\\\/en\\\/#\\\/schema\\\/logo\\\/image\\\/\"},\"sameAs\":[\"https:\\\/\\\/www.facebook.com\\\/amenityresorts\\\/\",\"https:\\\/\\\/www.youtube.com\\\/channel\\\/UCVY-yFoyFBR8H0hC1euh7Sw\"]}]}<\/script>\n<!-- \/ Yoast SEO Premium plugin. -->","yoast_head_json":{"title":"Professional Fitness Centre Lipno \u2013 Amenity Hotel & Resort Lipno","description":"The Amenity Hotel & Resort Lipno fitness centre will surprise you in many ways, but the view over the Lipno reservoir is spectacular.","robots":{"index":"index","follow":"follow","max-snippet":"max-snippet:-1","max-image-preview":"max-image-preview:large","max-video-preview":"max-video-preview:-1"},"canonical":"https:\/\/lipno.amenity.cz\/en\/professional-fitness-centre\/","og_locale":"en_US","og_type":"article","og_title":"professional fitness centre","og_description":"The Amenity Hotel & Resort Lipno fitness centre will surprise you in many ways, but the view over the Lipno reservoir is spectacular.","og_url":"https:\/\/lipno.amenity.cz\/en\/professional-fitness-centre\/","og_site_name":"Amenity Hotel &amp; Resort Lipno","article_publisher":"https:\/\/www.facebook.com\/amenityresorts\/","article_modified_time":"2021-06-01T07:03:31+00:00","og_image":[{"url":"http:\/\/lipno.amenity.cz\/wp-content\/uploads\/sites\/3\/2021\/02\/kardio-zona-150x150.png","type":"","width":"","height":""}],"twitter_card":"summary_large_image","twitter_misc":{"Est. reading time":"3 minutes"},"schema":{"@context":"https:\/\/schema.org","@graph":[{"@type":"WebPage","@id":"https:\/\/lipno.amenity.cz\/en\/professional-fitness-centre\/","url":"https:\/\/lipno.amenity.cz\/en\/professional-fitness-centre\/","name":"Professional Fitness Centre Lipno \u2013 Amenity Hotel & Resort Lipno","isPartOf":{"@id":"https:\/\/lipno.amenity.cz\/en\/#website"},"primaryImageOfPage":{"@id":"https:\/\/lipno.amenity.cz\/en\/professional-fitness-centre\/#primaryimage"},"image":{"@id":"https:\/\/lipno.amenity.cz\/en\/professional-fitness-centre\/#primaryimage"},"thumbnailUrl":"http:\/\/lipno.amenity.cz\/wp-content\/uploads\/sites\/3\/2021\/02\/kardio-zona-150x150.png","datePublished":"2021-06-01T06:53:32+00:00","dateModified":"2021-06-01T07:03:31+00:00","description":"The Amenity Hotel & Resort Lipno fitness centre will surprise you in many ways, but the view over the Lipno reservoir is spectacular.","breadcrumb":{"@id":"https:\/\/lipno.amenity.cz\/en\/professional-fitness-centre\/#breadcrumb"},"inLanguage":"en-US","potentialAction":[{"@type":"ReadAction","target":["https:\/\/lipno.amenity.cz\/en\/professional-fitness-centre\/"]}]},{"@type":"ImageObject","inLanguage":"en-US","@id":"https:\/\/lipno.amenity.cz\/en\/professional-fitness-centre\/#primaryimage","url":"http:\/\/lipno.amenity.cz\/wp-content\/uploads\/sites\/3\/2021\/02\/kardio-zona-150x150.png","contentUrl":"http:\/\/lipno.amenity.cz\/wp-content\/uploads\/sites\/3\/2021\/02\/kardio-zona-150x150.png"},{"@type":"BreadcrumbList","@id":"https:\/\/lipno.amenity.cz\/en\/professional-fitness-centre\/#breadcrumb","itemListElement":[{"@type":"ListItem","position":1,"name":"Dom\u016f","item":"https:\/\/lipno.amenity.cz\/en\/"},{"@type":"ListItem","position":2,"name":"professional fitness centre"}]},{"@type":"WebSite","@id":"https:\/\/lipno.amenity.cz\/en\/#website","url":"https:\/\/lipno.amenity.cz\/en\/","name":"Amenity Lipno","description":"","publisher":{"@id":"https:\/\/lipno.amenity.cz\/en\/#organization"},"potentialAction":[{"@type":"SearchAction","target":{"@type":"EntryPoint","urlTemplate":"https:\/\/lipno.amenity.cz\/en\/?s={search_term_string}"},"query-input":{"@type":"PropertyValueSpecification","valueRequired":true,"valueName":"search_term_string"}}],"inLanguage":"en-US"},{"@type":"Organization","@id":"https:\/\/lipno.amenity.cz\/en\/#organization","name":"Amenity Resort Lipno","url":"https:\/\/lipno.amenity.cz\/en\/","logo":{"@type":"ImageObject","inLanguage":"en-US","@id":"https:\/\/lipno.amenity.cz\/en\/#\/schema\/logo\/image\/","url":"http:\/\/lipno.amenity.cz\/wp-content\/uploads\/sites\/3\/2020\/10\/logo-amenity-resort-lipno.svg","contentUrl":"http:\/\/lipno.amenity.cz\/wp-content\/uploads\/sites\/3\/2020\/10\/logo-amenity-resort-lipno.svg","width":689,"height":50,"caption":"Amenity Resort Lipno"},"image":{"@id":"https:\/\/lipno.amenity.cz\/en\/#\/schema\/logo\/image\/"},"sameAs":["https:\/\/www.facebook.com\/amenityresorts\/","https:\/\/www.youtube.com\/channel\/UCVY-yFoyFBR8H0hC1euh7Sw"]}]}},"_links":{"self":[{"href":"https:\/\/lipno.amenity.cz\/en\/wp-json\/wp\/v2\/pages\/8416","targetHints":{"allow":["GET"]}}],"collection":[{"href":"https:\/\/lipno.amenity.cz\/en\/wp-json\/wp\/v2\/pages"}],"about":[{"href":"https:\/\/lipno.amenity.cz\/en\/wp-json\/wp\/v2\/types\/page"}],"author":[{"embeddable":true,"href":"https:\/\/lipno.amenity.cz\/en\/wp-json\/wp\/v2\/users\/3"}],"replies":[{"embeddable":true,"href":"https:\/\/lipno.amenity.cz\/en\/wp-json\/wp\/v2\/comments?post=8416"}],"version-history":[{"count":0,"href":"https:\/\/lipno.amenity.cz\/en\/wp-json\/wp\/v2\/pages\/8416\/revisions"}],"wp:attachment":[{"href":"https:\/\/lipno.amenity.cz\/en\/wp-json\/wp\/v2\/media?parent=8416"}],"curies":[{"name":"wp","href":"https:\/\/api.w.org\/{rel}","templated":true}]}}